{"id":778799,"date":"2025-11-20T00:29:55","date_gmt":"2025-11-19T21:29:55","guid":{"rendered":"https:\/\/roveyayinevi.com.tr\/index.php\/urun\/kapitalizm-2\/"},"modified":"2026-04-15T03:44:11","modified_gmt":"2026-04-15T00:44:11","slug":"kapitalizm-2","status":"publish","type":"product","link":"https:\/\/roveyayinevi.com.tr\/index.php\/urun\/kapitalizm-2\/","title":{"rendered":"Kapitalizm"},"content":{"rendered":"<p>Kapitalizm tam olarak nedir? Bu kelime her zaman bug\u00fcnk\u00fc anlama m\u0131 geliyordu ve zaman i\u00e7inde nas\u0131l bir d\u00f6n\u00fc\u015f\u00fcm ge\u00e7irdi? Bir kavram\u0131n k\u00f6kenini ve tarihini bilmek, g\u00fcn\u00fcm\u00fczdeki siyasi ve iktisadi tart\u0131\u015fmalar\u0131 anlamak i\u00e7in neden \u00f6nemlidir? Siyaset ve d\u00fc\u015f\u00fcnce tarih\u00e7isi Michael Sonenscher, bu temel sorular\u0131n izini s\u00fcrerek kapitalizm kavram\u0131n\u0131n soy k\u00fct\u00fc\u011f\u00fcn\u00fc ara\u015ft\u0131r\u0131yor ve kelimenin ard\u0131ndaki unutulmu\u015f hik\u00e2yeyi g\u00fcn y\u00fcz\u00fcne \u00e7\u0131kar\u0131yor. Sonenscher, analizine kapitalizmden \u00f6nce var olan ve temelini \u201ci\u015f b\u00f6l\u00fcm\u00fc\u201d ilkesinin olu\u015fturdu\u011fu \u201cticari toplum\u201d kavram\u0131yla ba\u015fl\u0131yor. Yazar, bu daha eski kavram\u0131n, k\u00f6kenleri ba\u015flang\u0131\u00e7ta kamu bor\u00e7lar\u0131 ve sava\u015f finansman\u0131 gibi bamba\u015fka meselelere dayanan \u201ckapitalizm\u201d ile zamanla nas\u0131l birle\u015fti\u011fini ve d\u00f6n\u00fc\u015ft\u00fc\u011f\u00fcn\u00fc inceliyor. Kitap, ticari toplum tart\u0131\u015fmalar\u0131n\u0131n, sermaye m\u00fclkiyetini merkeze alan kapitalizm kavram\u0131 taraf\u0131ndan nas\u0131l yutuldu\u011funu ve bu s\u00fcrecin modern iktisadi ve siyasi d\u00fc\u015f\u00fcnceyi nas\u0131l \u015fekillendirdi\u011fini ortaya koyuyor Bu entelekt\u00fcel yolculukta Sonenscher, Adam Smith\u2019ten Karl Marx\u2019a, David Ricardo\u2019dan Louis Blanc ve Louis de Bonald gibi Frans\u0131z d\u00fc\u015f\u00fcn\u00fcrlerine kadar geni\u015f bir d\u00fc\u015f\u00fcnce haritas\u0131n\u0131 okuyucuya sunuyor. Vak\u0131fBank K\u00fclt\u00fcr Yay\u0131nlar\u0131 taraf\u0131ndan Kapitalizm: Bir Kavram\u0131n Hik\u00e2yesi ad\u0131yla \u00e7evirdi\u011fimiz bu kitap, modern d\u00fcnyan\u0131n en temel kavramlar\u0131ndan birinin nas\u0131l olu\u015ftu\u011funu, d\u00f6n\u00fc\u015ft\u00fc\u011f\u00fcn\u00fc ve zamanla farkl\u0131 anlamlar\u0131 nas\u0131l i\u00e7erdi\u011fini aktarmakd\u0131r. <\/p>\n","protected":false},"excerpt":{"rendered":"<p>Kapitalizm tam olarak nedir? Bu kelime her zaman bug\u00fcnk\u00fc anlama m\u0131 geliyordu ve zaman i\u00e7inde nas\u0131l bir d\u00f6n\u00fc\u015f\u00fcm ge\u00e7irdi? Bir kavram\u0131n k\u00f6kenini ve tarihini bilmek, g\u00fcn\u00fcm\u00fczdeki<span class=\"excerpt-hellip\"> [\u2026]<\/span><\/p>\n","protected":false},"featured_media":0,"template":"","meta":{"_monsterinsights_skip_tracking":false,"_monsterinsights_sitenote_active":false,"_monsterinsights_sitenote_note":"","_monsterinsights_sitenote_category":0},"product_brand":[],"product_cat":[13043],"product_tag":[],"class_list":{"0":"post-778799","1":"product","2":"type-product","3":"status-publish","5":"product_cat-ekonomi","6":"pa_cilt-ciltsiz","7":"pa_tur-kitap","8":"pa_yayinevi-vakifbank-kultur-yayinlari","9":"pa_yazar-michael-sonenscher","11":"first","12":"instock","13":"sale","14":"shipping-taxable","15":"purchasable","16":"product-type-simple"},"_links":{"self":[{"href":"https:\/\/roveyayinevi.com.tr\/index.php\/wp-json\/wp\/v2\/product\/778799","targetHints":{"allow":["GET"]}}],"collection":[{"href":"https:\/\/roveyayinevi.com.tr\/index.php\/wp-json\/wp\/v2\/product"}],"about":[{"href":"https:\/\/roveyayinevi.com.tr\/index.php\/wp-json\/wp\/v2\/types\/product"}],"wp:attachment":[{"href":"https:\/\/roveyayinevi.com.tr\/index.php\/wp-json\/wp\/v2\/media?parent=778799"}],"wp:term":[{"taxonomy":"product_brand","embeddable":true,"href":"https:\/\/roveyayinevi.com.tr\/index.php\/wp-json\/wp\/v2\/product_brand?post=778799"},{"taxonomy":"product_cat","embeddable":true,"href":"https:\/\/roveyayinevi.com.tr\/index.php\/wp-json\/wp\/v2\/product_cat?post=778799"},{"taxonomy":"product_tag","embeddable":true,"href":"https:\/\/roveyayinevi.com.tr\/index.php\/wp-json\/wp\/v2\/product_tag?post=778799"}],"curies":[{"name":"wp","href":"https:\/\/api.w.org\/{rel}","templated":true}]}}