{"id":778795,"date":"2025-11-20T00:29:48","date_gmt":"2025-11-19T21:29:48","guid":{"rendered":"https:\/\/roveyayinevi.com.tr\/index.php\/urun\/a-b-c-of-vegetable-gardening\/"},"modified":"2026-04-15T03:44:11","modified_gmt":"2026-04-15T00:44:11","slug":"a-b-c-of-vegetable-gardening","status":"publish","type":"product","link":"https:\/\/roveyayinevi.com.tr\/index.php\/urun\/a-b-c-of-vegetable-gardening\/","title":{"rendered":"A-B-C of Vegetable Gardening"},"content":{"rendered":"<p>\u201cA-B-C of Vegetable Gardening \u201c adl\u0131 kitab\u0131n ilk bask\u0131s\u0131 \u0130ngiltere\u2019de 1916 y\u0131l\u0131nda yap\u0131lm\u0131\u015ft\u0131r. Myrina Yay\u0131nlar\u0131 taraf\u0131ndan T\u00fcrkiye\u2019de t\u0131pk\u0131 bas\u0131m\u0131 ger\u00e7ekle\u015ftirilmi\u015ftir. <\/p>\n","protected":false},"excerpt":{"rendered":"<p>\u201cA-B-C of Vegetable Gardening \u201c adl\u0131 kitab\u0131n ilk bask\u0131s\u0131 \u0130ngiltere\u2019de 1916 y\u0131l\u0131nda yap\u0131lm\u0131\u015ft\u0131r. Myrina Yay\u0131nlar\u0131 taraf\u0131ndan T\u00fcrkiye\u2019de t\u0131pk\u0131 bas\u0131m\u0131 ger\u00e7ekle\u015ftirilmi\u015ftir.<\/p>\n","protected":false},"featured_media":0,"template":"","meta":{"_monsterinsights_skip_tracking":false,"_monsterinsights_sitenote_active":false,"_monsterinsights_sitenote_note":"","_monsterinsights_sitenote_category":0},"product_brand":[],"product_cat":[12573,12566],"product_tag":[],"class_list":{"0":"post-778795","1":"product","2":"type-product","3":"status-publish","5":"product_cat-akademik-kitaplar","6":"product_cat-egitim","7":"pa_cilt-ciltsiz","8":"pa_tur-kitap","9":"pa_yayinevi-myrina-yayinlari","10":"pa_yazar-eben-e-rexford","12":"first","13":"instock","14":"sale","15":"shipping-taxable","16":"purchasable","17":"product-type-simple"},"_links":{"self":[{"href":"https:\/\/roveyayinevi.com.tr\/index.php\/wp-json\/wp\/v2\/product\/778795","targetHints":{"allow":["GET"]}}],"collection":[{"href":"https:\/\/roveyayinevi.com.tr\/index.php\/wp-json\/wp\/v2\/product"}],"about":[{"href":"https:\/\/roveyayinevi.com.tr\/index.php\/wp-json\/wp\/v2\/types\/product"}],"wp:attachment":[{"href":"https:\/\/roveyayinevi.com.tr\/index.php\/wp-json\/wp\/v2\/media?parent=778795"}],"wp:term":[{"taxonomy":"product_brand","embeddable":true,"href":"https:\/\/roveyayinevi.com.tr\/index.php\/wp-json\/wp\/v2\/product_brand?post=778795"},{"taxonomy":"product_cat","embeddable":true,"href":"https:\/\/roveyayinevi.com.tr\/index.php\/wp-json\/wp\/v2\/product_cat?post=778795"},{"taxonomy":"product_tag","embeddable":true,"href":"https:\/\/roveyayinevi.com.tr\/index.php\/wp-json\/wp\/v2\/product_tag?post=778795"}],"curies":[{"name":"wp","href":"https:\/\/api.w.org\/{rel}","templated":true}]}}