{"id":778786,"date":"2025-11-20T00:29:34","date_gmt":"2025-11-19T21:29:34","guid":{"rendered":"https:\/\/roveyayinevi.com.tr\/index.php\/urun\/yonetsel-davranis\/"},"modified":"2026-04-15T03:44:11","modified_gmt":"2026-04-15T00:44:11","slug":"yonetsel-davranis","status":"publish","type":"product","link":"https:\/\/roveyayinevi.com.tr\/index.php\/urun\/yonetsel-davranis\/","title":{"rendered":"Y\u00f6netsel Davran\u0131\u015f"},"content":{"rendered":"<p>Nobel Ekonomi \u00d6d\u00fcll\u00fc Herbert A. Simon, \u00e7\u0131\u011f\u0131r a\u00e7an eserinin bu d\u00f6rd\u00fcnc\u00fc edisyonunda, insan tercihleri ve idar\u00ee karar alma konusundaki \u00f6nc\u00fc teorisini somut \u00f6rg\u00fctsel sorunlara uyguluyor. Simon, kitab\u0131n ilk yay\u0131mlan\u0131\u015f\u0131n\u0131n ellinci y\u0131ld\u00f6n\u00fcm\u00fc an\u0131s\u0131na, insan karar verme s\u00fcrecine dair eskimeyen g\u00f6zlemlerini, \u00f6rg\u00fctsel davran\u0131\u015f\u0131n yeni y\u00f6nlerini ele alan yorumlarla zenginle\u015ftirmi\u015ftir. De\u011fi\u015fen toplumsal de\u011ferlerin ve modern teknolojinin \u00f6rg\u00fctlerin i\u015fleyi\u015fi \u00fczerindeki etkisini inceleyen bu g\u00f6zden ge\u00e7irilmi\u015f edisyonda yer alan yeni fikirler, d\u00fcnya \u00e7ap\u0131nda bir klasik haline gelen bu kitab\u0131 g\u00fcn\u00fcm\u00fczle uyumlu hale getiriyor.   Public Administration Review taraf\u0131ndan \u201cy\u00fczy\u0131l\u0131n kitaplar\u0131ndan biri\u201d olarak say\u0131lan Y\u00f6netsel Davran\u0131\u015f, sosyal bilim d\u00fc\u015f\u00fcncesine dair en etkili eserlerden biri olarak kab\u00fbl edilmekte ve Nobel Komitesi taraf\u0131ndan \u201c\u00e7a\u011f a\u00e7\u0131c\u0131\u201d bir \u00e7al\u0131\u015fma olarak tan\u0131mlanm\u0131\u015ft\u0131r.   Organizasyon ve y\u00f6netim s\u00fcre\u00e7lerinin merkezindeki karar alma mekanizmalar\u0131n\u0131 anlamak isteyen y\u00f6neticiler ve di\u011fer profesyoneller i\u00e7in yaz\u0131lm\u0131\u015f olan bu kitap, ayn\u0131 zamanda i\u015fletme ve y\u00f6netim, ekonomi, sosyoloji, psikoloji, bilgisayar bilimi, kamu y\u00f6netimi ve hukuk \u00f6\u011frencileri i\u00e7in temel bir ba\u015fvuru kayna\u011f\u0131d\u0131r.   <\/p>\n","protected":false},"excerpt":{"rendered":"<p>Nobel Ekonomi \u00d6d\u00fcll\u00fc Herbert A. Simon, \u00e7\u0131\u011f\u0131r a\u00e7an eserinin bu d\u00f6rd\u00fcnc\u00fc edisyonunda, insan tercihleri ve idar\u00ee karar alma konusundaki \u00f6nc\u00fc teorisini somut \u00f6rg\u00fctsel sorunlara uyguluyor. Simon,<span class=\"excerpt-hellip\"> [\u2026]<\/span><\/p>\n","protected":false},"featured_media":0,"template":"","meta":{"_monsterinsights_skip_tracking":false,"_monsterinsights_sitenote_active":false,"_monsterinsights_sitenote_note":"","_monsterinsights_sitenote_category":0},"product_brand":[],"product_cat":[13043,19008],"product_tag":[],"class_list":{"0":"post-778786","1":"product","2":"type-product","3":"status-publish","5":"product_cat-ekonomi","6":"product_cat-yonetim","7":"pa_cilt-ciltsiz","8":"pa_tur-kitap","9":"pa_yayinevi-serbest-kitaplar","10":"pa_yazar-herbert-a-simon","12":"first","13":"instock","14":"sale","15":"shipping-taxable","16":"purchasable","17":"product-type-simple"},"_links":{"self":[{"href":"https:\/\/roveyayinevi.com.tr\/index.php\/wp-json\/wp\/v2\/product\/778786","targetHints":{"allow":["GET"]}}],"collection":[{"href":"https:\/\/roveyayinevi.com.tr\/index.php\/wp-json\/wp\/v2\/product"}],"about":[{"href":"https:\/\/roveyayinevi.com.tr\/index.php\/wp-json\/wp\/v2\/types\/product"}],"wp:attachment":[{"href":"https:\/\/roveyayinevi.com.tr\/index.php\/wp-json\/wp\/v2\/media?parent=778786"}],"wp:term":[{"taxonomy":"product_brand","embeddable":true,"href":"https:\/\/roveyayinevi.com.tr\/index.php\/wp-json\/wp\/v2\/product_brand?post=778786"},{"taxonomy":"product_cat","embeddable":true,"href":"https:\/\/roveyayinevi.com.tr\/index.php\/wp-json\/wp\/v2\/product_cat?post=778786"},{"taxonomy":"product_tag","embeddable":true,"href":"https:\/\/roveyayinevi.com.tr\/index.php\/wp-json\/wp\/v2\/product_tag?post=778786"}],"curies":[{"name":"wp","href":"https:\/\/api.w.org\/{rel}","templated":true}]}}