{"id":778783,"date":"2025-11-20T00:29:28","date_gmt":"2025-11-19T21:29:28","guid":{"rendered":"https:\/\/roveyayinevi.com.tr\/index.php\/urun\/eymen-ile-cimen-boyama-kitabi\/"},"modified":"2025-11-21T12:16:53","modified_gmt":"2025-11-21T09:16:53","slug":"eymen-ile-cimen-boyama-kitabi","status":"publish","type":"product","link":"https:\/\/roveyayinevi.com.tr\/index.php\/urun\/eymen-ile-cimen-boyama-kitabi\/","title":{"rendered":"Eymen ile \u00c7imen Boyama Kitab\u0131"},"content":{"rendered":"<p>TRT \u00c7ocuk\u2019un Sevilen Kahramanlar\u0131 \u201cEymen ile \u00c7imen\u201d Art\u0131k Boyama Kitab\u0131nda!TRT \u00c7ocuk ekranlar\u0131nda milyonlarca \u00e7ocuk taraf\u0131ndan severek izlenen \u201cEymen ile \u00c7imen\u201d \u015fimdi reng\u00e2renk bir d\u00fcnyaya ta\u015f\u0131n\u0131yor! Sayda Yay\u0131nc\u0131l\u0131k taraf\u0131ndan haz\u0131rlanan \u201cEymen ile \u00c7imen Boyama Kitab\u0131\u201d, \u00e7ocuklara hem e\u011flenceli hem \u00f6\u011fretici bir deneyim sunuyor.Hayal G\u00fcc\u00fcyle B\u00fcy\u00fcyen Renkli Bir D\u00fcnya\u00c7ocuklar\u0131n yarat\u0131c\u0131l\u0131klar\u0131n\u0131 geli\u015ftirmeyi, el becerilerini desteklemeyi ve renklerle kendilerini ifade etmelerini ama\u00e7layan bu \u00f6zel boyama kitab\u0131, \u00e7izgi filmdeki tan\u0131d\u0131k sahneler ve karakterlerle dolu. Minikler, Eymen ve \u00c7imen\u2019in do\u011fa sevgisini, dostluklar\u0131n\u0131 ve ke\u015fif dolu maceralar\u0131n\u0131 kendi renkleriyle yeniden canland\u0131r\u0131yor.E\u011flenirken \u00d6\u011freten \u0130\u00e7erikler\u201cEymen ile \u00c7imen Boyama Kitab\u0131\u201d, yaln\u0131zca bir e\u011flence kitab\u0131 de\u011fil; ayn\u0131 zamanda \u00e7ocuklara \u00f6zel tasar\u0131m\u0131 sayesinde \u00e7er\u00e7eveleri, s\u0131n\u0131rlar\u0131, s\u0131n\u0131r i\u00e7inde kalmay\u0131 da \u00f6\u011fretecek bir yap\u0131t. Arkada\u015fl\u0131k, do\u011fa sevgisi, hayvan sevgisi gibi de\u011ferleri g\u00f6rsellerle hat\u0131rlatan bir rehber. Ebeveynlerin \u00e7ocuklar\u0131yla birlikte kaliteli zaman ge\u00e7irebilece\u011fi, g\u00fc\u00e7l\u00fc bir i\u00e7erik. Perforajl\u0131 formatta haz\u0131rlanan sayfalar ile \u00e7ocuklar\u0131m\u0131z hayallerini aktard\u0131\u011f\u0131 t\u00fcm sayfalar\u0131 kitaptan ay\u0131rarak diledi\u011fi yere asabilecek, diledi\u011fi ki\u015fiye hediye edebilecek. Bu da \u00e7ocuklar\u0131m\u0131z\u0131n eme\u011finin ne kadar de\u011ferli oldu\u011funu hat\u0131rlatmak i\u00e7in ebeveynlere sunulan bir ara\u00e7. TRT \u00c7ocuk\u2019tan Ekrandan Kitaba Uzanan Bir MaceraTRT \u00c7ocuk\u2019un sevilen yap\u0131m\u0131 \u201cEymen ile \u00c7imen\u201d, ekran ba\u015far\u0131s\u0131n\u0131 \u015fimdi kitap raflar\u0131na ta\u015f\u0131yor. K\u00fc\u00e7\u00fck okurlar, \u00e7izgi filmle b\u00fcy\u00fcyen sevgilerini bu kez kendi elleriyle renklendiriyor.<\/p>\n","protected":false},"excerpt":{"rendered":"<p>TRT \u00c7ocuk\u2019un Sevilen Kahramanlar\u0131 \u201cEymen ile \u00c7imen\u201d Art\u0131k Boyama Kitab\u0131nda!TRT \u00c7ocuk ekranlar\u0131nda milyonlarca \u00e7ocuk taraf\u0131ndan severek izlenen \u201cEymen ile \u00c7imen\u201d \u015fimdi reng\u00e2renk bir d\u00fcnyaya ta\u015f\u0131n\u0131yor! Sayda<span class=\"excerpt-hellip\"> [\u2026]<\/span><\/p>\n","protected":false},"featured_media":0,"template":"","meta":{"_monsterinsights_skip_tracking":false,"_monsterinsights_sitenote_active":false,"_monsterinsights_sitenote_note":"","_monsterinsights_sitenote_category":0},"product_brand":[],"product_cat":[12644,12274],"product_tag":[],"class_list":{"0":"post-778783","1":"product","2":"type-product","3":"status-publish","5":"product_cat-boyama-kitaplari","6":"product_cat-cocuk-ve-genclik-kitaplari","7":"pa_cilt-ciltsiz","8":"pa_tur-kitap","9":"pa_yayinevi-sayda-yayincilik","10":"pa_yazar-kolektif","12":"first","13":"instock","14":"sale","15":"shipping-taxable","16":"purchasable","17":"product-type-simple"},"_links":{"self":[{"href":"https:\/\/roveyayinevi.com.tr\/index.php\/wp-json\/wp\/v2\/product\/778783","targetHints":{"allow":["GET"]}}],"collection":[{"href":"https:\/\/roveyayinevi.com.tr\/index.php\/wp-json\/wp\/v2\/product"}],"about":[{"href":"https:\/\/roveyayinevi.com.tr\/index.php\/wp-json\/wp\/v2\/types\/product"}],"wp:attachment":[{"href":"https:\/\/roveyayinevi.com.tr\/index.php\/wp-json\/wp\/v2\/media?parent=778783"}],"wp:term":[{"taxonomy":"product_brand","embeddable":true,"href":"https:\/\/roveyayinevi.com.tr\/index.php\/wp-json\/wp\/v2\/product_brand?post=778783"},{"taxonomy":"product_cat","embeddable":true,"href":"https:\/\/roveyayinevi.com.tr\/index.php\/wp-json\/wp\/v2\/product_cat?post=778783"},{"taxonomy":"product_tag","embeddable":true,"href":"https:\/\/roveyayinevi.com.tr\/index.php\/wp-json\/wp\/v2\/product_tag?post=778783"}],"curies":[{"name":"wp","href":"https:\/\/api.w.org\/{rel}","templated":true}]}}