{"id":778779,"date":"2025-11-20T00:29:22","date_gmt":"2025-11-19T21:29:22","guid":{"rendered":"https:\/\/roveyayinevi.com.tr\/index.php\/urun\/iki-yol-kitabi\/"},"modified":"2026-04-15T03:44:10","modified_gmt":"2026-04-15T00:44:10","slug":"iki-yol-kitabi","status":"publish","type":"product","link":"https:\/\/roveyayinevi.com.tr\/index.php\/urun\/iki-yol-kitabi\/","title":{"rendered":"\u0130ki Yol Kitab\u0131"},"content":{"rendered":"<p>Bindi\u011finiz u\u00e7ak yere \u00e7ak\u0131lmak \u00fczereyken akl\u0131n\u0131zdan son ge\u00e7en kim olur?Biricik kocan\u0131z m\u0131 yoksa on be\u015f y\u0131l \u00f6nce ayr\u0131l\u0131p bir daha g\u00f6rmedi\u011finiz ilk a\u015fk\u0131n\u0131z m\u0131?Sahi, hayat yolculu\u011funuzu kurgularken b\u00fct\u00fcn g\u00fc\u00e7 sizde mi san\u0131yorsunuz?Dawn Edelstein&#8217;\u0131n ge\u00e7mi\u015fi u\u00e7aktaki anonsla bir anda de\u011fi\u015fti.\u201cAcil ini\u015fe haz\u0131rlan\u0131n!\u201dHayat\u0131 g\u00f6zlerinin \u00f6n\u00fcnden bir film \u015feridi gibi ge\u00e7ti.\u0130\u015fin tuhaf\u0131, filmin ba\u015frol\u00fcnde kocas\u0131 Brian de\u011fil, \u00fcniversite zaman\u0131nda tutkulu a\u015fk ya\u015fad\u0131\u011f\u0131 Wyatt vard\u0131.Dawn mucizevi \u015fekilde kazadan kurtuldu. \u015eimdi istedi\u011fi her yere gidebilir, u\u00e7ak \u015firketi ne dilerse yerine getirece\u011finin s\u00f6z\u00fcn\u00fc verdi.Gelece\u011finde iki yol var:Bir yanda kocas\u0131 Brian, k\u0131z\u0131 Meret ve onlarca hastas\u0131 Boston\u2019da onu bekliyor.Di\u011fer yanda ise Wyatt M\u0131s\u0131r&#8217;da, antik mezar kaz\u0131lar\u0131nda.Empatinin kalemi Jodi Picoult hayat\u0131m\u0131z boyunca kendimize sormaktan korktu\u011fumuz sorular\u0131 yan\u0131tlamaya giri\u015fiyor, y\u00fcre\u011fimizin g\u00f6t\u00fcrd\u00fc\u011f\u00fc yollar\u0131n haritas\u0131n\u0131 \u00e7iziyor,okurlar\u0131na kadim bilgeli\u011fin anahtar\u0131n\u0131 uzat\u0131yor.\u201c\u0130ki Yol Kitab\u0131 sevdiklerimizle ba\u011flar\u0131m\u0131z\u0131n dayan\u0131kl\u0131l\u0131\u011f\u0131n\u0131 sorguluyor, a\u015fk\u0131n s\u0131n\u0131r tan\u0131mazl\u0131\u011f\u0131n\u0131 tart\u0131\u015f\u0131yor, konu ili\u015fkiler olunca kelep\u00e7elerimizi nas\u0131lpar\u00e7alayabilece\u011fimizi g\u00f6steriyor. Ufkunuzu geni\u015fletecek bir roman!\u201dLibrary Journal\u201cHeyecan verici bir macera. Picoult&#8217;nun romanlar\u0131ndan her zaman \u00f6\u011frenilecek yeni bir \u015feyler var, \u0130ki Yol Kitab\u0131 da istisna de\u011fil&#8230;\u015eu k\u0131sa hayatta nas\u0131l mutlu anlar yaratabilece\u011fimize dair unutulmaz bir destan.&#8221;Associated Press<\/p>\n","protected":false},"excerpt":{"rendered":"<p>Bindi\u011finiz u\u00e7ak yere \u00e7ak\u0131lmak \u00fczereyken akl\u0131n\u0131zdan son ge\u00e7en kim olur?Biricik kocan\u0131z m\u0131 yoksa on be\u015f y\u0131l \u00f6nce ayr\u0131l\u0131p bir daha g\u00f6rmedi\u011finiz ilk a\u015fk\u0131n\u0131z m\u0131?Sahi, hayat yolculu\u011funuzu<span class=\"excerpt-hellip\"> [\u2026]<\/span><\/p>\n","protected":false},"featured_media":0,"template":"","meta":{"_monsterinsights_skip_tracking":false,"_monsterinsights_sitenote_active":false,"_monsterinsights_sitenote_note":"","_monsterinsights_sitenote_category":0},"product_brand":[],"product_cat":[12291,12711],"product_tag":[],"class_list":{"0":"post-778779","1":"product","2":"type-product","3":"status-publish","5":"product_cat-edebiyat","6":"product_cat-roman-oyku","7":"pa_cilt-ciltsiz","8":"pa_tur-kitap","9":"pa_yayinevi-april-yayincilik","10":"pa_yazar-jodi-picoult","12":"first","13":"instock","14":"sale","15":"shipping-taxable","16":"purchasable","17":"product-type-simple"},"_links":{"self":[{"href":"https:\/\/roveyayinevi.com.tr\/index.php\/wp-json\/wp\/v2\/product\/778779","targetHints":{"allow":["GET"]}}],"collection":[{"href":"https:\/\/roveyayinevi.com.tr\/index.php\/wp-json\/wp\/v2\/product"}],"about":[{"href":"https:\/\/roveyayinevi.com.tr\/index.php\/wp-json\/wp\/v2\/types\/product"}],"wp:attachment":[{"href":"https:\/\/roveyayinevi.com.tr\/index.php\/wp-json\/wp\/v2\/media?parent=778779"}],"wp:term":[{"taxonomy":"product_brand","embeddable":true,"href":"https:\/\/roveyayinevi.com.tr\/index.php\/wp-json\/wp\/v2\/product_brand?post=778779"},{"taxonomy":"product_cat","embeddable":true,"href":"https:\/\/roveyayinevi.com.tr\/index.php\/wp-json\/wp\/v2\/product_cat?post=778779"},{"taxonomy":"product_tag","embeddable":true,"href":"https:\/\/roveyayinevi.com.tr\/index.php\/wp-json\/wp\/v2\/product_tag?post=778779"}],"curies":[{"name":"wp","href":"https:\/\/api.w.org\/{rel}","templated":true}]}}