{"id":778778,"date":"2025-11-20T00:29:20","date_gmt":"2025-11-19T21:29:20","guid":{"rendered":"https:\/\/roveyayinevi.com.tr\/index.php\/urun\/tas-devrinde-kadin-suslenme-ve-moda-anlayisi\/"},"modified":"2026-04-15T03:44:10","modified_gmt":"2026-04-15T00:44:10","slug":"tas-devrinde-kadin-suslenme-ve-moda-anlayisi","status":"publish","type":"product","link":"https:\/\/roveyayinevi.com.tr\/index.php\/urun\/tas-devrinde-kadin-suslenme-ve-moda-anlayisi\/","title":{"rendered":"Ta\u015f Devrinde Kad\u0131n: S\u00fcslenme ve Moda Anlay\u0131\u015f\u0131"},"content":{"rendered":"<p>Prof. Dr. Metin \u00d6zbek, bu \u00e7al\u0131\u015fmas\u0131nda tarih\u00f6ncesi insan\u0131n s\u00fcslenme pratiklerini antropolojik ba\u011flamda ele alarak kad\u0131n kimli\u011finin bi\u00e7imlenmesinde s\u00fcslenmenin rol\u00fcn\u00fc \u00e7ok katmanl\u0131 bir perspektifle inceliyor. Ta\u015f Devrinde Kad\u0131n, tak\u0131lar\u0131n hammaddesinden \u00fcretim tekniklerine, beden \u00fczerindeki uygulama bi\u00e7imlerinden simgesel anlamlar\u0131na kadar uzanan bir inceleme sunarken; s\u00fcslenmenin yaln\u0131zca bireysel bir ifade de\u011fil, ayn\u0131 zamanda toplumsal aidiyetin ve bili\u015fsel kapasitenin bir g\u00f6stergesi oldu\u011funu ortaya koyuyor. Kitap, Habilis\u2019ten Erektus\u2019a, Neandertal\u2019den Sapiens\u2019e kadar uzanan insan t\u00fcrleri \u00fczerinden s\u00fcslenme davran\u0131\u015f\u0131n\u0131n izlerini s\u00fcrerken; estetik duygunun evrimsel k\u00f6kenlerini, n\u00f6rofizyolojik temellerini ve k\u00fclt\u00fcrel d\u00f6n\u00fc\u015f\u00fcm\u00fcn\u00fc bilimsel veriler \u0131\u015f\u0131\u011f\u0131nda tart\u0131\u015f\u0131yor. Arkeolojik buluntular, fosil kay\u0131tlar\u0131 ve tarihsel yorumlarla desteklenen bu \u00e7al\u0131\u015fma, s\u00fcslenmenin tarihsel s\u00fcreklili\u011fini ve kad\u0131nla \u00f6zde\u015fle\u015fen y\u00f6n\u00fcn\u00fc disiplinleraras\u0131 bir yakla\u015f\u0131mla ele al\u0131yor.<\/p>\n","protected":false},"excerpt":{"rendered":"<p>Prof. Dr. Metin \u00d6zbek, bu \u00e7al\u0131\u015fmas\u0131nda tarih\u00f6ncesi insan\u0131n s\u00fcslenme pratiklerini antropolojik ba\u011flamda ele alarak kad\u0131n kimli\u011finin bi\u00e7imlenmesinde s\u00fcslenmenin rol\u00fcn\u00fc \u00e7ok katmanl\u0131 bir perspektifle inceliyor. Ta\u015f Devrinde<span class=\"excerpt-hellip\"> [\u2026]<\/span><\/p>\n","protected":false},"featured_media":0,"template":"","meta":{"_monsterinsights_skip_tracking":false,"_monsterinsights_sitenote_active":false,"_monsterinsights_sitenote_note":"","_monsterinsights_sitenote_category":0},"product_brand":[],"product_cat":[13835],"product_tag":[],"class_list":{"0":"post-778778","1":"product","2":"type-product","3":"status-publish","5":"product_cat-cok-satanlar","6":"pa_cilt-ciltsiz","7":"pa_tur-kitap","8":"pa_yayinevi-koyusiyah-kitap","9":"pa_yazar-metin-ozbek","11":"first","12":"instock","13":"sale","14":"shipping-taxable","15":"purchasable","16":"product-type-simple"},"_links":{"self":[{"href":"https:\/\/roveyayinevi.com.tr\/index.php\/wp-json\/wp\/v2\/product\/778778","targetHints":{"allow":["GET"]}}],"collection":[{"href":"https:\/\/roveyayinevi.com.tr\/index.php\/wp-json\/wp\/v2\/product"}],"about":[{"href":"https:\/\/roveyayinevi.com.tr\/index.php\/wp-json\/wp\/v2\/types\/product"}],"wp:attachment":[{"href":"https:\/\/roveyayinevi.com.tr\/index.php\/wp-json\/wp\/v2\/media?parent=778778"}],"wp:term":[{"taxonomy":"product_brand","embeddable":true,"href":"https:\/\/roveyayinevi.com.tr\/index.php\/wp-json\/wp\/v2\/product_brand?post=778778"},{"taxonomy":"product_cat","embeddable":true,"href":"https:\/\/roveyayinevi.com.tr\/index.php\/wp-json\/wp\/v2\/product_cat?post=778778"},{"taxonomy":"product_tag","embeddable":true,"href":"https:\/\/roveyayinevi.com.tr\/index.php\/wp-json\/wp\/v2\/product_tag?post=778778"}],"curies":[{"name":"wp","href":"https:\/\/api.w.org\/{rel}","templated":true}]}}