{"id":778776,"date":"2025-11-20T00:29:18","date_gmt":"2025-11-19T21:29:18","guid":{"rendered":"https:\/\/roveyayinevi.com.tr\/index.php\/urun\/rastgelelik-ve-entropiden-zaman-okuna\/"},"modified":"2026-04-15T03:44:10","modified_gmt":"2026-04-15T00:44:10","slug":"rastgelelik-ve-entropiden-zaman-okuna","status":"publish","type":"product","link":"https:\/\/roveyayinevi.com.tr\/index.php\/urun\/rastgelelik-ve-entropiden-zaman-okuna\/","title":{"rendered":"Rastgelelik ve Entropiden Zaman Okuna"},"content":{"rendered":"<p>Bilim Bug\u00fcn serisinin bu kitab\u0131nda, Zaman\u0131n Oku\u2019nun g\u00fcncel felsefe ve bilim tart\u0131\u015fmalar\u0131nda nas\u0131l bir yeri oldu\u011fu irdelenmektedir. Bunun yan\u0131nda entropi ile g\u00f6r\u00fcn\u00fcr d\u00fczensizlik aras\u0131ndaki ba\u011flant\u0131 ve Zaman Oku\u2019nun d\u00fczenden g\u00f6r\u00fcn\u00fcr d\u00fczensizli\u011fe do\u011fru hizaland\u0131\u011f\u0131 iddias\u0131n\u0131 farkl\u0131 temellendirmeler \u00fczerinden de\u011ferlendirmektedir. Kitap kapsam\u0131nda ayr\u0131ca Zaman Oku i\u00e7in \u00fc\u00e7 farkl\u0131 entropide temellendirme yakla\u015f\u0131m\u0131 tan\u0131mlan\u0131p tart\u0131\u015f\u0131lmaktad\u0131r. Yirminci y\u00fczy\u0131l\u0131n ortas\u0131ndan g\u00fcn\u00fcm\u00fcze kadar entropi ile zaman oku aras\u0131ndaki irtibat\u0131 g\u00fcncel tart\u0131\u015fmalar \u0131\u015f\u0131\u011f\u0131nda de\u011ferlendiren eser, okuyucunun \u201czaman\u201d kavram\u0131 \u00e7er\u00e7evesindeki sorular\u0131na da cevaplar bar\u0131nd\u0131rmaktad\u0131r. <\/p>\n","protected":false},"excerpt":{"rendered":"<p>Bilim Bug\u00fcn serisinin bu kitab\u0131nda, Zaman\u0131n Oku\u2019nun g\u00fcncel felsefe ve bilim tart\u0131\u015fmalar\u0131nda nas\u0131l bir yeri oldu\u011fu irdelenmektedir. Bunun yan\u0131nda entropi ile g\u00f6r\u00fcn\u00fcr d\u00fczensizlik aras\u0131ndaki ba\u011flant\u0131 ve<span class=\"excerpt-hellip\"> [\u2026]<\/span><\/p>\n","protected":false},"featured_media":0,"template":"","meta":{"_monsterinsights_skip_tracking":false,"_monsterinsights_sitenote_active":false,"_monsterinsights_sitenote_note":"","_monsterinsights_sitenote_category":0},"product_brand":[],"product_cat":[13005],"product_tag":[],"class_list":{"0":"post-778776","1":"product","2":"type-product","3":"status-publish","5":"product_cat-bilim-muhendislik","6":"pa_cilt-ciltsiz","7":"pa_tur-kitap","8":"pa_yayinevi-vakifbank-kultur-yayinlari","9":"pa_yazar-lena-zuchowski","11":"first","12":"instock","13":"sale","14":"shipping-taxable","15":"purchasable","16":"product-type-simple"},"_links":{"self":[{"href":"https:\/\/roveyayinevi.com.tr\/index.php\/wp-json\/wp\/v2\/product\/778776","targetHints":{"allow":["GET"]}}],"collection":[{"href":"https:\/\/roveyayinevi.com.tr\/index.php\/wp-json\/wp\/v2\/product"}],"about":[{"href":"https:\/\/roveyayinevi.com.tr\/index.php\/wp-json\/wp\/v2\/types\/product"}],"wp:attachment":[{"href":"https:\/\/roveyayinevi.com.tr\/index.php\/wp-json\/wp\/v2\/media?parent=778776"}],"wp:term":[{"taxonomy":"product_brand","embeddable":true,"href":"https:\/\/roveyayinevi.com.tr\/index.php\/wp-json\/wp\/v2\/product_brand?post=778776"},{"taxonomy":"product_cat","embeddable":true,"href":"https:\/\/roveyayinevi.com.tr\/index.php\/wp-json\/wp\/v2\/product_cat?post=778776"},{"taxonomy":"product_tag","embeddable":true,"href":"https:\/\/roveyayinevi.com.tr\/index.php\/wp-json\/wp\/v2\/product_tag?post=778776"}],"curies":[{"name":"wp","href":"https:\/\/api.w.org\/{rel}","templated":true}]}}