{"id":778775,"date":"2025-11-20T00:29:16","date_gmt":"2025-11-19T21:29:16","guid":{"rendered":"https:\/\/roveyayinevi.com.tr\/index.php\/urun\/pantheon\/"},"modified":"2026-04-15T03:44:10","modified_gmt":"2026-04-15T00:44:10","slug":"pantheon","status":"publish","type":"product","link":"https:\/\/roveyayinevi.com.tr\/index.php\/urun\/pantheon\/","title":{"rendered":"Pantheon"},"content":{"rendered":"<p>\u201cBu kitab\u0131n anlatmak istedi\u011fi bir hik\u00e2ye var. \u00c7o\u011fumuzun hayal g\u00fcc\u00fcn\u00fcn \u00e7ok \u00f6tesinde olan bir d\u00fcnyan\u0131n bizimkine, en az\u0131ndan belirli bir noktada, \u00e7ok benzeyen bir d\u00fcnyaya nas\u0131l d\u00f6n\u00fc\u015ft\u00fc\u011f\u00fcn\u00fcn hik\u00e2yesi. K\u0131saca s\u00f6ylemek gerekirse: \u0130nsanlar\u0131n dinsel rit\u00fcelleri uygulad\u0131\u011f\u0131 bir d\u00fcnya, bireylerin \u00e7e\u015fitli dinlere mensup olabilece\u011fi bir d\u00fcnya h\u00e2line geldi. Bu hik\u00e2ye, \u00f6yle s\u0131radan bir hik\u00e2ye de\u011fil. Burada anlat\u0131lacak olan de\u011fi\u015fimlerin ya\u015fanmas\u0131 ka\u00e7\u0131n\u0131lmaz de\u011fildi, o de\u011fi\u015fimleri kimse tahmin edemezdi. Ayr\u0131ca bunlar geri d\u00f6nd\u00fcr\u00fclemez de de\u011fildi, tam aksine.\u201d Pantheon, Antik Roma dini tarihi konusunda g\u00fcn\u00fcm\u00fcz\u00fcn en sayg\u0131n ve \u00fcretken uzmanlar\u0131ndan biri olan J\u00f6rg R\u00fcpke\u2019nin uzun y\u0131llard\u0131r say\u0131s\u0131z yay\u0131na d\u00f6n\u00fc\u015fen \u00e7ok y\u00f6nl\u00fc ara\u015ft\u0131rmalar\u0131n\u0131n zirve noktalar\u0131ndan biri. R\u00fcpke bu kitapta kadim Akdeniz ve Antik Roma\u2019ya ili\u015fkin, antik metinlerden yaz\u0131tlara ve t\u00fcrl\u00fc arkeolojik buluntuya uzanan \u00e7ok zengin bir malzemeyi \u00e7e\u015fitli k\u00fclt\u00fcr kuramlar\u0131n\u0131n kesi\u015fiminde, \u00f6zellikle de din sosyolojisinin \u201cya\u015fanan din\u201d yakla\u015f\u0131m\u0131 \u00e7er\u00e7evesinde ustal\u0131kla ele al\u0131yor. Bu sa\u011flam ve \u00e7ok y\u00f6nl\u00fc bilimsel bak\u0131\u015f\u0131 da okuyucusuna yer yer tarihsel roman hissi veren olduk\u00e7a s\u00fcr\u00fckleyici bir dil ve anlat\u0131yla sunuyor. <\/p>\n","protected":false},"excerpt":{"rendered":"<p>\u201cBu kitab\u0131n anlatmak istedi\u011fi bir hik\u00e2ye var. \u00c7o\u011fumuzun hayal g\u00fcc\u00fcn\u00fcn \u00e7ok \u00f6tesinde olan bir d\u00fcnyan\u0131n bizimkine, en az\u0131ndan belirli bir noktada, \u00e7ok benzeyen bir d\u00fcnyaya nas\u0131l<span class=\"excerpt-hellip\"> [\u2026]<\/span><\/p>\n","protected":false},"featured_media":0,"template":"","meta":{"_monsterinsights_skip_tracking":false,"_monsterinsights_sitenote_active":false,"_monsterinsights_sitenote_note":"","_monsterinsights_sitenote_category":0},"product_brand":[],"product_cat":[12718,16794],"product_tag":[],"class_list":{"0":"post-778775","1":"product","2":"type-product","3":"status-publish","5":"product_cat-din","6":"product_cat-dinler-tarihi","7":"pa_cilt-ciltsiz","8":"pa_tur-kitap","9":"pa_yayinevi-vakifbank-kultur-yayinlari","10":"pa_yazar-jorg-rupke","12":"first","13":"instock","14":"sale","15":"shipping-taxable","16":"purchasable","17":"product-type-simple"},"_links":{"self":[{"href":"https:\/\/roveyayinevi.com.tr\/index.php\/wp-json\/wp\/v2\/product\/778775","targetHints":{"allow":["GET"]}}],"collection":[{"href":"https:\/\/roveyayinevi.com.tr\/index.php\/wp-json\/wp\/v2\/product"}],"about":[{"href":"https:\/\/roveyayinevi.com.tr\/index.php\/wp-json\/wp\/v2\/types\/product"}],"wp:attachment":[{"href":"https:\/\/roveyayinevi.com.tr\/index.php\/wp-json\/wp\/v2\/media?parent=778775"}],"wp:term":[{"taxonomy":"product_brand","embeddable":true,"href":"https:\/\/roveyayinevi.com.tr\/index.php\/wp-json\/wp\/v2\/product_brand?post=778775"},{"taxonomy":"product_cat","embeddable":true,"href":"https:\/\/roveyayinevi.com.tr\/index.php\/wp-json\/wp\/v2\/product_cat?post=778775"},{"taxonomy":"product_tag","embeddable":true,"href":"https:\/\/roveyayinevi.com.tr\/index.php\/wp-json\/wp\/v2\/product_tag?post=778775"}],"curies":[{"name":"wp","href":"https:\/\/api.w.org\/{rel}","templated":true}]}}