{"id":778771,"date":"2025-11-20T00:29:07","date_gmt":"2025-11-19T21:29:07","guid":{"rendered":"https:\/\/roveyayinevi.com.tr\/index.php\/urun\/istanbulda-suyun-tarihi\/"},"modified":"2026-04-15T03:44:09","modified_gmt":"2026-04-15T00:44:09","slug":"istanbulda-suyun-tarihi","status":"publish","type":"product","link":"https:\/\/roveyayinevi.com.tr\/index.php\/urun\/istanbulda-suyun-tarihi\/","title":{"rendered":"\u0130stanbul\u2019da Suyun Tarihi"},"content":{"rendered":"<p>\u0130stanbul, kuruldu\u011fu y\u0131llarda su s\u0131k\u0131nt\u0131s\u0131n\u0131n ne oldu\u011funu bilmeyen nadir kentlerden biriydi. \u015eehir, Osmanl\u0131 hakimiyetine girmesinden on sekizinci y\u00fczy\u0131l\u0131n ba\u015flar\u0131na dek bu \u201cayr\u0131cal\u0131\u011f\u0131n\u0131\u201d korudu. Yeni bir y\u00fczy\u0131lla ba\u015flayan \u201csorun\u201d giderek a\u011f\u0131rla\u015ft\u0131 ve on dokuzuncu y\u00fczy\u0131l\u0131n sonlar\u0131na do\u011fru \u0130stanbul halk\u0131 i\u00e7ecek su bulamad\u0131; buldu\u011fu sular da \u201ci\u00e7ilmez\u201d raporluydu. \u0130stanbul\u2019un ekonomik ve toplumsal ya\u015fam\u0131nda suyun ne denli \u00f6nem ta\u015f\u0131d\u0131\u011f\u0131 tart\u0131\u015fma g\u00f6t\u00fcrmez bir ger\u00e7ektir. Bizans\u2019tan bu yana \u00e7a\u011fda\u015fl\u0131\u011f\u0131n g\u00f6stergesi say\u0131lan suyun ekonomik g\u00fcc\u00fc d\u00fc\u015f\u00fcn\u00fclmeden \u0130stanbul \u00fczerine yap\u0131lacak bir ara\u015ft\u0131rman\u0131n sa\u011fl\u0131kl\u0131 oldu\u011fu s\u00f6ylenemez. \u015eimdiye dek sergilenen bir\u00e7ok \u00e7al\u0131\u015fmada i\u015fin bu y\u00f6n\u00fc d\u00fc\u015f\u00fcn\u00fclmedi\u011fi i\u00e7in hem \u00e7al\u0131\u015fmalar eksik kalm\u0131\u015f hem de kent tarih\u00e7ili\u011fimiz a\u00e7\u0131s\u0131ndan \u00f6nemli say\u0131labilecek baz\u0131 belgeler ilgisizlik sonucu yok olup gitmi\u015ftir. E\u011fer zaman\u0131nda bu t\u00fcr belgelere ilgi g\u00f6sterilip de\u011ferlendirme yoluna gidilseydi, g\u00fcn\u00fcm\u00fczde kentimizin musluklar\u0131ndan daha bol su, \u0130stanbul \u00fczerine yaz\u0131lm\u0131\u015f kitaplardan da daha ayr\u0131nt\u0131l\u0131 bilgiler akacakt\u0131.<\/p>\n","protected":false},"excerpt":{"rendered":"<p>\u0130stanbul, kuruldu\u011fu y\u0131llarda su s\u0131k\u0131nt\u0131s\u0131n\u0131n ne oldu\u011funu bilmeyen nadir kentlerden biriydi. \u015eehir, Osmanl\u0131 hakimiyetine girmesinden on sekizinci y\u00fczy\u0131l\u0131n ba\u015flar\u0131na dek bu \u201cayr\u0131cal\u0131\u011f\u0131n\u0131\u201d korudu. Yeni bir y\u00fczy\u0131lla<span class=\"excerpt-hellip\"> [\u2026]<\/span><\/p>\n","protected":false},"featured_media":0,"template":"","meta":{"_monsterinsights_skip_tracking":false,"_monsterinsights_sitenote_active":false,"_monsterinsights_sitenote_note":"","_monsterinsights_sitenote_category":0},"product_brand":[],"product_cat":[12304],"product_tag":[],"class_list":{"0":"post-778771","1":"product","2":"type-product","3":"status-publish","5":"product_cat-tarih","6":"pa_cilt-ciltsiz","7":"pa_tur-kitap","8":"pa_yayinevi-efil-yayinevi","9":"pa_yazar-haydar-kazgan-sami-onal","11":"first","12":"instock","13":"sale","14":"shipping-taxable","15":"purchasable","16":"product-type-simple"},"_links":{"self":[{"href":"https:\/\/roveyayinevi.com.tr\/index.php\/wp-json\/wp\/v2\/product\/778771","targetHints":{"allow":["GET"]}}],"collection":[{"href":"https:\/\/roveyayinevi.com.tr\/index.php\/wp-json\/wp\/v2\/product"}],"about":[{"href":"https:\/\/roveyayinevi.com.tr\/index.php\/wp-json\/wp\/v2\/types\/product"}],"wp:attachment":[{"href":"https:\/\/roveyayinevi.com.tr\/index.php\/wp-json\/wp\/v2\/media?parent=778771"}],"wp:term":[{"taxonomy":"product_brand","embeddable":true,"href":"https:\/\/roveyayinevi.com.tr\/index.php\/wp-json\/wp\/v2\/product_brand?post=778771"},{"taxonomy":"product_cat","embeddable":true,"href":"https:\/\/roveyayinevi.com.tr\/index.php\/wp-json\/wp\/v2\/product_cat?post=778771"},{"taxonomy":"product_tag","embeddable":true,"href":"https:\/\/roveyayinevi.com.tr\/index.php\/wp-json\/wp\/v2\/product_tag?post=778771"}],"curies":[{"name":"wp","href":"https:\/\/api.w.org\/{rel}","templated":true}]}}