{"id":778770,"date":"2025-11-20T00:29:05","date_gmt":"2025-11-19T21:29:05","guid":{"rendered":"https:\/\/roveyayinevi.com.tr\/index.php\/urun\/bu-toprak-beni-besler\/"},"modified":"2026-04-15T03:44:09","modified_gmt":"2026-04-15T00:44:09","slug":"bu-toprak-beni-besler","status":"publish","type":"product","link":"https:\/\/roveyayinevi.com.tr\/index.php\/urun\/bu-toprak-beni-besler\/","title":{"rendered":"Bu Toprak Beni Besler"},"content":{"rendered":"<p>Benim an\u0131lar\u0131m, hayat\u0131m\u0131n izledi\u011fi yollar\u0131, kar\u015f\u0131la\u015ft\u0131\u011f\u0131m zorluklar\u0131, kazand\u0131\u011f\u0131m ve kaybetti\u011fim \u015feyleri anlat\u0131yor. 20. y\u00fczy\u0131l\u0131n ortas\u0131nda ya\u015fanan toplumsal de\u011fi\u015fimleri, k\u00f6yde ve \u015fehirde g\u00f6rd\u00fc\u011f\u00fcm d\u00f6n\u00fc\u015f\u00fcmleri, ya\u015fad\u0131\u011f\u0131m ve tan\u0131k oldu\u011fum olaylarla birle\u015ftirerek bu kitab\u0131 yazd\u0131m. Her bir an\u0131, o d\u00f6nemin ruhunu ve insanlar\u0131n\u0131n m\u00fccadelelerini anlat\u0131yor. Bu kitap, sadece benim de\u011fil, bu topraklar\u0131n ortak haf\u0131zas\u0131. Her sat\u0131rda, ge\u00e7mi\u015fin ac\u0131lar\u0131, sevin\u00e7leri, umutlar\u0131 ve hayal k\u0131r\u0131kl\u0131klar\u0131 var. Ama en \u00f6nemlisi, bu kitap gelece\u011fe b\u0131rakmak istedi\u011fim bir miras. Ge\u00e7mi\u015fi, bug\u00fcn\u00fc ve yar\u0131n\u0131 sorgulayan bir bak\u0131\u015f a\u00e7\u0131s\u0131n\u0131n yans\u0131mas\u0131. <\/p>\n","protected":false},"excerpt":{"rendered":"<p>Benim an\u0131lar\u0131m, hayat\u0131m\u0131n izledi\u011fi yollar\u0131, kar\u015f\u0131la\u015ft\u0131\u011f\u0131m zorluklar\u0131, kazand\u0131\u011f\u0131m ve kaybetti\u011fim \u015feyleri anlat\u0131yor. 20. y\u00fczy\u0131l\u0131n ortas\u0131nda ya\u015fanan toplumsal de\u011fi\u015fimleri, k\u00f6yde ve \u015fehirde g\u00f6rd\u00fc\u011f\u00fcm d\u00f6n\u00fc\u015f\u00fcmleri, ya\u015fad\u0131\u011f\u0131m ve tan\u0131k<span class=\"excerpt-hellip\"> [\u2026]<\/span><\/p>\n","protected":false},"featured_media":0,"template":"","meta":{"_monsterinsights_skip_tracking":false,"_monsterinsights_sitenote_active":false,"_monsterinsights_sitenote_note":"","_monsterinsights_sitenote_category":0},"product_brand":[],"product_cat":[13701,12291],"product_tag":[],"class_list":{"0":"post-778770","1":"product","2":"type-product","3":"status-publish","5":"product_cat-ani-mektup-gunluk","6":"product_cat-edebiyat","7":"pa_cilt-ciltsiz","8":"pa_tur-kitap","9":"pa_yayinevi-soncag","10":"pa_yazar-osman-kablan","12":"first","13":"instock","14":"sale","15":"shipping-taxable","16":"purchasable","17":"product-type-simple"},"_links":{"self":[{"href":"https:\/\/roveyayinevi.com.tr\/index.php\/wp-json\/wp\/v2\/product\/778770","targetHints":{"allow":["GET"]}}],"collection":[{"href":"https:\/\/roveyayinevi.com.tr\/index.php\/wp-json\/wp\/v2\/product"}],"about":[{"href":"https:\/\/roveyayinevi.com.tr\/index.php\/wp-json\/wp\/v2\/types\/product"}],"wp:attachment":[{"href":"https:\/\/roveyayinevi.com.tr\/index.php\/wp-json\/wp\/v2\/media?parent=778770"}],"wp:term":[{"taxonomy":"product_brand","embeddable":true,"href":"https:\/\/roveyayinevi.com.tr\/index.php\/wp-json\/wp\/v2\/product_brand?post=778770"},{"taxonomy":"product_cat","embeddable":true,"href":"https:\/\/roveyayinevi.com.tr\/index.php\/wp-json\/wp\/v2\/product_cat?post=778770"},{"taxonomy":"product_tag","embeddable":true,"href":"https:\/\/roveyayinevi.com.tr\/index.php\/wp-json\/wp\/v2\/product_tag?post=778770"}],"curies":[{"name":"wp","href":"https:\/\/api.w.org\/{rel}","templated":true}]}}