{"id":778767,"date":"2025-11-20T00:28:59","date_gmt":"2025-11-19T21:28:59","guid":{"rendered":"https:\/\/roveyayinevi.com.tr\/index.php\/urun\/astromah-2026da-gokyuzunun-gundemi-astroloji-ajandasi\/"},"modified":"2026-04-15T03:44:09","modified_gmt":"2026-04-15T00:44:09","slug":"astromah-2026da-gokyuzunun-gundemi-astroloji-ajandasi","status":"publish","type":"product","link":"https:\/\/roveyayinevi.com.tr\/index.php\/urun\/astromah-2026da-gokyuzunun-gundemi-astroloji-ajandasi\/","title":{"rendered":"AstroMah 2026&#8217;da G\u00f6ky\u00fcz\u00fcn\u00fcn G\u00fcndemi &#8211; Astroloji Ajandas\u0131"},"content":{"rendered":"<p>Zaman bir ill\u00fczyon, G\u00f6ky\u00fcz\u00fc hakikatin taa kendisi, Bu ajanda, sadece g\u00fcnlerini planlaman i\u00e7in de\u011fil, Ruhunla hizalanman, i\u00e7sel rehberli\u011fini ke\u015ffetmen  ve evrenle uyum i\u00e7inde ya\u015faman i\u00e7in b\u00fcy\u00fck bir emekle g\u00fcnbeg\u00fcn tasarland\u0131.   2026&#8217;da sadece zaman\u0131n de\u011fil, Ruhunun da izini s\u00fcr. Hepimiz Y\u0131ld\u0131z Tozu isek Y\u0131ld\u0131zlar sadece yukar\u0131da de\u011fil, Senin i\u00e7in de parl\u0131yor unutma&#8230; <\/p>\n","protected":false},"excerpt":{"rendered":"<p>Zaman bir ill\u00fczyon, G\u00f6ky\u00fcz\u00fc hakikatin taa kendisi, Bu ajanda, sadece g\u00fcnlerini planlaman i\u00e7in de\u011fil, Ruhunla hizalanman, i\u00e7sel rehberli\u011fini ke\u015ffetmen ve evrenle uyum i\u00e7inde ya\u015faman i\u00e7in b\u00fcy\u00fck<span class=\"excerpt-hellip\"> [\u2026]<\/span><\/p>\n","protected":false},"featured_media":0,"template":"","meta":{"_monsterinsights_skip_tracking":false,"_monsterinsights_sitenote_active":false,"_monsterinsights_sitenote_note":"","_monsterinsights_sitenote_category":0},"product_brand":[],"product_cat":[19840,12364],"product_tag":[],"class_list":{"0":"post-778767","1":"product","2":"type-product","3":"status-publish","5":"product_cat-astroloji","6":"product_cat-genel-konular","7":"pa_cilt-ciltsiz","8":"pa_tur-kitap","9":"pa_yayinevi-defne-yayinevi","10":"pa_yazar-mahizer-bilgetecan","12":"first","13":"instock","14":"sale","15":"shipping-taxable","16":"purchasable","17":"product-type-simple"},"_links":{"self":[{"href":"https:\/\/roveyayinevi.com.tr\/index.php\/wp-json\/wp\/v2\/product\/778767","targetHints":{"allow":["GET"]}}],"collection":[{"href":"https:\/\/roveyayinevi.com.tr\/index.php\/wp-json\/wp\/v2\/product"}],"about":[{"href":"https:\/\/roveyayinevi.com.tr\/index.php\/wp-json\/wp\/v2\/types\/product"}],"wp:attachment":[{"href":"https:\/\/roveyayinevi.com.tr\/index.php\/wp-json\/wp\/v2\/media?parent=778767"}],"wp:term":[{"taxonomy":"product_brand","embeddable":true,"href":"https:\/\/roveyayinevi.com.tr\/index.php\/wp-json\/wp\/v2\/product_brand?post=778767"},{"taxonomy":"product_cat","embeddable":true,"href":"https:\/\/roveyayinevi.com.tr\/index.php\/wp-json\/wp\/v2\/product_cat?post=778767"},{"taxonomy":"product_tag","embeddable":true,"href":"https:\/\/roveyayinevi.com.tr\/index.php\/wp-json\/wp\/v2\/product_tag?post=778767"}],"curies":[{"name":"wp","href":"https:\/\/api.w.org\/{rel}","templated":true}]}}