{"id":778765,"date":"2025-11-20T00:28:56","date_gmt":"2025-11-19T21:28:56","guid":{"rendered":"https:\/\/roveyayinevi.com.tr\/index.php\/urun\/agaclar-nasil-dogar\/"},"modified":"2026-04-15T03:44:09","modified_gmt":"2026-04-15T00:44:09","slug":"agaclar-nasil-dogar","status":"publish","type":"product","link":"https:\/\/roveyayinevi.com.tr\/index.php\/urun\/agaclar-nasil-dogar\/","title":{"rendered":"A\u011fa\u00e7lar Nas\u0131l Do\u011far?"},"content":{"rendered":"<p>2024 Bologna Ragazzi \u00d6d\u00fcl\u00fc     K\u00fc\u00e7\u00fck bir \u00e7ocuk ve annesi g\u00fcne\u015f \u0131\u015f\u0131nlar\u0131n\u0131n reng\u00e2renk yapraklar ve a\u011fa\u00e7 g\u00f6vdeleriyle saklamba\u00e7 oynad\u0131\u011f\u0131 yemye\u015fil bir ormanda y\u00fcr\u00fcy\u00fc\u015f yap\u0131yorlar. \u00c7ocuk merakl\u0131, annesine a\u011fa\u00e7lar ve orman hakk\u0131nda sorular soruyor: \u201cA\u011fa\u00e7lar evlenir mi? Okula giderler mi? Yaln\u0131zlar m\u0131?\u201d Anne, \u00e7ocu\u011fun sorular\u0131n\u0131 yan\u0131tlarken hayat ve do\u011fa hakk\u0131nda basit ama duygu dolu bir sohbet ba\u015fl\u0131yor.     Nefes kesici \u00e7izimleriyle bizleri masals\u0131 bir ormanda geziniyormu\u015f gibi hissettiren \u00fcnl\u00fc \u00e7izer Charles Berb\u00e9rian, kendisine \u00e7ocuk edebiyat\u0131n\u0131n en prestijli \u00f6d\u00fcllerinden Bologna Ragazzi\u2019yi kazand\u0131ran A\u011fa\u00e7lar Nas\u0131l Do\u011far?\u2019da hepimizi bir an durup do\u011fa hakk\u0131nda d\u00fc\u015f\u00fcnmeye davet ediyor. <\/p>\n","protected":false},"excerpt":{"rendered":"<p>2024 Bologna Ragazzi \u00d6d\u00fcl\u00fc K\u00fc\u00e7\u00fck bir \u00e7ocuk ve annesi g\u00fcne\u015f \u0131\u015f\u0131nlar\u0131n\u0131n reng\u00e2renk yapraklar ve a\u011fa\u00e7 g\u00f6vdeleriyle saklamba\u00e7 oynad\u0131\u011f\u0131 yemye\u015fil bir ormanda y\u00fcr\u00fcy\u00fc\u015f yap\u0131yorlar. \u00c7ocuk merakl\u0131, annesine<span class=\"excerpt-hellip\"> [\u2026]<\/span><\/p>\n","protected":false},"featured_media":0,"template":"","meta":{"_monsterinsights_skip_tracking":false,"_monsterinsights_sitenote_active":false,"_monsterinsights_sitenote_note":"","_monsterinsights_sitenote_category":0},"product_brand":[],"product_cat":[141304],"product_tag":[],"class_list":{"0":"post-778765","1":"product","2":"type-product","3":"status-publish","5":"product_cat-yeni-cikanlar","6":"pa_cilt-ciltsiz","7":"pa_tur-kitap","8":"pa_yayinevi-domingo-yayinevi","9":"pa_yazar-charles-berberian","11":"first","12":"instock","13":"sale","14":"shipping-taxable","15":"purchasable","16":"product-type-simple"},"_links":{"self":[{"href":"https:\/\/roveyayinevi.com.tr\/index.php\/wp-json\/wp\/v2\/product\/778765","targetHints":{"allow":["GET"]}}],"collection":[{"href":"https:\/\/roveyayinevi.com.tr\/index.php\/wp-json\/wp\/v2\/product"}],"about":[{"href":"https:\/\/roveyayinevi.com.tr\/index.php\/wp-json\/wp\/v2\/types\/product"}],"wp:attachment":[{"href":"https:\/\/roveyayinevi.com.tr\/index.php\/wp-json\/wp\/v2\/media?parent=778765"}],"wp:term":[{"taxonomy":"product_brand","embeddable":true,"href":"https:\/\/roveyayinevi.com.tr\/index.php\/wp-json\/wp\/v2\/product_brand?post=778765"},{"taxonomy":"product_cat","embeddable":true,"href":"https:\/\/roveyayinevi.com.tr\/index.php\/wp-json\/wp\/v2\/product_cat?post=778765"},{"taxonomy":"product_tag","embeddable":true,"href":"https:\/\/roveyayinevi.com.tr\/index.php\/wp-json\/wp\/v2\/product_tag?post=778765"}],"curies":[{"name":"wp","href":"https:\/\/api.w.org\/{rel}","templated":true}]}}