{"id":778763,"date":"2025-11-20T00:28:53","date_gmt":"2025-11-19T21:28:53","guid":{"rendered":"https:\/\/roveyayinevi.com.tr\/index.php\/urun\/iktisat-ve-toplum-dergisi-181-sayi-bir-romantik-iktisatci-omer-faruk-colakin-ardindan\/"},"modified":"2026-04-15T03:44:08","modified_gmt":"2026-04-15T00:44:08","slug":"iktisat-ve-toplum-dergisi-181-sayi-bir-romantik-iktisatci-omer-faruk-colakin-ardindan","status":"publish","type":"product","link":"https:\/\/roveyayinevi.com.tr\/index.php\/urun\/iktisat-ve-toplum-dergisi-181-sayi-bir-romantik-iktisatci-omer-faruk-colakin-ardindan\/","title":{"rendered":"\u0130ktisat ve Toplum Dergisi 181. Say\u0131  Bir Romantik \u0130ktisat\u00e7\u0131: \u00d6mer Faruk \u00c7olak\u2019\u0131n Ard\u0131ndan\u2026"},"content":{"rendered":"<p>Bu say\u0131da: Bir Romantik \u0130ktisat\u00e7\u0131: \u00d6mer Faruk \u00c7olak&#8217;\u0131n Ard\u0131ndan&#8230; &#8212; B\u00fcy\u00fcme, Kalk\u0131nma ve Geli\u015fme Mahfi E\u011filmez Bana Bir Dayanak Noktas\u0131 Verin, D\u00fcnyay\u0131 Yerinden Oynatay\u0131m A. Erin\u00e7 Yeldan Toplumda Artan \u015eiddetle Ya\u015famak Ersin Kalayc\u0131o\u011flu Kay\u0131p On Y\u0131l\u0131n Ard\u0131ndan Gezegenin Karnesi R. Funda Barbaros G\u00f6\u00e7 ve \u0130ltican\u0131n ABD B\u00fct\u00e7esine Y\u00fck\u00fcn\u00fcn Azalt\u0131lmas\u0131na \u0130li\u015fkin Kanun ve T\u00fcrkiye A\u00e7\u0131s\u0131ndan \u00c7\u0131kar\u0131lacak Dersler Nuray Ek\u015fi Reform Olmadan Diren\u00e7 mi? Arda Tunca (Alman) Devlet Sosyalizmi Tart\u0131\u015fmalar\u0131 (III): Alfred Marshall ve J. M. Keynes\u2019te \u201cDevlet\u201d Sosyalizmini Aramak Ercan Eren Emek-De\u011fer Teorisi, Sanat ve Tiyatro Sanat\u0131 (II): Broadway Tiyatrolar\u0131 Sacit Hadi Akdede Tarif Etmeye G\u00fc\u00e7 Yetmeyen Ya\u015far Ta\u015fk\u0131n Ko\u00e7<\/p>\n","protected":false},"excerpt":{"rendered":"<p>Bu say\u0131da: Bir Romantik \u0130ktisat\u00e7\u0131: \u00d6mer Faruk \u00c7olak&#8217;\u0131n Ard\u0131ndan&#8230; &#8212; B\u00fcy\u00fcme, Kalk\u0131nma ve Geli\u015fme Mahfi E\u011filmez Bana Bir Dayanak Noktas\u0131 Verin, D\u00fcnyay\u0131 Yerinden Oynatay\u0131m A. Erin\u00e7<span class=\"excerpt-hellip\"> [\u2026]<\/span><\/p>\n","protected":false},"featured_media":0,"template":"","meta":{"_monsterinsights_skip_tracking":false,"_monsterinsights_sitenote_active":false,"_monsterinsights_sitenote_note":"","_monsterinsights_sitenote_category":0},"product_brand":[],"product_cat":[13527],"product_tag":[],"class_list":{"0":"post-778763","1":"product","2":"type-product","3":"status-publish","5":"product_cat-sureli-yayinlar","6":"pa_cilt-ciltsiz","7":"pa_tur-dergi","8":"pa_yayinevi-efil-yayinevi-dergi","9":"pa_yazar-kolektif","11":"first","12":"instock","13":"sale","14":"shipping-taxable","15":"purchasable","16":"product-type-simple"},"_links":{"self":[{"href":"https:\/\/roveyayinevi.com.tr\/index.php\/wp-json\/wp\/v2\/product\/778763","targetHints":{"allow":["GET"]}}],"collection":[{"href":"https:\/\/roveyayinevi.com.tr\/index.php\/wp-json\/wp\/v2\/product"}],"about":[{"href":"https:\/\/roveyayinevi.com.tr\/index.php\/wp-json\/wp\/v2\/types\/product"}],"wp:attachment":[{"href":"https:\/\/roveyayinevi.com.tr\/index.php\/wp-json\/wp\/v2\/media?parent=778763"}],"wp:term":[{"taxonomy":"product_brand","embeddable":true,"href":"https:\/\/roveyayinevi.com.tr\/index.php\/wp-json\/wp\/v2\/product_brand?post=778763"},{"taxonomy":"product_cat","embeddable":true,"href":"https:\/\/roveyayinevi.com.tr\/index.php\/wp-json\/wp\/v2\/product_cat?post=778763"},{"taxonomy":"product_tag","embeddable":true,"href":"https:\/\/roveyayinevi.com.tr\/index.php\/wp-json\/wp\/v2\/product_tag?post=778763"}],"curies":[{"name":"wp","href":"https:\/\/api.w.org\/{rel}","templated":true}]}}