{"id":778760,"date":"2025-11-20T00:28:47","date_gmt":"2025-11-19T21:28:47","guid":{"rendered":"https:\/\/roveyayinevi.com.tr\/index.php\/urun\/camellianin-pesinde-2\/"},"modified":"2026-04-15T03:44:08","modified_gmt":"2026-04-15T00:44:08","slug":"camellianin-pesinde-2","status":"publish","type":"product","link":"https:\/\/roveyayinevi.com.tr\/index.php\/urun\/camellianin-pesinde-2\/","title":{"rendered":"Camellia&#8217;n\u0131n Pe\u015finde 2"},"content":{"rendered":"<p>Bazen ka\u00e7\u0131\u015f yollar\u0131n\u0131gizlice araman gerekir\u2026   Ba\u015fkente gitmek i\u00e7in bir yol bulmay\u0131 ba\u015faran Camellia\u2019n\u0131n yapmas\u0131 gereken tek bir \u015fey kalm\u0131\u015ft\u0131r&#8230; Hasta karde\u015fi Kieran\u2019\u0131n sa\u011fl\u0131\u011f\u0131na kavu\u015fmas\u0131n\u0131 ve geri d\u00f6nmesini beklemek.   Ancak karde\u015finin yan\u0131nda bir davetsiz misafir vard\u0131r, d\u00fc\u015fman \u00fclkenin prensi Ian Sergio. Prens ger\u00e7ek kimli\u011fini bilmesinin yan\u0131 s\u0131ra, Camellia\u2019dan \u00e7ok etkilenmi\u015f g\u00f6r\u00fcn\u00fcyordur. \u00dcstelik bu konuda yaln\u0131z de\u011fildir, D\u00fck Ihar da bu s\u0131rada Camellius\u2019a kar\u015f\u0131 i\u00e7inde filizlenen hislerle m\u00fccadele ediyordur. Art\u0131k \u00e7ok daha g\u00f6z \u00f6n\u00fcnde olan Camellia, sonunda annesini bulmay\u0131 ve Bale ailesinden ayr\u0131lmay\u0131 ba\u015farabilecek midir?   <\/p>\n","protected":false},"excerpt":{"rendered":"<p>Bazen ka\u00e7\u0131\u015f yollar\u0131n\u0131gizlice araman gerekir\u2026 Ba\u015fkente gitmek i\u00e7in bir yol bulmay\u0131 ba\u015faran Camellia\u2019n\u0131n yapmas\u0131 gereken tek bir \u015fey kalm\u0131\u015ft\u0131r&#8230; Hasta karde\u015fi Kieran\u2019\u0131n sa\u011fl\u0131\u011f\u0131na kavu\u015fmas\u0131n\u0131 ve geri<span class=\"excerpt-hellip\"> [\u2026]<\/span><\/p>\n","protected":false},"featured_media":0,"template":"","meta":{"_monsterinsights_skip_tracking":false,"_monsterinsights_sitenote_active":false,"_monsterinsights_sitenote_note":"","_monsterinsights_sitenote_category":0},"product_brand":[],"product_cat":[141304],"product_tag":[],"class_list":{"0":"post-778760","1":"product","2":"type-product","3":"status-publish","5":"product_cat-yeni-cikanlar","6":"pa_cilt-ciltsiz","7":"pa_tur-kitap","8":"pa_yayinevi-dex-yayinevi","9":"pa_yazar-jin-soye","11":"first","12":"instock","13":"sale","14":"shipping-taxable","15":"purchasable","16":"product-type-simple"},"_links":{"self":[{"href":"https:\/\/roveyayinevi.com.tr\/index.php\/wp-json\/wp\/v2\/product\/778760","targetHints":{"allow":["GET"]}}],"collection":[{"href":"https:\/\/roveyayinevi.com.tr\/index.php\/wp-json\/wp\/v2\/product"}],"about":[{"href":"https:\/\/roveyayinevi.com.tr\/index.php\/wp-json\/wp\/v2\/types\/product"}],"wp:attachment":[{"href":"https:\/\/roveyayinevi.com.tr\/index.php\/wp-json\/wp\/v2\/media?parent=778760"}],"wp:term":[{"taxonomy":"product_brand","embeddable":true,"href":"https:\/\/roveyayinevi.com.tr\/index.php\/wp-json\/wp\/v2\/product_brand?post=778760"},{"taxonomy":"product_cat","embeddable":true,"href":"https:\/\/roveyayinevi.com.tr\/index.php\/wp-json\/wp\/v2\/product_cat?post=778760"},{"taxonomy":"product_tag","embeddable":true,"href":"https:\/\/roveyayinevi.com.tr\/index.php\/wp-json\/wp\/v2\/product_tag?post=778760"}],"curies":[{"name":"wp","href":"https:\/\/api.w.org\/{rel}","templated":true}]}}