{"id":778755,"date":"2025-11-20T00:28:37","date_gmt":"2025-11-19T21:28:37","guid":{"rendered":"https:\/\/roveyayinevi.com.tr\/index.php\/urun\/duse-yazdim-2\/"},"modified":"2026-04-13T03:39:38","modified_gmt":"2026-04-13T00:39:38","slug":"duse-yazdim-2","status":"publish","type":"product","link":"https:\/\/roveyayinevi.com.tr\/index.php\/urun\/duse-yazdim-2\/","title":{"rendered":"D\u00fc\u015fe Yazd\u0131m"},"content":{"rendered":"<p>\u201cBaz\u0131 \u015fark\u0131lar insan\u0131 hayallere dald\u0131r\u0131r. Bazen en ufak bir kelime ile \u00e7ok uzaklara gidersin. Hayat hep yol sunar. Belki yanl\u0131\u015f yoldas\u0131nd\u0131r ama yine de gitmen gerekir.\u201d Siyah, deri defteri elime tutu\u015fturup gitti. \u201cG\u00fczel Adam\u2019a\u201d yaz\u0131yordu ilk sayfada. Kimdi G\u00fczel Adam? Ben kimdim? Herkes imk\u00e2ns\u0131za ba\u011f\u0131ml\u0131yd\u0131 bu hayatta. Ka\u00e7 defa s\u0131nayacakt\u0131 hayat beni? Ka\u00e7 defa s\u0131nanacakt\u0131m sevdiklerimle, ger\u00e7eklerimle? Ben hayallerimi \u201cD\u00fc\u015fe Yazd\u0131m\u201d, umutlar\u0131m\u0131 y\u0131ld\u0131zlara\u2026 \u0130mk\u00e2ns\u0131z\u0131 isteyen g\u00f6zlerim, ancak senin ruhunda kanatlan\u0131rd\u0131. <\/p>\n","protected":false},"excerpt":{"rendered":"<p>\u201cBaz\u0131 \u015fark\u0131lar insan\u0131 hayallere dald\u0131r\u0131r. Bazen en ufak bir kelime ile \u00e7ok uzaklara gidersin. Hayat hep yol sunar. Belki yanl\u0131\u015f yoldas\u0131nd\u0131r ama yine de gitmen gerekir.\u201d<span class=\"excerpt-hellip\"> [\u2026]<\/span><\/p>\n","protected":false},"featured_media":0,"template":"","meta":{"_monsterinsights_skip_tracking":false,"_monsterinsights_sitenote_active":false,"_monsterinsights_sitenote_note":"","_monsterinsights_sitenote_category":0},"product_brand":[],"product_cat":[12291,12711],"product_tag":[],"class_list":{"0":"post-778755","1":"product","2":"type-product","3":"status-publish","5":"product_cat-edebiyat","6":"product_cat-roman-oyku","7":"pa_cilt-ciltsiz","8":"pa_tur-kitap","9":"pa_yayinevi-ulysses-yayinlari","10":"pa_yazar-emirhan-sarica","12":"first","13":"instock","14":"sale","15":"shipping-taxable","16":"purchasable","17":"product-type-simple"},"_links":{"self":[{"href":"https:\/\/roveyayinevi.com.tr\/index.php\/wp-json\/wp\/v2\/product\/778755","targetHints":{"allow":["GET"]}}],"collection":[{"href":"https:\/\/roveyayinevi.com.tr\/index.php\/wp-json\/wp\/v2\/product"}],"about":[{"href":"https:\/\/roveyayinevi.com.tr\/index.php\/wp-json\/wp\/v2\/types\/product"}],"wp:attachment":[{"href":"https:\/\/roveyayinevi.com.tr\/index.php\/wp-json\/wp\/v2\/media?parent=778755"}],"wp:term":[{"taxonomy":"product_brand","embeddable":true,"href":"https:\/\/roveyayinevi.com.tr\/index.php\/wp-json\/wp\/v2\/product_brand?post=778755"},{"taxonomy":"product_cat","embeddable":true,"href":"https:\/\/roveyayinevi.com.tr\/index.php\/wp-json\/wp\/v2\/product_cat?post=778755"},{"taxonomy":"product_tag","embeddable":true,"href":"https:\/\/roveyayinevi.com.tr\/index.php\/wp-json\/wp\/v2\/product_tag?post=778755"}],"curies":[{"name":"wp","href":"https:\/\/api.w.org\/{rel}","templated":true}]}}