{"id":778745,"date":"2025-11-20T00:28:19","date_gmt":"2025-11-19T21:28:19","guid":{"rendered":"https:\/\/roveyayinevi.com.tr\/index.php\/urun\/ada-fatmaya-bir-hatira\/"},"modified":"2026-04-15T03:44:08","modified_gmt":"2026-04-15T00:44:08","slug":"ada-fatmaya-bir-hatira","status":"publish","type":"product","link":"https:\/\/roveyayinevi.com.tr\/index.php\/urun\/ada-fatmaya-bir-hatira\/","title":{"rendered":"Ada Fatma\u2019ya Bir Hat\u0131ra"},"content":{"rendered":"<p>Topraktan do\u011fan bir ses, Ankara\u2019n\u0131n beton orman\u0131nda h\u00e2l\u00e2 yank\u0131lan\u0131r: \u201cKendini bulmak, kalbine mum yakmakt\u0131r; o mum s\u00f6nse bile, kokusu kal\u0131r.\u201dBir k\u00f6y ufkunda do\u011fan g\u00fcne\u015f, kalpte parlar; \u00e7\u00fcnk\u00fc k\u00f6k, topra\u011f\u0131 unutmaz. Bu kitap, bir adam\u0131n kendi ruhunu aray\u0131\u015f\u0131n\u0131n destan\u0131d\u0131r: Tohumun sabr\u0131yla filizlenen, ya\u011fmurun tevekk\u00fcl\u00fcyle y\u0131kanan, y\u0131ld\u0131zlar\u0131n sessizli\u011finde kendini bulan bir destan.K\u00fclt\u00fcr\u00fcn bereketli sofras\u0131nda \u00e7ocukluk masallar\u0131, nefsin f\u0131s\u0131lt\u0131lar\u0131yla i\u00e7sel sava\u015flar, g\u00f6lgelerin alt\u0131nda yeniden do\u011fan babal\u0131k\u2026 Her sat\u0131r bir k\u00f6k, her an\u0131 bir filiz; her sat\u0131r bir ayna, her ayna bir s\u0131r.Yazar, k\u00f6y\u00fcn tozlu yolundan Ada Fatma\u2019n\u0131n masum g\u00fcl\u00fc\u015f\u00fcne uzanan k\u00f6pr\u00fcy\u00fc kurar: \u201cBen kimim?\u201d sorusunu, \u201cBiz kimiz?\u201d cevab\u0131na \u00e7evirir. K\u00f6klerini unutmadan g\u00f6\u011fe uzan\u0131r, ge\u00e7mi\u015fin hik\u00e2yesini gelece\u011fin diline aktar\u0131r. Ada Fatma\u2019c\u0131\u011f\u0131m, bu kitap senin miras\u0131n: topra\u011f\u0131n kokusu, y\u0131ld\u0131z\u0131n \u0131\u015f\u0131\u011f\u0131, baban\u0131n duas\u0131. Okur, e\u011fer bir g\u00fcn k\u00f6klerini \u00f6zlersen, e\u011fer kalbin sessizce konu\u015fursa, bu sayfalar\u0131 a\u00e7. \u00c7\u00fcnk\u00fc burada, bir adam kendini buldu; sen de kendini bulacaks\u0131n. Kendini bul, incitmeden. Kalbinle y\u00fcr\u00fc, Allah\u2019a var. <\/p>\n","protected":false},"excerpt":{"rendered":"<p>Topraktan do\u011fan bir ses, Ankara\u2019n\u0131n beton orman\u0131nda h\u00e2l\u00e2 yank\u0131lan\u0131r: \u201cKendini bulmak, kalbine mum yakmakt\u0131r; o mum s\u00f6nse bile, kokusu kal\u0131r.\u201dBir k\u00f6y ufkunda do\u011fan g\u00fcne\u015f, kalpte parlar;<span class=\"excerpt-hellip\"> [\u2026]<\/span><\/p>\n","protected":false},"featured_media":0,"template":"","meta":{"_monsterinsights_skip_tracking":false,"_monsterinsights_sitenote_active":false,"_monsterinsights_sitenote_note":"","_monsterinsights_sitenote_category":0},"product_brand":[],"product_cat":[12718,12719,15238],"product_tag":[],"class_list":{"0":"post-778745","1":"product","2":"type-product","3":"status-publish","5":"product_cat-din","6":"product_cat-islam","7":"product_cat-tasavvuf","8":"pa_cilt-ciltsiz","9":"pa_tur-kitap","10":"pa_yayinevi-kalem-lugat-yayincilik","11":"pa_yazar-esat-omeroglu","13":"first","14":"instock","15":"sale","16":"shipping-taxable","17":"purchasable","18":"product-type-simple"},"_links":{"self":[{"href":"https:\/\/roveyayinevi.com.tr\/index.php\/wp-json\/wp\/v2\/product\/778745","targetHints":{"allow":["GET"]}}],"collection":[{"href":"https:\/\/roveyayinevi.com.tr\/index.php\/wp-json\/wp\/v2\/product"}],"about":[{"href":"https:\/\/roveyayinevi.com.tr\/index.php\/wp-json\/wp\/v2\/types\/product"}],"wp:attachment":[{"href":"https:\/\/roveyayinevi.com.tr\/index.php\/wp-json\/wp\/v2\/media?parent=778745"}],"wp:term":[{"taxonomy":"product_brand","embeddable":true,"href":"https:\/\/roveyayinevi.com.tr\/index.php\/wp-json\/wp\/v2\/product_brand?post=778745"},{"taxonomy":"product_cat","embeddable":true,"href":"https:\/\/roveyayinevi.com.tr\/index.php\/wp-json\/wp\/v2\/product_cat?post=778745"},{"taxonomy":"product_tag","embeddable":true,"href":"https:\/\/roveyayinevi.com.tr\/index.php\/wp-json\/wp\/v2\/product_tag?post=778745"}],"curies":[{"name":"wp","href":"https:\/\/api.w.org\/{rel}","templated":true}]}}