{"id":778744,"date":"2025-11-20T00:28:17","date_gmt":"2025-11-19T21:28:17","guid":{"rendered":"https:\/\/roveyayinevi.com.tr\/index.php\/urun\/insan-ve-siyaset\/"},"modified":"2026-02-03T03:42:51","modified_gmt":"2026-02-03T00:42:51","slug":"insan-ve-siyaset","status":"publish","type":"product","link":"https:\/\/roveyayinevi.com.tr\/index.php\/urun\/insan-ve-siyaset\/","title":{"rendered":"\u0130nsan ve Siyaset"},"content":{"rendered":"<p>Tarihin her d\u00f6neminde birbirine y\u00f6n veren, bazen \u00e7at\u0131\u015fan, bazen de ayn\u0131 idealde bulu\u015fan iki temel g\u00fc\u00e7. Bu kitap, T\u00fcrk insan\u0131n\u0131n siyasete bak\u0131\u015f\u0131n\u0131 tarih\u00ee k\u00f6klerinden g\u00fcn\u00fcm\u00fcze kadar derinlemesine ele alarak, toplumsal bilin\u00e7le siyasal k\u00fclt\u00fcr aras\u0131ndaki ba\u011f\u0131 \u00e7\u00f6z\u00fcmlemeye \u00e7al\u0131\u015f\u0131yor. Cengiz \u00d6zler, y\u0131llar\u0131n birikimini, saha g\u00f6zlemlerini ve halkla i\u00e7 i\u00e7e ge\u00e7en hayat deneyimini kalemine ta\u015f\u0131rken; siyaseti bir \u00e7\u0131kar arac\u0131 de\u011fil, insana hizmetin en onurlu bi\u00e7imi olarak tan\u0131ml\u0131yor.            \u201c\u0130nsan ve Siyaset\u201d, yaln\u0131zca politik s\u00fcre\u00e7leri anlatan bir eser de\u011fil; ayn\u0131 zamanda adalet, ahlak, liderlik ve toplumsal sorumluluk \u00fczerine bir vicdan muhasebesi.Bu kitapta; ge\u00e7mi\u015fle bug\u00fcn\u00fc, halkla y\u00f6neticiyi, bireyle sistemi bulu\u015fturan bir d\u00fc\u015f\u00fcnce yolculu\u011fu sizi bekliyor. \u00c7\u00fcnk\u00fc siyaseti anlamak, insan\u0131 anlamakt\u0131r. Ve insan\u0131 anlamadan hi\u00e7bir toplum y\u00fckselemez. <\/p>\n","protected":false},"excerpt":{"rendered":"<p>Tarihin her d\u00f6neminde birbirine y\u00f6n veren, bazen \u00e7at\u0131\u015fan, bazen de ayn\u0131 idealde bulu\u015fan iki temel g\u00fc\u00e7. Bu kitap, T\u00fcrk insan\u0131n\u0131n siyasete bak\u0131\u015f\u0131n\u0131 tarih\u00ee k\u00f6klerinden g\u00fcn\u00fcm\u00fcze kadar<span class=\"excerpt-hellip\"> [\u2026]<\/span><\/p>\n","protected":false},"featured_media":0,"template":"","meta":{"_monsterinsights_skip_tracking":false,"_monsterinsights_sitenote_active":false,"_monsterinsights_sitenote_note":"","_monsterinsights_sitenote_category":0},"product_brand":[],"product_cat":[12337],"product_tag":[],"class_list":{"0":"post-778744","1":"product","2":"type-product","3":"status-publish","5":"product_cat-politika-siyaset","6":"pa_cilt-ciltsiz","7":"pa_tur-kitap","8":"pa_yayinevi-kalem-lugat-yayincilik","9":"pa_yazar-cengiz-ozler","11":"first","12":"instock","13":"sale","14":"shipping-taxable","15":"purchasable","16":"product-type-simple"},"_links":{"self":[{"href":"https:\/\/roveyayinevi.com.tr\/index.php\/wp-json\/wp\/v2\/product\/778744","targetHints":{"allow":["GET"]}}],"collection":[{"href":"https:\/\/roveyayinevi.com.tr\/index.php\/wp-json\/wp\/v2\/product"}],"about":[{"href":"https:\/\/roveyayinevi.com.tr\/index.php\/wp-json\/wp\/v2\/types\/product"}],"wp:attachment":[{"href":"https:\/\/roveyayinevi.com.tr\/index.php\/wp-json\/wp\/v2\/media?parent=778744"}],"wp:term":[{"taxonomy":"product_brand","embeddable":true,"href":"https:\/\/roveyayinevi.com.tr\/index.php\/wp-json\/wp\/v2\/product_brand?post=778744"},{"taxonomy":"product_cat","embeddable":true,"href":"https:\/\/roveyayinevi.com.tr\/index.php\/wp-json\/wp\/v2\/product_cat?post=778744"},{"taxonomy":"product_tag","embeddable":true,"href":"https:\/\/roveyayinevi.com.tr\/index.php\/wp-json\/wp\/v2\/product_tag?post=778744"}],"curies":[{"name":"wp","href":"https:\/\/api.w.org\/{rel}","templated":true}]}}