{"id":778743,"date":"2025-11-20T00:28:16","date_gmt":"2025-11-19T21:28:16","guid":{"rendered":"https:\/\/roveyayinevi.com.tr\/index.php\/urun\/kayip-genclikten-dirilis-gencligine\/"},"modified":"2026-04-11T14:46:31","modified_gmt":"2026-04-11T11:46:31","slug":"kayip-genclikten-dirilis-gencligine","status":"publish","type":"product","link":"https:\/\/roveyayinevi.com.tr\/index.php\/urun\/kayip-genclikten-dirilis-gencligine\/","title":{"rendered":"Kay\u0131p Gen\u00e7likten Dirili\u015f Gen\u00e7li\u011fine"},"content":{"rendered":"<p>Bir \u00e7a\u011f\u0131n g\u00fcr\u00fclt\u00fcs\u00fcnde kaybolan gen\u00e7 seslerin asl\u0131nda birer dirili\u015f yank\u0131s\u0131 oldu\u011funu hi\u00e7 fark ettiniz mi? Bu kitap, kaybolu\u015fun de\u011fil, yeniden do\u011fu\u015fun hik\u00e2yesidir. Modern d\u00fcnyan\u0131n karma\u015fas\u0131nda kendini arayan gen\u00e7li\u011fe bir \u00e7a\u011fr\u0131d\u0131r: \u201cKendini kaybetme, \u00e7\u00fcnk\u00fc sen bu \u00e7a\u011f\u0131n umudusun.\u201d Her kaybolu\u015fun i\u00e7inde bir dirili\u015f tohumu vard\u0131r.            Ve o tohum, kalbinde inan\u00e7 ta\u015f\u0131yan gen\u00e7lerle yeniden ye\u015ferecektir.  Ali Yava\u015f, uzun y\u0131llard\u0131r gen\u00e7lik \u00fczerine ara\u015ft\u0131rmalar yapan; gen\u00e7lerin manevi, toplumsal ve psikolojik geli\u015fimine dair bir\u00e7ok projede yer alan bir yazard\u0131r.            Bu eseri, \u00e7a\u011f\u0131n karma\u015fas\u0131nda y\u00f6n\u00fcn\u00fc kaybeden gen\u00e7 kalplere rehberlik etmek ve onlara yeniden \u201cdirili\u015f bilinci\u201d kazand\u0131rmak amac\u0131yla kaleme alm\u0131\u015ft\u0131r.            Onun sat\u0131rlar\u0131nda bir neslin sessiz \u00e7\u0131\u011fl\u0131\u011f\u0131, ayn\u0131 zamanda yeni bir umudun do\u011fu\u015fu yank\u0131lanmaktad\u0131r.            \u201cKay\u0131p Gen\u00e7likten Dirili\u015f Gen\u00e7li\u011fine\u201d bu sesin yank\u0131s\u0131d\u0131r. <\/p>\n","protected":false},"excerpt":{"rendered":"<p>Bir \u00e7a\u011f\u0131n g\u00fcr\u00fclt\u00fcs\u00fcnde kaybolan gen\u00e7 seslerin asl\u0131nda birer dirili\u015f yank\u0131s\u0131 oldu\u011funu hi\u00e7 fark ettiniz mi? Bu kitap, kaybolu\u015fun de\u011fil, yeniden do\u011fu\u015fun hik\u00e2yesidir. Modern d\u00fcnyan\u0131n karma\u015fas\u0131nda kendini<span class=\"excerpt-hellip\"> [\u2026]<\/span><\/p>\n","protected":false},"featured_media":0,"template":"","meta":{"_monsterinsights_skip_tracking":false,"_monsterinsights_sitenote_active":false,"_monsterinsights_sitenote_note":"","_monsterinsights_sitenote_category":0},"product_brand":[],"product_cat":[12364,12376],"product_tag":[],"class_list":{"0":"post-778743","1":"product","2":"type-product","3":"status-publish","5":"product_cat-genel-konular","6":"product_cat-kisisel-gelisim","7":"pa_cilt-ciltsiz","8":"pa_tur-kitap","9":"pa_yayinevi-kalem-lugat-yayincilik","10":"pa_yazar-ali-yavas","12":"first","13":"instock","14":"sale","15":"shipping-taxable","16":"purchasable","17":"product-type-simple"},"_links":{"self":[{"href":"https:\/\/roveyayinevi.com.tr\/index.php\/wp-json\/wp\/v2\/product\/778743","targetHints":{"allow":["GET"]}}],"collection":[{"href":"https:\/\/roveyayinevi.com.tr\/index.php\/wp-json\/wp\/v2\/product"}],"about":[{"href":"https:\/\/roveyayinevi.com.tr\/index.php\/wp-json\/wp\/v2\/types\/product"}],"wp:attachment":[{"href":"https:\/\/roveyayinevi.com.tr\/index.php\/wp-json\/wp\/v2\/media?parent=778743"}],"wp:term":[{"taxonomy":"product_brand","embeddable":true,"href":"https:\/\/roveyayinevi.com.tr\/index.php\/wp-json\/wp\/v2\/product_brand?post=778743"},{"taxonomy":"product_cat","embeddable":true,"href":"https:\/\/roveyayinevi.com.tr\/index.php\/wp-json\/wp\/v2\/product_cat?post=778743"},{"taxonomy":"product_tag","embeddable":true,"href":"https:\/\/roveyayinevi.com.tr\/index.php\/wp-json\/wp\/v2\/product_tag?post=778743"}],"curies":[{"name":"wp","href":"https:\/\/api.w.org\/{rel}","templated":true}]}}