{"id":778742,"date":"2025-11-20T00:28:14","date_gmt":"2025-11-19T21:28:14","guid":{"rendered":"https:\/\/roveyayinevi.com.tr\/index.php\/urun\/devletler-ve-guc-dengeleri\/"},"modified":"2026-04-15T03:44:08","modified_gmt":"2026-04-15T00:44:08","slug":"devletler-ve-guc-dengeleri","status":"publish","type":"product","link":"https:\/\/roveyayinevi.com.tr\/index.php\/urun\/devletler-ve-guc-dengeleri\/","title":{"rendered":"Devletler ve Gu\u0308\u00e7  Dengeleri"},"content":{"rendered":"<p>Tarihin her d\u00f6neminde devletler, varl\u0131klar\u0131n\u0131 s\u00fcrd\u00fcrmek ve n\u00fcfuzlar\u0131n\u0131 art\u0131rmak i\u00e7in g\u00fc\u00e7 aray\u0131\u015f\u0131nda olmu\u015ftur. Kimi zaman ordularla, kimi zaman ticaretle, kimi zaman da k\u00fclt\u00fcrel etkiyle kurulan bu g\u00fc\u00e7 dengeleri; insanl\u0131k tarihinin y\u00f6n\u00fcn\u00fc, toplumlar\u0131n kaderini ve medeniyetlerin y\u00fckseli\u015fini belirlemi\u015ftir. Bu eser, asker\u00ee, ekonomik, diplomatik ve k\u00fclt\u00fcrel boyutlar\u0131yla \u201cg\u00fc\u00e7\u201d kavram\u0131n\u0131 derinlemesine analiz ederken; Antik \u00c7a\u011f\u2019dan g\u00fcn\u00fcm\u00fcze, So\u011fuk Sava\u015f\u2019tan k\u00fcreselle\u015fme d\u00f6nemine, Osmanl\u0131\u2019dan modern T\u00fcrkiye\u2019ye uzanan bir denge aray\u0131\u015f\u0131n\u0131n izini s\u00fcr\u00fcyor.Yazar Nuri \u00c7elebi, tarihsel olaylar\u0131 yaln\u0131zca kronolojik bir s\u0131ralama olarak de\u011fil, ayn\u0131 zamanda g\u00fcn\u00fcm\u00fcz d\u00fcnya d\u00fczenine \u0131\u015f\u0131k tutan bir jeopolitik rehber olarak sunuyor.Kitap, devletlerin stratejik hamlelerini, yeni g\u00fc\u00e7 merkezlerinin y\u00fckseli\u015fini, enerji, ekonomi, dijital g\u00fcvenlik ve iklim politikalar\u0131 gibi \u00e7a\u011f\u0131n belirleyici unsurlar\u0131n\u0131 sade ama analitik bir dille a\u00e7\u0131kl\u0131yor.\u201cDevletler ve G\u00fc\u00e7 Dengeleri\u201d, sadece ge\u00e7mi\u015fi anlamak isteyenler i\u00e7in de\u011fil, gelece\u011fin politik y\u00f6nelimlerini \u00e7\u00f6z\u00fcmlemek isteyen herkes i\u00e7in vazge\u00e7ilmez bir ba\u015fvuru kayna\u011f\u0131 niteli\u011finde. <\/p>\n","protected":false},"excerpt":{"rendered":"<p>Tarihin her d\u00f6neminde devletler, varl\u0131klar\u0131n\u0131 s\u00fcrd\u00fcrmek ve n\u00fcfuzlar\u0131n\u0131 art\u0131rmak i\u00e7in g\u00fc\u00e7 aray\u0131\u015f\u0131nda olmu\u015ftur. Kimi zaman ordularla, kimi zaman ticaretle, kimi zaman da k\u00fclt\u00fcrel etkiyle kurulan bu<span class=\"excerpt-hellip\"> [\u2026]<\/span><\/p>\n","protected":false},"featured_media":0,"template":"","meta":{"_monsterinsights_skip_tracking":false,"_monsterinsights_sitenote_active":false,"_monsterinsights_sitenote_note":"","_monsterinsights_sitenote_category":0},"product_brand":[],"product_cat":[12304],"product_tag":[],"class_list":{"0":"post-778742","1":"product","2":"type-product","3":"status-publish","5":"product_cat-tarih","6":"pa_cilt-ciltsiz","7":"pa_tur-kitap","8":"pa_yayinevi-kalem-lugat-yayincilik","9":"pa_yazar-nuri-celebi","11":"first","12":"instock","13":"sale","14":"shipping-taxable","15":"purchasable","16":"product-type-simple"},"_links":{"self":[{"href":"https:\/\/roveyayinevi.com.tr\/index.php\/wp-json\/wp\/v2\/product\/778742","targetHints":{"allow":["GET"]}}],"collection":[{"href":"https:\/\/roveyayinevi.com.tr\/index.php\/wp-json\/wp\/v2\/product"}],"about":[{"href":"https:\/\/roveyayinevi.com.tr\/index.php\/wp-json\/wp\/v2\/types\/product"}],"wp:attachment":[{"href":"https:\/\/roveyayinevi.com.tr\/index.php\/wp-json\/wp\/v2\/media?parent=778742"}],"wp:term":[{"taxonomy":"product_brand","embeddable":true,"href":"https:\/\/roveyayinevi.com.tr\/index.php\/wp-json\/wp\/v2\/product_brand?post=778742"},{"taxonomy":"product_cat","embeddable":true,"href":"https:\/\/roveyayinevi.com.tr\/index.php\/wp-json\/wp\/v2\/product_cat?post=778742"},{"taxonomy":"product_tag","embeddable":true,"href":"https:\/\/roveyayinevi.com.tr\/index.php\/wp-json\/wp\/v2\/product_tag?post=778742"}],"curies":[{"name":"wp","href":"https:\/\/api.w.org\/{rel}","templated":true}]}}