{"id":778741,"date":"2025-11-20T00:28:12","date_gmt":"2025-11-19T21:28:12","guid":{"rendered":"https:\/\/roveyayinevi.com.tr\/index.php\/urun\/tohum-4\/"},"modified":"2026-04-15T03:44:08","modified_gmt":"2026-04-15T00:44:08","slug":"tohum-4","status":"publish","type":"product","link":"https:\/\/roveyayinevi.com.tr\/index.php\/urun\/tohum-4\/","title":{"rendered":"Tohum"},"content":{"rendered":"<p>Sevgili Okur, Mezuniyet bir biti\u015f de\u011fil, yeni bir ba\u015flang\u0131\u00e7t\u0131r. Okul y\u0131llar\u0131nda ezberledi\u011fin form\u00fcller, \u00f6\u011frendi\u011fin teoriler ve ba\u015far\u0131yla ge\u00e7ti\u011fin s\u0131navlar seni bilgiyle donatt\u0131. Ama o bilgi, i\u015f hayat\u0131n\u0131n ilk sabah\u0131nda &#8211; fabrikan\u0131n u\u011fultusu, ofisin sessizli\u011fi ya da bir toplant\u0131 odas\u0131ndaki gergin bekleyi\u015f i\u00e7inde &#8211; bamba\u015fka bir s\u0131nav verecek. \u00c7\u00fcnk\u00fc i\u015f d\u00fcnyas\u0131, k\u00fclt\u00fcr\u00fcn de i\u015fba\u015f\u0131nda oldu\u011fu karma\u015f\u0131k bir sistem. \u0130\u00e7inde al\u0131\u015fkanl\u0131klar, diren\u00e7ler, tutkular, sessizlikler ve insana dair daha niceleri var. Tohum, gen\u00e7 bir m\u00fchendis olarak ba\u015flad\u0131\u011f\u0131m i\u015f hayat\u0131nda, otuz y\u0131l\u0131 a\u015fk\u0131n s\u00fcrede edindi\u011fim deneyimleri gen\u00e7 zihinlerle payla\u015fmak i\u00e7in yazd\u0131\u011f\u0131m e\u011fitici bir roman. Bu sayfalarda; farkl\u0131 karakterlere, kurum k\u00fclt\u00fcrlerine, d\u00f6n\u00fc\u015f\u00fcm programlar\u0131na, hatalara ve ba\u015far\u0131 hik\u00e2yelerine dokunacaks\u0131n. Her biri, ger\u00e7ek hayatta al\u0131nm\u0131\u015f bir dersin kurguya d\u00f6n\u00fc\u015fm\u00fc\u015f h\u00e2li. Bir yandan bir hik\u00e2ye okuyacak bir yandan da kendi yolculu\u011funa ayna tutacaks\u0131n. \u0130ster kariyerinin ba\u015f\u0131nda ol ister y\u0131llar\u0131n tecr\u00fcbesine sahip bir y\u00f6netici\u2026 Kimi zaman k\u00fc\u00e7\u00fck bir ar\u0131za, kimi zaman dev bir d\u00f6n\u00fc\u015f\u00fcm program\u0131; kimi zaman insan ili\u015fkileri, kimi zaman da sistemin tam kalbindeki k\u00fclt\u00fcr\u2026 Ba\u015far\u0131na kar\u015f\u0131 meydan okuyacak say\u0131s\u0131z problem \u00e7\u0131kacak kar\u015f\u0131na.Ve t\u00fcm bunlara kar\u015f\u0131 seni ba\u015far\u0131ya ta\u015f\u0131yacak en \u00f6nemli silah, problem \u00e7\u00f6zme becerin ve bilimin \u0131\u015f\u0131\u011f\u0131nda azimle ataca\u011f\u0131n y\u00fczlerce k\u00fc\u00e7\u00fck ad\u0131m olacak. Bu kitap sana sihirli bir form\u00fcl sunmuyor; ama do\u011fru sorular\u0131 zihnine ekecek bir yol g\u00f6steriyor: G\u00f6r \u2013 Anla \u2013 D\u00fczelt \u2013 Ya\u015fat. Her b\u00f6l\u00fcmde kendine \u015fu sorular\u0131 sor: \u201cBen olsam ne yapard\u0131m?\u201d \u201cBu durumdan ne \u00f6\u011frenebilirim?\u201d \u201cKendi hayat\u0131mda hangi d\u00f6n\u00fc\u015f\u00fcm\u00fcn tohumunu atabilirim?\u201d \u00c7\u00fcnk\u00fc bu kitap, cevaplardan \u00e7ok sana sorgulama cesareti kazand\u0131rmak i\u00e7in yaz\u0131ld\u0131. Unutma: Hayatta kar\u015f\u0131na \u00e7\u0131kan hi\u00e7bir problem tek ba\u015f\u0131na olmayacak. \u00c7\u00fcnk\u00fc her biri, daha b\u00fcy\u00fck bir sistemin par\u00e7as\u0131. Keyifli ke\u015fifler ve verimli \u00f6\u011frenmeler dile\u011fiyle\u2026 <\/p>\n","protected":false},"excerpt":{"rendered":"<p>Sevgili Okur, Mezuniyet bir biti\u015f de\u011fil, yeni bir ba\u015flang\u0131\u00e7t\u0131r. Okul y\u0131llar\u0131nda ezberledi\u011fin form\u00fcller, \u00f6\u011frendi\u011fin teoriler ve ba\u015far\u0131yla ge\u00e7ti\u011fin s\u0131navlar seni bilgiyle donatt\u0131. Ama o bilgi, i\u015f<span class=\"excerpt-hellip\"> [\u2026]<\/span><\/p>\n","protected":false},"featured_media":0,"template":"","meta":{"_monsterinsights_skip_tracking":false,"_monsterinsights_sitenote_active":false,"_monsterinsights_sitenote_note":"","_monsterinsights_sitenote_category":0},"product_brand":[],"product_cat":[12364,12376],"product_tag":[],"class_list":{"0":"post-778741","1":"product","2":"type-product","3":"status-publish","5":"product_cat-genel-konular","6":"product_cat-kisisel-gelisim","7":"pa_cilt-ciltsiz","8":"pa_tur-kitap","9":"pa_yayinevi-soncag","10":"pa_yazar-kadir-uskup","12":"first","13":"instock","14":"sale","15":"shipping-taxable","16":"purchasable","17":"product-type-simple"},"_links":{"self":[{"href":"https:\/\/roveyayinevi.com.tr\/index.php\/wp-json\/wp\/v2\/product\/778741","targetHints":{"allow":["GET"]}}],"collection":[{"href":"https:\/\/roveyayinevi.com.tr\/index.php\/wp-json\/wp\/v2\/product"}],"about":[{"href":"https:\/\/roveyayinevi.com.tr\/index.php\/wp-json\/wp\/v2\/types\/product"}],"wp:attachment":[{"href":"https:\/\/roveyayinevi.com.tr\/index.php\/wp-json\/wp\/v2\/media?parent=778741"}],"wp:term":[{"taxonomy":"product_brand","embeddable":true,"href":"https:\/\/roveyayinevi.com.tr\/index.php\/wp-json\/wp\/v2\/product_brand?post=778741"},{"taxonomy":"product_cat","embeddable":true,"href":"https:\/\/roveyayinevi.com.tr\/index.php\/wp-json\/wp\/v2\/product_cat?post=778741"},{"taxonomy":"product_tag","embeddable":true,"href":"https:\/\/roveyayinevi.com.tr\/index.php\/wp-json\/wp\/v2\/product_tag?post=778741"}],"curies":[{"name":"wp","href":"https:\/\/api.w.org\/{rel}","templated":true}]}}