{"id":778740,"date":"2025-11-20T00:28:11","date_gmt":"2025-11-19T21:28:11","guid":{"rendered":"https:\/\/roveyayinevi.com.tr\/index.php\/urun\/nathalieden-yasanmis-tarifler-ciltli\/"},"modified":"2026-04-15T03:44:08","modified_gmt":"2026-04-15T00:44:08","slug":"nathalieden-yasanmis-tarifler-ciltli","status":"publish","type":"product","link":"https:\/\/roveyayinevi.com.tr\/index.php\/urun\/nathalieden-yasanmis-tarifler-ciltli\/","title":{"rendered":"Nathalie\u2019den Ya\u015fanm\u0131\u015f Tarifler  (Ciltli)"},"content":{"rendered":"<p>Yazar\u0131n Beyaz F\u0131r\u0131n\u2019da ve evinin mutfa\u011f\u0131nda haz\u0131rlad\u0131\u011f\u0131 y\u00fczlerce tarif aras\u0131ndan bir se\u00e7ki. Yazar \u015f\u00f6yle diyor bu kitap i\u00e7in: 15 Aral\u0131k 1999\u2019da, \u00c7iftehavuzlar Beyaz F\u0131r\u0131n\u2019\u0131n kap\u0131s\u0131ndan girdi\u011fim g\u00fcn, \u00e7ocuklu\u011fumun \u00e7ok \u00f6nemli bir par\u00e7as\u0131 olan bu f\u0131r\u0131nda \u00e7al\u0131\u015fmaya haz\u0131r oldu\u011fumu d\u00fc\u015f\u00fcn\u00fcyordum. \u00d6\u011frencilik y\u0131llar\u0131m boyunca evimizin mutfa\u011f\u0131nda ge\u00e7irdi\u011fim saatler, yaz tatillerimde babaannem, dedem ve amcamla Stoyanof\u2019s Restaurant\u2019taki an\u0131lar\u0131m, \u00fcniversite e\u011fitimim boyunca Beyaz F\u0131r\u0131n\u2019\u0131n mutfa\u011f\u0131nda ge\u00e7irdi\u011fim g\u00fcnlerin ard\u0131ndan ailemizin be\u015finci ku\u015fak temsilcisi olarak Beyaz F\u0131r\u0131n\u2019da fiilen bir \u00e7al\u0131\u015fand\u0131m. Bu kitab\u0131, \u00e7ocuklu\u011fumdan bug\u00fcne; annemin, Beyaz F\u0131r\u0131n\u2019\u0131n ve elbette kendi evimin mutfa\u011f\u0131nda haz\u0131rlad\u0131\u011f\u0131m y\u00fczlerce tarif aras\u0131ndan bir se\u00e7ki olarak haz\u0131rlad\u0131m.<\/p>\n","protected":false},"excerpt":{"rendered":"<p>Yazar\u0131n Beyaz F\u0131r\u0131n\u2019da ve evinin mutfa\u011f\u0131nda haz\u0131rlad\u0131\u011f\u0131 y\u00fczlerce tarif aras\u0131ndan bir se\u00e7ki. Yazar \u015f\u00f6yle diyor bu kitap i\u00e7in: 15 Aral\u0131k 1999\u2019da, \u00c7iftehavuzlar Beyaz F\u0131r\u0131n\u2019\u0131n kap\u0131s\u0131ndan girdi\u011fim<span class=\"excerpt-hellip\"> [\u2026]<\/span><\/p>\n","protected":false},"featured_media":0,"template":"","meta":{"_monsterinsights_skip_tracking":false,"_monsterinsights_sitenote_active":false,"_monsterinsights_sitenote_note":"","_monsterinsights_sitenote_category":0},"product_brand":[],"product_cat":[12457],"product_tag":[],"class_list":{"0":"post-778740","1":"product","2":"type-product","3":"status-publish","5":"product_cat-yemek-kitaplari","6":"pa_cilt-ciltli","7":"pa_tur-kitap","8":"pa_yayinevi-remzi-kitabevi","9":"pa_yazar-nathalie-stoyanof-suda","11":"first","12":"instock","13":"sale","14":"shipping-taxable","15":"purchasable","16":"product-type-simple"},"_links":{"self":[{"href":"https:\/\/roveyayinevi.com.tr\/index.php\/wp-json\/wp\/v2\/product\/778740","targetHints":{"allow":["GET"]}}],"collection":[{"href":"https:\/\/roveyayinevi.com.tr\/index.php\/wp-json\/wp\/v2\/product"}],"about":[{"href":"https:\/\/roveyayinevi.com.tr\/index.php\/wp-json\/wp\/v2\/types\/product"}],"wp:attachment":[{"href":"https:\/\/roveyayinevi.com.tr\/index.php\/wp-json\/wp\/v2\/media?parent=778740"}],"wp:term":[{"taxonomy":"product_brand","embeddable":true,"href":"https:\/\/roveyayinevi.com.tr\/index.php\/wp-json\/wp\/v2\/product_brand?post=778740"},{"taxonomy":"product_cat","embeddable":true,"href":"https:\/\/roveyayinevi.com.tr\/index.php\/wp-json\/wp\/v2\/product_cat?post=778740"},{"taxonomy":"product_tag","embeddable":true,"href":"https:\/\/roveyayinevi.com.tr\/index.php\/wp-json\/wp\/v2\/product_tag?post=778740"}],"curies":[{"name":"wp","href":"https:\/\/api.w.org\/{rel}","templated":true}]}}