{"id":778729,"date":"2025-11-20T00:27:49","date_gmt":"2025-11-19T21:27:49","guid":{"rendered":"https:\/\/roveyayinevi.com.tr\/index.php\/urun\/doguya-kacis\/"},"modified":"2026-04-11T14:46:30","modified_gmt":"2026-04-11T11:46:30","slug":"doguya-kacis","status":"publish","type":"product","link":"https:\/\/roveyayinevi.com.tr\/index.php\/urun\/doguya-kacis\/","title":{"rendered":"Do\u011fu&#8217;ya Ka\u00e7\u0131\u015f"},"content":{"rendered":"<p>\u201cTek nefeste anlat\u0131lm\u0131\u015f bir ba\u015fyap\u0131t&#8230; yo\u011fun, keskin, duraks\u0131z, g\u00fc\u00e7l\u00fc.\u201d \u2013ANNE MICHAELS   NEW YORK TIMES 2023\u2019\u00dcN EN \u0130Y\u0130 ON K\u0130TABINDAN B\u0130R\u0130 NEW YORKER YILIN EN \u0130Y\u0130 K\u0130TAPLARI SE\u00c7K\u0130S\u0130   Alyo\u015fa, nereye gittiklerini bilmeyen, y\u00fczleri solgun, bak\u0131\u015flar\u0131 yorgun, kafesi and\u0131ran vagonlara doldurulmu\u015f y\u00fczlerce delikanl\u0131dan sadece biri, bir asker. Trans-Sibirya treninde, u\u00e7suz bucaks\u0131z Sibirya boyunca k\u0131rk saattir s\u0131k\u0131\u015f t\u0131k\u0131\u015f yol al\u0131yor. Daha yola \u00e7\u0131kar \u00e7\u0131kmaz karar vermi\u015f: Firar edecek.   H\u00e9l\u00e8ne, bir Frans\u0131z, Krasnoyarsk istasyonunda trene biniyor. Rus sevgilisini ard\u0131nda b\u0131rakm\u0131\u015f, geri d\u00f6n\u00fcp d\u00f6nmeyece\u011fini bilmeden, ge\u00e7mi\u015finden ve kendinden ka\u00e7mak i\u00e7in do\u011fuya gidiyor.   Trenin iki ayr\u0131 ucu, bu iki apayr\u0131 hayat, koridorda kesi\u015fiyor. Bu basit rastlant\u0131 onlar\u0131 kelimelerin azal\u0131p bak\u0131\u015flar\u0131n ve sessizli\u011fin konu\u015ftu\u011fu bir yak\u0131nl\u0131\u011fa, her durakta yakalanma ihtimalinin, her bak\u0131\u015fta ihbar korkusunun ya\u015fand\u0131\u011f\u0131 bir su\u00e7 ortakl\u0131\u011f\u0131na s\u00fcr\u00fckl\u00fcyor.   G\u00fcn\u00fcm\u00fcz Frans\u0131z edebiyat\u0131n\u0131n en b\u00fcy\u00fck yazarlar\u0131ndan Maylis de Kerangal\u2019in nefes kesen anlat\u0131s\u0131 Do\u011fu\u2019ya Ka\u00e7\u0131\u015f, ka\u00e7\u0131n\u0131lmaza do\u011fru ilerleyen bir trende okurunun zaman alg\u0131s\u0131yla oynayan, beklentilerini alt\u00fcst eden bir roman.   \u201cZaman\u0131 De Kerangal gibi resmedebilmek \u2013ge\u00e7mi\u015fle \u015fimdinin, simgesel olanla ger\u00e7e\u011fin i\u00e7 i\u00e7e ge\u00e7ti\u011fi karma\u015fay\u0131 g\u00f6r\u00fcn\u00fcr k\u0131lmak\u2013 b\u00fcy\u00fck bir ustal\u0131k, sab\u0131r ve berrakl\u0131k ister.\u201d \u2013NEW YORKER   \u201cKusursuz\u2026 De Kerangal\u2019in bu g\u00f6rkemli ba\u015far\u0131s\u0131, h\u0131zla ilerleyen bir trenin ritmine sahip. Okurlar\u0131 b\u00fcy\u00fcleyici bir edebi yolculuk bekliyor.\u201d \u2013PUBLISHERS WEEKLY<\/p>\n","protected":false},"excerpt":{"rendered":"<p>\u201cTek nefeste anlat\u0131lm\u0131\u015f bir ba\u015fyap\u0131t&#8230; yo\u011fun, keskin, duraks\u0131z, g\u00fc\u00e7l\u00fc.\u201d \u2013ANNE MICHAELS NEW YORK TIMES 2023\u2019\u00dcN EN \u0130Y\u0130 ON K\u0130TABINDAN B\u0130R\u0130 NEW YORKER YILIN EN \u0130Y\u0130 K\u0130TAPLARI<span class=\"excerpt-hellip\"> [\u2026]<\/span><\/p>\n","protected":false},"featured_media":0,"template":"","meta":{"_monsterinsights_skip_tracking":false,"_monsterinsights_sitenote_active":false,"_monsterinsights_sitenote_note":"","_monsterinsights_sitenote_category":0},"product_brand":[],"product_cat":[12291,12711],"product_tag":[],"class_list":{"0":"post-778729","1":"product","2":"type-product","3":"status-publish","5":"product_cat-edebiyat","6":"product_cat-roman-oyku","7":"pa_cilt-ciltsiz","8":"pa_tur-kitap","9":"pa_yayinevi-domingo-yayinevi","10":"pa_yazar-maylis-de-kerangal","12":"first","13":"instock","14":"sale","15":"shipping-taxable","16":"purchasable","17":"product-type-simple"},"_links":{"self":[{"href":"https:\/\/roveyayinevi.com.tr\/index.php\/wp-json\/wp\/v2\/product\/778729","targetHints":{"allow":["GET"]}}],"collection":[{"href":"https:\/\/roveyayinevi.com.tr\/index.php\/wp-json\/wp\/v2\/product"}],"about":[{"href":"https:\/\/roveyayinevi.com.tr\/index.php\/wp-json\/wp\/v2\/types\/product"}],"wp:attachment":[{"href":"https:\/\/roveyayinevi.com.tr\/index.php\/wp-json\/wp\/v2\/media?parent=778729"}],"wp:term":[{"taxonomy":"product_brand","embeddable":true,"href":"https:\/\/roveyayinevi.com.tr\/index.php\/wp-json\/wp\/v2\/product_brand?post=778729"},{"taxonomy":"product_cat","embeddable":true,"href":"https:\/\/roveyayinevi.com.tr\/index.php\/wp-json\/wp\/v2\/product_cat?post=778729"},{"taxonomy":"product_tag","embeddable":true,"href":"https:\/\/roveyayinevi.com.tr\/index.php\/wp-json\/wp\/v2\/product_tag?post=778729"}],"curies":[{"name":"wp","href":"https:\/\/api.w.org\/{rel}","templated":true}]}}