{"id":778720,"date":"2025-11-20T00:27:31","date_gmt":"2025-11-19T21:27:31","guid":{"rendered":"https:\/\/roveyayinevi.com.tr\/index.php\/urun\/fistik-gibi-hayat\/"},"modified":"2026-04-15T03:44:07","modified_gmt":"2026-04-15T00:44:07","slug":"fistik-gibi-hayat","status":"publish","type":"product","link":"https:\/\/roveyayinevi.com.tr\/index.php\/urun\/fistik-gibi-hayat\/","title":{"rendered":"F\u0131st\u0131k Gibi Hayat"},"content":{"rendered":"<p>Kuzey\u2019in odas\u0131 \u00f6yle da\u011f\u0131n\u0131kt\u0131 ki, i\u00e7eri giren herkes kendini bir oyuncak tarlas\u0131nda buluyordu! Bir sabah oyuncak dinozorunun \u00fcst\u00fcne bas\u0131nca akl\u0131na \u201cf\u0131st\u0131k gibi\u201d bir fikir geldi: Kullanmad\u0131\u011f\u0131n her \u015fey, bir ba\u015fkas\u0131n\u0131n hayat\u0131n\u0131 g\u00fczelle\u015ftirebilir!   Pazarda tezg\u00e2h a\u00e7an Kuzey\u2019in maceras\u0131, en sevdi\u011fi oyunca\u011f\u0131 \u00c7\u0131t\u00e7\u0131t\u2019\u0131n ka\u00e7\u0131r\u0131lmas\u0131yla bamba\u015fka bir yola girdi. Faresinin izini s\u00fcrerken, iyili\u011fin filizlendi\u011fi k\u00fc\u00e7\u00fck bir k\u00f6y okulunda payla\u015fman\u0131n ger\u00e7ek de\u011ferini ke\u015ffetti.   \u201cF\u0131st\u0131k Gibi Hayat\u201d, bir \u00e7ocu\u011fun kalbinden do\u011fan kocaman bir iyilik hik\u00e2yesi. Kuzey\u2019le birlikte sen de payla\u015fman\u0131n g\u00fcc\u00fcn\u00fc ke\u015ffet!<\/p>\n","protected":false},"excerpt":{"rendered":"<p>Kuzey\u2019in odas\u0131 \u00f6yle da\u011f\u0131n\u0131kt\u0131 ki, i\u00e7eri giren herkes kendini bir oyuncak tarlas\u0131nda buluyordu! Bir sabah oyuncak dinozorunun \u00fcst\u00fcne bas\u0131nca akl\u0131na \u201cf\u0131st\u0131k gibi\u201d bir fikir geldi: Kullanmad\u0131\u011f\u0131n<span class=\"excerpt-hellip\"> [\u2026]<\/span><\/p>\n","protected":false},"featured_media":0,"template":"","meta":{"_monsterinsights_skip_tracking":false,"_monsterinsights_sitenote_active":false,"_monsterinsights_sitenote_note":"","_monsterinsights_sitenote_category":0},"product_brand":[],"product_cat":[12274,12284],"product_tag":[],"class_list":{"0":"post-778720","1":"product","2":"type-product","3":"status-publish","5":"product_cat-cocuk-ve-genclik-kitaplari","6":"product_cat-hikayeler","7":"pa_cilt-ciltsiz","8":"pa_tur-kitap","9":"pa_yayinevi-timas-cocuk","10":"pa_yazar-sezer-ortadag","12":"first","13":"instock","14":"sale","15":"shipping-taxable","16":"purchasable","17":"product-type-simple"},"_links":{"self":[{"href":"https:\/\/roveyayinevi.com.tr\/index.php\/wp-json\/wp\/v2\/product\/778720","targetHints":{"allow":["GET"]}}],"collection":[{"href":"https:\/\/roveyayinevi.com.tr\/index.php\/wp-json\/wp\/v2\/product"}],"about":[{"href":"https:\/\/roveyayinevi.com.tr\/index.php\/wp-json\/wp\/v2\/types\/product"}],"wp:attachment":[{"href":"https:\/\/roveyayinevi.com.tr\/index.php\/wp-json\/wp\/v2\/media?parent=778720"}],"wp:term":[{"taxonomy":"product_brand","embeddable":true,"href":"https:\/\/roveyayinevi.com.tr\/index.php\/wp-json\/wp\/v2\/product_brand?post=778720"},{"taxonomy":"product_cat","embeddable":true,"href":"https:\/\/roveyayinevi.com.tr\/index.php\/wp-json\/wp\/v2\/product_cat?post=778720"},{"taxonomy":"product_tag","embeddable":true,"href":"https:\/\/roveyayinevi.com.tr\/index.php\/wp-json\/wp\/v2\/product_tag?post=778720"}],"curies":[{"name":"wp","href":"https:\/\/api.w.org\/{rel}","templated":true}]}}