{"id":778719,"date":"2025-11-20T00:27:28","date_gmt":"2025-11-19T21:27:28","guid":{"rendered":"https:\/\/roveyayinevi.com.tr\/index.php\/urun\/ekrana-sigmayan-macera\/"},"modified":"2026-04-15T03:44:07","modified_gmt":"2026-04-15T00:44:07","slug":"ekrana-sigmayan-macera","status":"publish","type":"product","link":"https:\/\/roveyayinevi.com.tr\/index.php\/urun\/ekrana-sigmayan-macera\/","title":{"rendered":"Ekrana S\u0131\u011fmayan Macera"},"content":{"rendered":"<p>Defne, hafta sonunu tabletsiz ge\u00e7irmek zorundad\u0131r. Bu, onun i\u00e7in d\u00fcnyan\u0131n sonu demek&#8230; Ama \u00e7ok ge\u00e7meden dostu Bilge ve onun g\u00fcne\u015f enerjisiyle \u00e7al\u0131\u015fan sevimli robotu Max\u2019le yeni bir maceraya at\u0131l\u0131r. Bu macera, Defne\u2019ye teknolojiyi yaln\u0131zca t\u00fcketmek de\u011fil, \u00fcretmek i\u00e7in de kullanabilece\u011fini g\u00f6sterir. Dedesi Profes\u00f6r Bulut\u2019un bah\u00e7esi, kodlama dersleri ve do\u011fan\u0131n i\u00e7inde ge\u00e7en e\u011flenceli ke\u015fifler, Defne\u2019nin hayat\u0131n\u0131 de\u011fi\u015ftirir. Ger\u00e7ek oyunlar\u0131n, kahkahalar\u0131n ve merak\u0131n ekrans\u0131z d\u00fcnyada da var oldu\u011funu ke\u015ffeden Defne, sonunda \u201ctablets\u0130z ama s\u00fcper\u201d bir hafta sonu ge\u00e7irir.<\/p>\n","protected":false},"excerpt":{"rendered":"<p>Defne, hafta sonunu tabletsiz ge\u00e7irmek zorundad\u0131r. Bu, onun i\u00e7in d\u00fcnyan\u0131n sonu demek&#8230; Ama \u00e7ok ge\u00e7meden dostu Bilge ve onun g\u00fcne\u015f enerjisiyle \u00e7al\u0131\u015fan sevimli robotu Max\u2019le yeni<span class=\"excerpt-hellip\"> [\u2026]<\/span><\/p>\n","protected":false},"featured_media":0,"template":"","meta":{"_monsterinsights_skip_tracking":false,"_monsterinsights_sitenote_active":false,"_monsterinsights_sitenote_note":"","_monsterinsights_sitenote_category":0},"product_brand":[],"product_cat":[12274,12284],"product_tag":[],"class_list":{"0":"post-778719","1":"product","2":"type-product","3":"status-publish","5":"product_cat-cocuk-ve-genclik-kitaplari","6":"product_cat-hikayeler","7":"pa_cilt-ciltsiz","8":"pa_tur-kitap","9":"pa_yayinevi-timas-cocuk","10":"pa_yazar-samet-can","12":"first","13":"instock","14":"sale","15":"shipping-taxable","16":"purchasable","17":"product-type-simple"},"_links":{"self":[{"href":"https:\/\/roveyayinevi.com.tr\/index.php\/wp-json\/wp\/v2\/product\/778719","targetHints":{"allow":["GET"]}}],"collection":[{"href":"https:\/\/roveyayinevi.com.tr\/index.php\/wp-json\/wp\/v2\/product"}],"about":[{"href":"https:\/\/roveyayinevi.com.tr\/index.php\/wp-json\/wp\/v2\/types\/product"}],"wp:attachment":[{"href":"https:\/\/roveyayinevi.com.tr\/index.php\/wp-json\/wp\/v2\/media?parent=778719"}],"wp:term":[{"taxonomy":"product_brand","embeddable":true,"href":"https:\/\/roveyayinevi.com.tr\/index.php\/wp-json\/wp\/v2\/product_brand?post=778719"},{"taxonomy":"product_cat","embeddable":true,"href":"https:\/\/roveyayinevi.com.tr\/index.php\/wp-json\/wp\/v2\/product_cat?post=778719"},{"taxonomy":"product_tag","embeddable":true,"href":"https:\/\/roveyayinevi.com.tr\/index.php\/wp-json\/wp\/v2\/product_tag?post=778719"}],"curies":[{"name":"wp","href":"https:\/\/api.w.org\/{rel}","templated":true}]}}