{"id":778717,"date":"2025-11-20T00:27:23","date_gmt":"2025-11-19T21:27:23","guid":{"rendered":"https:\/\/roveyayinevi.com.tr\/index.php\/urun\/belki-de-cok-seversin\/"},"modified":"2026-04-15T03:44:07","modified_gmt":"2026-04-15T00:44:07","slug":"belki-de-cok-seversin","status":"publish","type":"product","link":"https:\/\/roveyayinevi.com.tr\/index.php\/urun\/belki-de-cok-seversin\/","title":{"rendered":"Belki de \u00c7ok Seversin"},"content":{"rendered":"<p>Mino, yuvas\u0131 Karunya\u2019y\u0131, tav\u015fan\u0131 Tito\u2019yu ve en yak\u0131n arkada\u015f\u0131 Kiko\u2019yu her \u015feyden \u00e7ok seviyordu. Onun i\u00e7in mutluluk, bildi\u011fi ve al\u0131\u015ft\u0131\u011f\u0131 \u015feylerdi. Peki, D\u0131\u015f D\u00fcnya Kamp\u0131\u2019ndan gelen o gizemli davet de neyin nesiydi? Ya yeni arkada\u015flar edinmek, eskilerini unutmak demekse? Ya denedi\u011fi yeni tatlar, bildiklerinin yerini tutmazsa? Bazen en b\u00fcy\u00fck maceralar\u0131n kap\u0131s\u0131n\u0131 aralamak i\u00e7in ufac\u0131k bir cesaret yeter. Kapa\u011f\u0131 \u00e7evir ve Mino ile birlikte o ad\u0131m\u0131 atmaya haz\u0131rlan&#8230; Belki de \u00c7ok Seversin!<\/p>\n","protected":false},"excerpt":{"rendered":"<p>Mino, yuvas\u0131 Karunya\u2019y\u0131, tav\u015fan\u0131 Tito\u2019yu ve en yak\u0131n arkada\u015f\u0131 Kiko\u2019yu her \u015feyden \u00e7ok seviyordu. Onun i\u00e7in mutluluk, bildi\u011fi ve al\u0131\u015ft\u0131\u011f\u0131 \u015feylerdi. Peki, D\u0131\u015f D\u00fcnya Kamp\u0131\u2019ndan gelen<span class=\"excerpt-hellip\"> [\u2026]<\/span><\/p>\n","protected":false},"featured_media":0,"template":"","meta":{"_monsterinsights_skip_tracking":false,"_monsterinsights_sitenote_active":false,"_monsterinsights_sitenote_note":"","_monsterinsights_sitenote_category":0},"product_brand":[],"product_cat":[12274,12284],"product_tag":[],"class_list":{"0":"post-778717","1":"product","2":"type-product","3":"status-publish","5":"product_cat-cocuk-ve-genclik-kitaplari","6":"product_cat-hikayeler","7":"pa_cilt-ciltsiz","8":"pa_tur-kitap","9":"pa_yayinevi-timas-cocuk","10":"pa_yazar-ece-erdogus-levi","12":"first","13":"instock","14":"sale","15":"shipping-taxable","16":"purchasable","17":"product-type-simple"},"_links":{"self":[{"href":"https:\/\/roveyayinevi.com.tr\/index.php\/wp-json\/wp\/v2\/product\/778717","targetHints":{"allow":["GET"]}}],"collection":[{"href":"https:\/\/roveyayinevi.com.tr\/index.php\/wp-json\/wp\/v2\/product"}],"about":[{"href":"https:\/\/roveyayinevi.com.tr\/index.php\/wp-json\/wp\/v2\/types\/product"}],"wp:attachment":[{"href":"https:\/\/roveyayinevi.com.tr\/index.php\/wp-json\/wp\/v2\/media?parent=778717"}],"wp:term":[{"taxonomy":"product_brand","embeddable":true,"href":"https:\/\/roveyayinevi.com.tr\/index.php\/wp-json\/wp\/v2\/product_brand?post=778717"},{"taxonomy":"product_cat","embeddable":true,"href":"https:\/\/roveyayinevi.com.tr\/index.php\/wp-json\/wp\/v2\/product_cat?post=778717"},{"taxonomy":"product_tag","embeddable":true,"href":"https:\/\/roveyayinevi.com.tr\/index.php\/wp-json\/wp\/v2\/product_tag?post=778717"}],"curies":[{"name":"wp","href":"https:\/\/api.w.org\/{rel}","templated":true}]}}