{"id":778716,"date":"2025-11-20T00:27:22","date_gmt":"2025-11-19T21:27:22","guid":{"rendered":"https:\/\/roveyayinevi.com.tr\/index.php\/urun\/babamda-bir-tuhaflik-var\/"},"modified":"2026-04-15T03:44:07","modified_gmt":"2026-04-15T00:44:07","slug":"babamda-bir-tuhaflik-var","status":"publish","type":"product","link":"https:\/\/roveyayinevi.com.tr\/index.php\/urun\/babamda-bir-tuhaflik-var\/","title":{"rendered":"Babamda Bir Tuhafl\u0131k Var"},"content":{"rendered":"<p>Bir g\u00fcn baban\u0131n beyni yorulup tatile \u00e7\u0131kmak istese ne yapars\u0131n?Burki&#8217;nin babas\u0131 bir sabah \u00e7ok farkl\u0131 bir g\u00fcne uyan\u0131yor! Re\u00e7elle di\u015f f\u0131r\u00e7al\u0131yor, \u00fct\u00fcyle kahvalt\u0131 haz\u0131rl\u0131yor, ayakkab\u0131lar\u0131n\u0131 ellerine ge\u00e7iriyor&#8230;Burki, babas\u0131n\u0131n beyninin tatile \u00e7\u0131kt\u0131\u011f\u0131n\u0131 \u00f6\u011frenince onu bulmak i\u00e7in bir maceraya at\u0131l\u0131yor. Bu yolculukta bolca kahkaha, az\u0131c\u0131k h\u00fcz\u00fcn, biraz endi\u015fe ve \u00e7ok\u00e7a sevgi var.Baba ile o\u011fulun birbirini yeniden ke\u015ffetti\u011fi bu abs\u00fcrt ve s\u0131cak hik\u00e2yede siz de kendinizden bir par\u00e7a bulacaks\u0131n\u0131z.<\/p>\n","protected":false},"excerpt":{"rendered":"<p>Bir g\u00fcn baban\u0131n beyni yorulup tatile \u00e7\u0131kmak istese ne yapars\u0131n?Burki&#8217;nin babas\u0131 bir sabah \u00e7ok farkl\u0131 bir g\u00fcne uyan\u0131yor! Re\u00e7elle di\u015f f\u0131r\u00e7al\u0131yor, \u00fct\u00fcyle kahvalt\u0131 haz\u0131rl\u0131yor, ayakkab\u0131lar\u0131n\u0131 ellerine<span class=\"excerpt-hellip\"> [\u2026]<\/span><\/p>\n","protected":false},"featured_media":0,"template":"","meta":{"_monsterinsights_skip_tracking":false,"_monsterinsights_sitenote_active":false,"_monsterinsights_sitenote_note":"","_monsterinsights_sitenote_category":0},"product_brand":[],"product_cat":[141304],"product_tag":[],"class_list":{"0":"post-778716","1":"product","2":"type-product","3":"status-publish","5":"product_cat-yeni-cikanlar","6":"pa_cilt-ciltsiz","7":"pa_tur-kitap","8":"pa_yayinevi-timas-cocuk","9":"pa_yazar-didem-demirel","11":"first","12":"instock","13":"sale","14":"shipping-taxable","15":"purchasable","16":"product-type-simple"},"_links":{"self":[{"href":"https:\/\/roveyayinevi.com.tr\/index.php\/wp-json\/wp\/v2\/product\/778716","targetHints":{"allow":["GET"]}}],"collection":[{"href":"https:\/\/roveyayinevi.com.tr\/index.php\/wp-json\/wp\/v2\/product"}],"about":[{"href":"https:\/\/roveyayinevi.com.tr\/index.php\/wp-json\/wp\/v2\/types\/product"}],"wp:attachment":[{"href":"https:\/\/roveyayinevi.com.tr\/index.php\/wp-json\/wp\/v2\/media?parent=778716"}],"wp:term":[{"taxonomy":"product_brand","embeddable":true,"href":"https:\/\/roveyayinevi.com.tr\/index.php\/wp-json\/wp\/v2\/product_brand?post=778716"},{"taxonomy":"product_cat","embeddable":true,"href":"https:\/\/roveyayinevi.com.tr\/index.php\/wp-json\/wp\/v2\/product_cat?post=778716"},{"taxonomy":"product_tag","embeddable":true,"href":"https:\/\/roveyayinevi.com.tr\/index.php\/wp-json\/wp\/v2\/product_tag?post=778716"}],"curies":[{"name":"wp","href":"https:\/\/api.w.org\/{rel}","templated":true}]}}