{"id":778714,"date":"2025-11-20T00:27:18","date_gmt":"2025-11-19T21:27:18","guid":{"rendered":"https:\/\/roveyayinevi.com.tr\/index.php\/urun\/babamin-gizli-hazinesi\/"},"modified":"2026-04-15T03:44:07","modified_gmt":"2026-04-15T00:44:07","slug":"babamin-gizli-hazinesi","status":"publish","type":"product","link":"https:\/\/roveyayinevi.com.tr\/index.php\/urun\/babamin-gizli-hazinesi\/","title":{"rendered":"Babam\u0131n Gizli Hazinesi"},"content":{"rendered":"<p>Sen hi\u00e7 kahkaha atarak hazine arad\u0131n m\u0131?Babam bir g\u00fcn bize dedi ki: \u201cS\u0131k\u0131 durun! Bizim gizli bir hazinemiz var&#8230;\u201dSonra da hi\u00e7bir \u015fey s\u00f6ylemeden \u00e7ay\u0131n\u0131 h\u00f6p\u00fcrdeterek televizyon izlemeye ba\u015flad\u0131! Sorular\u0131m\u0131z\u0131n hi\u00e7birine cevap vermedi.O andan itibaren beynim, durmadan fikir patlatan bir patlam\u0131\u015f m\u0131s\u0131r makinesine d\u00f6n\u00fc\u015ft\u00fc.Bu hazine ne olabilir? Bir define mi?Bir s\u00fcper g\u00fc\u00e7 m\u00fc? Haval\u0131 bir u\u00e7an araba m\u0131?Bu s\u0131rr\u0131 \u00e7\u00f6zmeye \u00e7al\u0131\u015f\u0131rke etraf\u0131m tam bir curcuna:K\u0131z\u0131nca g\u00f6zlerinden ejderha ate\u015fi p\u00fcsk\u00fcrten annem, beyni burnundan akan karde\u015fim Zeynep, acayip \u00f6\u011fretmenlerim, \u015fakac\u0131 arkada\u015flar\u0131m ve asla pe\u015fimi b\u0131rakmayan t\u00fcrl\u00fc kazalar&#8230;B\u00fct\u00fcn bu karma\u015fan\u0131n ortas\u0131nda korkusuzca &#8220;Eyvahlar olsun!&#8221; demeye haz\u0131rsan ilk sayfay\u0131 \u00e7evir ve macera ba\u015flas\u0131n!<\/p>\n","protected":false},"excerpt":{"rendered":"<p>Sen hi\u00e7 kahkaha atarak hazine arad\u0131n m\u0131?Babam bir g\u00fcn bize dedi ki: \u201cS\u0131k\u0131 durun! Bizim gizli bir hazinemiz var&#8230;\u201dSonra da hi\u00e7bir \u015fey s\u00f6ylemeden \u00e7ay\u0131n\u0131 h\u00f6p\u00fcrdeterek televizyon<span class=\"excerpt-hellip\"> [\u2026]<\/span><\/p>\n","protected":false},"featured_media":0,"template":"","meta":{"_monsterinsights_skip_tracking":false,"_monsterinsights_sitenote_active":false,"_monsterinsights_sitenote_note":"","_monsterinsights_sitenote_category":0},"product_brand":[],"product_cat":[141304],"product_tag":[],"class_list":{"0":"post-778714","1":"product","2":"type-product","3":"status-publish","5":"product_cat-yeni-cikanlar","6":"pa_cilt-ciltsiz","7":"pa_tur-kitap","8":"pa_yayinevi-genc-timas","9":"pa_yazar-emine-tugba-iscimen","11":"first","12":"instock","13":"sale","14":"shipping-taxable","15":"purchasable","16":"product-type-simple"},"_links":{"self":[{"href":"https:\/\/roveyayinevi.com.tr\/index.php\/wp-json\/wp\/v2\/product\/778714","targetHints":{"allow":["GET"]}}],"collection":[{"href":"https:\/\/roveyayinevi.com.tr\/index.php\/wp-json\/wp\/v2\/product"}],"about":[{"href":"https:\/\/roveyayinevi.com.tr\/index.php\/wp-json\/wp\/v2\/types\/product"}],"wp:attachment":[{"href":"https:\/\/roveyayinevi.com.tr\/index.php\/wp-json\/wp\/v2\/media?parent=778714"}],"wp:term":[{"taxonomy":"product_brand","embeddable":true,"href":"https:\/\/roveyayinevi.com.tr\/index.php\/wp-json\/wp\/v2\/product_brand?post=778714"},{"taxonomy":"product_cat","embeddable":true,"href":"https:\/\/roveyayinevi.com.tr\/index.php\/wp-json\/wp\/v2\/product_cat?post=778714"},{"taxonomy":"product_tag","embeddable":true,"href":"https:\/\/roveyayinevi.com.tr\/index.php\/wp-json\/wp\/v2\/product_tag?post=778714"}],"curies":[{"name":"wp","href":"https:\/\/api.w.org\/{rel}","templated":true}]}}