{"id":778707,"date":"2025-11-20T00:27:05","date_gmt":"2025-11-19T21:27:05","guid":{"rendered":"https:\/\/roveyayinevi.com.tr\/index.php\/urun\/kuranin-satir-aralari\/"},"modified":"2026-04-15T03:44:06","modified_gmt":"2026-04-15T00:44:06","slug":"kuranin-satir-aralari","status":"publish","type":"product","link":"https:\/\/roveyayinevi.com.tr\/index.php\/urun\/kuranin-satir-aralari\/","title":{"rendered":"Kur\u2019an\u2019\u0131n Sat\u0131r Aralar\u0131"},"content":{"rendered":"<p>Kur\u2019\u00e2n yaln\u0131zca okunmak i\u00e7in de\u011fil anla\u015f\u0131lmak i\u00e7in indirilmi\u015f bir kelam. Peki biz, onu ger\u00e7ekten anlamaya \u00e7al\u0131\u015f\u0131yor muyuz? Kur\u2019\u00e2n\u2019\u0131n Sat\u0131r Aralar\u0131, Kur\u2019\u00e2n\u2019\u0131 anlamaya adanm\u0131\u015f 30 y\u0131ll\u0131k bir yolculu\u011fun meyvesidir. Ne bir meal ne de bir tefsirdir. Ancak her ikisine de \u0131\u015f\u0131k tutan, meal okurken fark edilmeyen incelikleri hat\u0131rlatan bir k\u0131lavuzdur. Her ayetin ard\u0131nda sakl\u0131 derin anlamlar\u0131, dilin s\u0131n\u0131rl\u0131l\u0131\u011f\u0131n\u0131, \u00e7evirinin getirdi\u011fi ka\u00e7\u0131n\u0131lmaz uzakl\u0131klar\u0131 fark ettiren bu eser, okurunu Kur\u2019\u00e2n\u2019\u0131 anlamaya y\u00f6nlendiren bilin\u00e7li bir okumaya davet ediyor. Fatiha ve Bakara S\u00fbreleri \u00fczerinden ilerleyen bu \u00e7al\u0131\u015fma, sadece a\u00e7\u0131klamakla kalm\u0131yor; Kur\u2019\u00e2n\u2019\u0131 anlayarak okuman\u0131n neden hayati bir ihtiya\u00e7 oldu\u011funu yeniden hat\u0131rlat\u0131yor. Yazar, onlarca meal ve kaynak incelemesiyle, Kur\u2019\u00e2n dilinin zenginli\u011fini, ayetlerin b\u00fct\u00fcnl\u00fc\u011f\u00fcn\u00fc ve tekrarlar\u0131n hikmetini \u00f6rneklerle g\u00f6steriyor. Amac\u0131 tart\u0131\u015fmak de\u011fil, sevdirerek \u00f6\u011fretmek; sorgulatmak de\u011fil, Kur\u2019\u00e2n\u2019a yakla\u015ft\u0131rmak. Kur\u2019\u00e2n\u2019\u0131n bir mucize olu\u015funa, onunla ba\u011f kurman\u0131n insana katt\u0131\u011f\u0131 derin anlamlara ve \u201canlamadan okumak\u201dla \u201cidrak ederek okumak\u201d aras\u0131ndaki farklara odaklanan bu \u00e7al\u0131\u015fma, her seviyeden okuyucuya rehberlik edecek nitelikte. Kur\u2019\u00e2n\u2019\u0131n Sat\u0131r Aralar\u0131, Kur\u2019\u00e2n\u2019la ba\u011f kurmak isteyen herkes i\u00e7in yaz\u0131ld\u0131. \u00c7\u00fcnk\u00fc Kur\u2019\u00e2n\u2019\u0131 anlamak, Rabbimizin bizimle konu\u015ftu\u011funu fark etmektir\u2026 Kur\u2019\u00e2n\u2019\u0131n Sat\u0131r Aralar\u0131, ancak bir veya birka\u00e7 meal e\u015fli\u011finde okundu\u011fu zaman istifadeli olacakt\u0131r.<\/p>\n","protected":false},"excerpt":{"rendered":"<p>Kur\u2019\u00e2n yaln\u0131zca okunmak i\u00e7in de\u011fil anla\u015f\u0131lmak i\u00e7in indirilmi\u015f bir kelam. Peki biz, onu ger\u00e7ekten anlamaya \u00e7al\u0131\u015f\u0131yor muyuz? Kur\u2019\u00e2n\u2019\u0131n Sat\u0131r Aralar\u0131, Kur\u2019\u00e2n\u2019\u0131 anlamaya adanm\u0131\u015f 30 y\u0131ll\u0131k bir<span class=\"excerpt-hellip\"> [\u2026]<\/span><\/p>\n","protected":false},"featured_media":0,"template":"","meta":{"_monsterinsights_skip_tracking":false,"_monsterinsights_sitenote_active":false,"_monsterinsights_sitenote_note":"","_monsterinsights_sitenote_category":0},"product_brand":[],"product_cat":[12718,12719,17284],"product_tag":[],"class_list":{"0":"post-778707","1":"product","2":"type-product","3":"status-publish","5":"product_cat-din","6":"product_cat-islam","7":"product_cat-kuran-ve-kuran-uzerine","8":"pa_cilt-ciltsiz","9":"pa_tur-kitap","10":"pa_yayinevi-timas-yayinlari","11":"pa_yazar-fatma-serap-karamollaoglu","13":"first","14":"instock","15":"sale","16":"shipping-taxable","17":"purchasable","18":"product-type-simple"},"_links":{"self":[{"href":"https:\/\/roveyayinevi.com.tr\/index.php\/wp-json\/wp\/v2\/product\/778707","targetHints":{"allow":["GET"]}}],"collection":[{"href":"https:\/\/roveyayinevi.com.tr\/index.php\/wp-json\/wp\/v2\/product"}],"about":[{"href":"https:\/\/roveyayinevi.com.tr\/index.php\/wp-json\/wp\/v2\/types\/product"}],"wp:attachment":[{"href":"https:\/\/roveyayinevi.com.tr\/index.php\/wp-json\/wp\/v2\/media?parent=778707"}],"wp:term":[{"taxonomy":"product_brand","embeddable":true,"href":"https:\/\/roveyayinevi.com.tr\/index.php\/wp-json\/wp\/v2\/product_brand?post=778707"},{"taxonomy":"product_cat","embeddable":true,"href":"https:\/\/roveyayinevi.com.tr\/index.php\/wp-json\/wp\/v2\/product_cat?post=778707"},{"taxonomy":"product_tag","embeddable":true,"href":"https:\/\/roveyayinevi.com.tr\/index.php\/wp-json\/wp\/v2\/product_tag?post=778707"}],"curies":[{"name":"wp","href":"https:\/\/api.w.org\/{rel}","templated":true}]}}