{"id":778706,"date":"2025-11-20T00:27:04","date_gmt":"2025-11-19T21:27:04","guid":{"rendered":"https:\/\/roveyayinevi.com.tr\/index.php\/urun\/devlet-adalet-siyaset\/"},"modified":"2026-04-15T03:44:06","modified_gmt":"2026-04-15T00:44:06","slug":"devlet-adalet-siyaset","status":"publish","type":"product","link":"https:\/\/roveyayinevi.com.tr\/index.php\/urun\/devlet-adalet-siyaset\/","title":{"rendered":"Devlet Adalet Siyaset"},"content":{"rendered":"<p>Thomas Aquinas, Bat\u0131 d\u00fc\u015f\u00fcnce tarihinde teoloji ile siyaseti uzla\u015ft\u0131ran en kapsaml\u0131 sistemin kurucusudur. Aquinas\u2019a g\u00f6re, siyasal d\u00fczenin amac\u0131 salt y\u00f6netim de\u011fil, insan\u0131n nihai iyili\u011fidir. Devletin me\u015fruiyeti Tanr\u0131\u2019dan gelir; ancak otoritenin s\u0131n\u0131r\u0131n\u0131 belirleyen, akl\u0131n rehberli\u011finde kurulan adalettir.Thomas Aquinas\u2019\u0131n siyaset felsefesi \u00fczerine yaz\u0131lar\u0131, hem Orta \u00c7a\u011f Hristiyan d\u00fc\u015f\u00fcncesinin doru\u011fu hem de modern siyaset teorisinin temellerinden biri say\u0131l\u0131r.Thomas Aquinas, siyaset \u00fczerine d\u00fc\u015f\u00fcn\u00fcrken yaln\u0131zca bir teolog de\u011fil, ayn\u0131 zamanda bir insanl\u0131k filozofu olarak konu\u015fur. \u201cDevlet, Adalet, Siyaset\u201d ismiyle sunulan bu \u00e7al\u0131\u015fmadaki metinler, Aquinas\u2019\u0131n Tanr\u0131, yasa, adalet, iktidar ve toplum \u00fczerinden geli\u015ftirdi\u011fi b\u00fcy\u00fck sentezi ortaya koyar. Aristoteles\u2019in ak\u0131lc\u0131l\u0131\u011f\u0131n\u0131 inanc\u0131n ahlaki temelleriyle bulu\u015fturur; iktidar\u0131n me\u015fruiyetini Tanr\u0131\u2019da, ama s\u0131n\u0131r\u0131n\u0131 insanda bulur. Ona g\u00f6re y\u00f6netenler, yaln\u0131zca Tanr\u0131\u2019ya de\u011fil, adalete ve halk\u0131n iyili\u011fine de hesap vermek zorundad\u0131r.\u201cYasa, akl\u0131n rehberli\u011finde adalet aray\u0131\u015f\u0131d\u0131r.\u201dSiyasal akl\u0131n teolojik k\u00f6kenlerini anlamak isteyen ara\u015ft\u0131rmac\u0131lar, \u00f6\u011frenciler ve klasik d\u00fc\u015f\u00fcnceye ilgi duyan okurlar i\u00e7in ufuk a\u00e7\u0131c\u0131 bir ba\u015fvuru kayna\u011f\u0131\u2026<\/p>\n","protected":false},"excerpt":{"rendered":"<p>Thomas Aquinas, Bat\u0131 d\u00fc\u015f\u00fcnce tarihinde teoloji ile siyaseti uzla\u015ft\u0131ran en kapsaml\u0131 sistemin kurucusudur. Aquinas\u2019a g\u00f6re, siyasal d\u00fczenin amac\u0131 salt y\u00f6netim de\u011fil, insan\u0131n nihai iyili\u011fidir. Devletin me\u015fruiyeti<span class=\"excerpt-hellip\"> [\u2026]<\/span><\/p>\n","protected":false},"featured_media":0,"template":"","meta":{"_monsterinsights_skip_tracking":false,"_monsterinsights_sitenote_active":false,"_monsterinsights_sitenote_note":"","_monsterinsights_sitenote_category":0},"product_brand":[],"product_cat":[12388,15536],"product_tag":[],"class_list":{"0":"post-778706","1":"product","2":"type-product","3":"status-publish","5":"product_cat-felsefe","6":"product_cat-siyaset-felsefesi","7":"pa_cilt-ciltsiz","8":"pa_tur-kitap","9":"pa_yayinevi-timas-akademi-yayinlari","10":"pa_yazar-thomas-aquinas","12":"first","13":"instock","14":"sale","15":"shipping-taxable","16":"purchasable","17":"product-type-simple"},"_links":{"self":[{"href":"https:\/\/roveyayinevi.com.tr\/index.php\/wp-json\/wp\/v2\/product\/778706","targetHints":{"allow":["GET"]}}],"collection":[{"href":"https:\/\/roveyayinevi.com.tr\/index.php\/wp-json\/wp\/v2\/product"}],"about":[{"href":"https:\/\/roveyayinevi.com.tr\/index.php\/wp-json\/wp\/v2\/types\/product"}],"wp:attachment":[{"href":"https:\/\/roveyayinevi.com.tr\/index.php\/wp-json\/wp\/v2\/media?parent=778706"}],"wp:term":[{"taxonomy":"product_brand","embeddable":true,"href":"https:\/\/roveyayinevi.com.tr\/index.php\/wp-json\/wp\/v2\/product_brand?post=778706"},{"taxonomy":"product_cat","embeddable":true,"href":"https:\/\/roveyayinevi.com.tr\/index.php\/wp-json\/wp\/v2\/product_cat?post=778706"},{"taxonomy":"product_tag","embeddable":true,"href":"https:\/\/roveyayinevi.com.tr\/index.php\/wp-json\/wp\/v2\/product_tag?post=778706"}],"curies":[{"name":"wp","href":"https:\/\/api.w.org\/{rel}","templated":true}]}}