{"id":778701,"date":"2025-11-20T00:26:54","date_gmt":"2025-11-19T21:26:54","guid":{"rendered":"https:\/\/roveyayinevi.com.tr\/index.php\/urun\/oyle-gecer-ki-zaman-teoman-durali-kitabi\/"},"modified":"2026-04-15T03:43:51","modified_gmt":"2026-04-15T00:43:51","slug":"oyle-gecer-ki-zaman-teoman-durali-kitabi","status":"publish","type":"product","link":"https:\/\/roveyayinevi.com.tr\/index.php\/urun\/oyle-gecer-ki-zaman-teoman-durali-kitabi\/","title":{"rendered":"\u00d6yle Ge\u00e7er ki Zaman &#8211; Teoman Dural\u0131 Kitab\u0131"},"content":{"rendered":"<p>Bir \u00e2lem, bir \u00e2lim, bir dosttu&#8230; Ald\u0131\u011f\u0131 onca \u00f6d\u00fcl, sitayi\u015f veya methiye hayatta en hakiki m\u00fcr\u015fitlerden sayd\u0131\u011f\u0131 sahici samimiyetini hi\u00e7 g\u00f6lgelemedi. G\u00f6r\u00fcnmeyi dert edenler bir g\u00f6r\u00fcn\u00fcr, bir kaybolur. O, g\u00f6r\u00fcnmeyi dert etmeden g\u00f6r\u00fcn\u00fcrle\u015ferek bir deniz feneri haline geldi. Do\u011fdu; haylaz bir \u00e7ocuktu. M\u00fctevaz\u0131 bir \u015fekilde filozof\u00e7a ya\u015fad\u0131 ve dimdik ayakta kucaklad\u0131 \u00f6l\u00fcm\u00fc. Her \u015feyden \u00f6nce ve sonra bir insand\u0131. \u0130nsansa \u201c\u00f6l\u00e7\u00fclmez, bi\u00e7ilmez, kal\u0131ba s\u0131\u011fmaz bir bilmece!\u201d***Teoman Dural\u0131, sadece bir felsefeci de\u011fil; \u00e7a\u011f\u0131n\u0131 a\u015fan bir medeniyet d\u00fc\u015f\u00fcn\u00fcr\u00fcyd\u00fc.Bir biyolog titizli\u011fiyle d\u00fc\u015f\u00fcncenin damarlar\u0131nda gezinir, bir k\u00e2\u015fif gibi hakikatin izini s\u00fcrerdi. Sadece d\u00fc\u015f\u00fcnce hayat\u0131m\u0131za katt\u0131klar\u0131yla de\u011fil, ya\u015fant\u0131s\u0131yla da ufuk a\u00e7an Dural\u0131\u2019n\u0131n Zonguldak\u2019taki \u00e7ocukluk g\u00fcnlerinden \u0130stanbul \u00dcniversitesi\u2019nin k\u00fcrs\u00fclerine,Bat\u0131 d\u00fc\u015f\u00fcncesiyle hesapla\u015fmas\u0131ndan T\u00fcrk medeniyet tasavvurunu yeniden kurma \u00e7abas\u0131na uzanan entelekt\u00fcel yolculu\u011fu kendi s\u00f6zleriyle dile geliyor.Modern \u00e7a\u011f\u0131n salvolar\u0131na kar\u015f\u0131 dimdik duran bir bilincin, Bat\u0131\u2019n\u0131n b\u00fcy\u00fcs\u00fcne kap\u0131lmadan evrensel d\u00fc\u015f\u00fcnmenin ve T\u00fcrkiye\u2019de felsefe yapman\u0131n onurlu yaln\u0131zl\u0131\u011f\u0131n\u0131n hik\u00e2yesi bu.***Babam\u0131z\u0131n hayat\u0131nda mihenk ta\u015f\u0131 olan iki kavram vard\u0131r; utanma duygusu ve \u00f6dev bilinci. Bunu bizlere \u00f6ncelikle davran\u0131\u015flar\u0131yla ve ya\u015fant\u0131s\u0131yla aktarmaya \u00e7al\u0131\u015fm\u0131\u015ft\u0131r.&#8221;Elif \u00c7a\u011flayan-Deniz Dural\u0131\u201cTeoman Dural\u0131&#8217;n\u0131n hem ya\u015fam hem fikir d\u00fcnyas\u0131, modernli\u011fin maddeci anlay\u0131\u015f\u0131na kar\u015f\u0131, ahlak, hikmet ve metafizik derinlik \u00fczerine kurulu b\u00fct\u00fcnc\u00fcl bir insan ve medeniyet tasavvurudur. Ona g\u00f6re &#8216;be\u015fer&#8217; olarak do\u011fulur, ahlak, hikmet ve terbiye yolculu\u011fu sonunda &#8216;insan&#8217; olunur.Ahmet Da\u011f &#8220;Bat\u0131\u2019n\u0131n merak ve titizli\u011fi, Do\u011fu\u2019nun bilgelik ufku. \u0130nsana, k\u00fclt\u00fcre, co\u011frafyaya dostluk. Muhte\u015fem bir g\u00f6zlem yetene\u011fi \u00fczerine felsefeyle \u00f6r\u00fcl\u00fc bir tefekk\u00fcr. \u0130\u015fte dost Teoman Dural\u0131\u2019n\u0131n g\u00f6nl\u00fcm\u00fczden hi\u00e7 silinmeyecek izleri.&#8221;Prof. Dr. Kenan G\u00fcrsoyArka i\u00e7 kapak:Ve, sonu\u00e7 olarak:Dural\u0131&#8217;n\u0131n, \u00e7a\u011f\u0131n t\u00fcketicili\u011fine ve s\u0131\u011fl\u0131\u011f\u0131na kar\u015f\u0131 t\u00fcm bu keskin felsefi itirazlar\u0131 ve bu itirazlar\u0131n ortaya \u00e7\u0131kard\u0131\u011f\u0131 ikilikler, nihayetinde bir se\u00e7imle sonu\u00e7lan\u0131r. Kitap, sars\u0131c\u0131 bir \u00fcslupla, okuru bu ikilikler kar\u015f\u0131s\u0131nda bir tav\u0131r almaya davet eder:\u2022    Ya, Zaman\u2019\u0131n \u00f6nlenemez ak\u0131\u015f\u0131na kap\u0131l\u0131p k\u00f6ks\u00fcz, haf\u0131zas\u0131z, ama\u00e7s\u0131z ve yaln\u0131z bir birey olarak t\u00fckenecektir.\u2022    Ya da, Zaman&#8217;\u0131n anlaml\u0131 s\u00fcreklili\u011fini ke\u015ffederek, bir medeniyet varl\u0131\u011f\u0131 olarak gelene\u011fin bilgeli\u011fiyle bulu\u015facak ve yeni bir anlam d\u00fcnyas\u0131 in\u015fa etmek i\u00e7in m\u00fccadele edecektir.Dural\u0131&#8217;n\u0131n kendisi, radikal bir ele\u015ftirel duru\u015fla, kitab\u0131n her sat\u0131r\u0131nda ikinci se\u00e7ene\u011fin savunuculu\u011funu yapar. &#8220;\u00d6yle Ge\u00e7er ki Zaman&#8221; bu tercihin manifestosudur.\u00c7i\u011fdem D\u00fcr\u00fc\u015fken<\/p>\n","protected":false},"excerpt":{"rendered":"<p>Bir \u00e2lem, bir \u00e2lim, bir dosttu&#8230; Ald\u0131\u011f\u0131 onca \u00f6d\u00fcl, sitayi\u015f veya methiye hayatta en hakiki m\u00fcr\u015fitlerden sayd\u0131\u011f\u0131 sahici samimiyetini hi\u00e7 g\u00f6lgelemedi. G\u00f6r\u00fcnmeyi dert edenler bir g\u00f6r\u00fcn\u00fcr,<span class=\"excerpt-hellip\"> [\u2026]<\/span><\/p>\n","protected":false},"featured_media":0,"template":"","meta":{"_monsterinsights_skip_tracking":false,"_monsterinsights_sitenote_active":false,"_monsterinsights_sitenote_note":"","_monsterinsights_sitenote_category":0},"product_brand":[],"product_cat":[12291,30969],"product_tag":[],"class_list":{"0":"post-778701","1":"product","2":"type-product","3":"status-publish","5":"product_cat-edebiyat","6":"product_cat-soylesi-edebiyat","7":"pa_cilt-ciltsiz","8":"pa_tur-kitap","9":"pa_yayinevi-timas-yayinlari","10":"pa_yazar-kolektif","12":"first","13":"instock","14":"sale","15":"shipping-taxable","16":"purchasable","17":"product-type-simple"},"_links":{"self":[{"href":"https:\/\/roveyayinevi.com.tr\/index.php\/wp-json\/wp\/v2\/product\/778701","targetHints":{"allow":["GET"]}}],"collection":[{"href":"https:\/\/roveyayinevi.com.tr\/index.php\/wp-json\/wp\/v2\/product"}],"about":[{"href":"https:\/\/roveyayinevi.com.tr\/index.php\/wp-json\/wp\/v2\/types\/product"}],"wp:attachment":[{"href":"https:\/\/roveyayinevi.com.tr\/index.php\/wp-json\/wp\/v2\/media?parent=778701"}],"wp:term":[{"taxonomy":"product_brand","embeddable":true,"href":"https:\/\/roveyayinevi.com.tr\/index.php\/wp-json\/wp\/v2\/product_brand?post=778701"},{"taxonomy":"product_cat","embeddable":true,"href":"https:\/\/roveyayinevi.com.tr\/index.php\/wp-json\/wp\/v2\/product_cat?post=778701"},{"taxonomy":"product_tag","embeddable":true,"href":"https:\/\/roveyayinevi.com.tr\/index.php\/wp-json\/wp\/v2\/product_tag?post=778701"}],"curies":[{"name":"wp","href":"https:\/\/api.w.org\/{rel}","templated":true}]}}