{"id":778696,"date":"2025-11-20T00:26:47","date_gmt":"2025-11-19T21:26:47","guid":{"rendered":"https:\/\/roveyayinevi.com.tr\/index.php\/urun\/fark-et-guclen-hayatini-kur\/"},"modified":"2026-04-03T03:34:47","modified_gmt":"2026-04-03T00:34:47","slug":"fark-et-guclen-hayatini-kur","status":"publish","type":"product","link":"https:\/\/roveyayinevi.com.tr\/index.php\/urun\/fark-et-guclen-hayatini-kur\/","title":{"rendered":"Fark Et, G\u00fc\u00e7len, Hayat\u0131n\u0131 Kur"},"content":{"rendered":"<p>Zaman h\u0131zla ak\u0131yor; i\u015fler, hedefler, beklentiler birbirine kar\u0131\u015f\u0131yor. G\u00fcn bitiyor ama zihnimiz susmuyor. Modern hayat, son s\u00fcrat ko\u015farken neden ba\u015flad\u0131\u011f\u0131m\u0131z\u0131 bile unuttu\u011fumuz bir yar\u0131\u015fa d\u00f6n\u00fc\u015ft\u00fc.Karar Ver, Planla, Harekete Ge\u00e7\u2019te bireysel de\u011fi\u015fimin eyleme d\u00f6k\u00fclme s\u00fcrecine odaklanan Ay\u00e7a Karaman, bu kez i\u00e7inde s\u0131k\u0131\u015f\u0131p kald\u0131\u011f\u0131m\u0131z d\u00f6ng\u00fcy\u00fc durdurup anlaml\u0131 bir hayat kurman\u0131n yollar\u0131n\u0131 ar\u0131yor. Kontrol etme \u00e7abam\u0131z\u0131n, s\u00fcrekli k\u0131yaslaman\u0131n, dijital dikkat da\u011f\u0131n\u0131kl\u0131\u011f\u0131n\u0131n ve t\u00fckenmi\u015fli\u011fin ard\u0131ndaki psikolojik dinamikleri ele al\u0131yor.Fark Et, G\u00fc\u00e7len, Hayat\u0131n\u0131 Kur \u201chep daha fazlas\u0131\u201dn\u0131 yapmaya \u00e7a\u011f\u0131ran bir ki\u015fisel geli\u015fim kitab\u0131 de\u011fil; aksine, yolda olman\u0131n, bazen durman\u0131n, eksik kalman\u0131n da insana ait oldu\u011funu hat\u0131rlatan i\u00e7ten bir anlat\u0131. \u00c7\u00fcnk\u00fc as\u0131l g\u00fc\u00e7, ba\u015fkalar\u0131n\u0131n temposuna uymakta de\u011fil, kendi ritmini ke\u015ffedip orada ya\u015fam bulmakta.<\/p>\n","protected":false},"excerpt":{"rendered":"<p>Zaman h\u0131zla ak\u0131yor; i\u015fler, hedefler, beklentiler birbirine kar\u0131\u015f\u0131yor. G\u00fcn bitiyor ama zihnimiz susmuyor. Modern hayat, son s\u00fcrat ko\u015farken neden ba\u015flad\u0131\u011f\u0131m\u0131z\u0131 bile unuttu\u011fumuz bir yar\u0131\u015fa d\u00f6n\u00fc\u015ft\u00fc.Karar Ver,<span class=\"excerpt-hellip\"> [\u2026]<\/span><\/p>\n","protected":false},"featured_media":0,"template":"","meta":{"_monsterinsights_skip_tracking":false,"_monsterinsights_sitenote_active":false,"_monsterinsights_sitenote_note":"","_monsterinsights_sitenote_category":0},"product_brand":[],"product_cat":[12364,12376],"product_tag":[],"class_list":{"0":"post-778696","1":"product","2":"type-product","3":"status-publish","5":"product_cat-genel-konular","6":"product_cat-kisisel-gelisim","7":"pa_cilt-ciltsiz","8":"pa_tur-kitap","9":"pa_yayinevi-timas-yayinlari","10":"pa_yazar-ayca-karaman","12":"first","13":"instock","14":"sale","15":"shipping-taxable","16":"purchasable","17":"product-type-simple"},"_links":{"self":[{"href":"https:\/\/roveyayinevi.com.tr\/index.php\/wp-json\/wp\/v2\/product\/778696","targetHints":{"allow":["GET"]}}],"collection":[{"href":"https:\/\/roveyayinevi.com.tr\/index.php\/wp-json\/wp\/v2\/product"}],"about":[{"href":"https:\/\/roveyayinevi.com.tr\/index.php\/wp-json\/wp\/v2\/types\/product"}],"wp:attachment":[{"href":"https:\/\/roveyayinevi.com.tr\/index.php\/wp-json\/wp\/v2\/media?parent=778696"}],"wp:term":[{"taxonomy":"product_brand","embeddable":true,"href":"https:\/\/roveyayinevi.com.tr\/index.php\/wp-json\/wp\/v2\/product_brand?post=778696"},{"taxonomy":"product_cat","embeddable":true,"href":"https:\/\/roveyayinevi.com.tr\/index.php\/wp-json\/wp\/v2\/product_cat?post=778696"},{"taxonomy":"product_tag","embeddable":true,"href":"https:\/\/roveyayinevi.com.tr\/index.php\/wp-json\/wp\/v2\/product_tag?post=778696"}],"curies":[{"name":"wp","href":"https:\/\/api.w.org\/{rel}","templated":true}]}}