{"id":778693,"date":"2025-11-20T00:26:42","date_gmt":"2025-11-19T21:26:42","guid":{"rendered":"https:\/\/roveyayinevi.com.tr\/index.php\/urun\/kucuk-su-samuru\/"},"modified":"2026-04-15T03:43:50","modified_gmt":"2026-04-15T00:43:50","slug":"kucuk-su-samuru","status":"publish","type":"product","link":"https:\/\/roveyayinevi.com.tr\/index.php\/urun\/kucuk-su-samuru\/","title":{"rendered":"K\u00fc\u00e7\u00fck Su Samuru"},"content":{"rendered":"<p>Buz gibi okyanuslarda y\u00fczen pofuduk bir su samuru olman\u0131n neye benzedi\u011fini merak ettiniz mi? O halde k\u00fc\u00e7\u00fck su samuruyla tan\u0131\u015fmal\u0131s\u0131n\u0131z! Muhte\u015fem \u00e7izimleriyle bu hik\u00e2ye su samurlar\u0131n\u0131n ya\u015fam d\u00f6ng\u00fcs\u00fcne m\u00fckemmel bir giri\u015f niteli\u011finde. <\/p>\n","protected":false},"excerpt":{"rendered":"<p>Buz gibi okyanuslarda y\u00fczen pofuduk bir su samuru olman\u0131n neye benzedi\u011fini merak ettiniz mi? O halde k\u00fc\u00e7\u00fck su samuruyla tan\u0131\u015fmal\u0131s\u0131n\u0131z! Muhte\u015fem \u00e7izimleriyle bu hik\u00e2ye su samurlar\u0131n\u0131n<span class=\"excerpt-hellip\"> [\u2026]<\/span><\/p>\n","protected":false},"featured_media":0,"template":"","meta":{"_monsterinsights_skip_tracking":false,"_monsterinsights_sitenote_active":false,"_monsterinsights_sitenote_note":"","_monsterinsights_sitenote_category":0},"product_brand":[],"product_cat":[12274,12518],"product_tag":[],"class_list":{"0":"post-778693","1":"product","2":"type-product","3":"status-publish","5":"product_cat-cocuk-ve-genclik-kitaplari","6":"product_cat-okul-oncesi-kitaplar","7":"pa_cilt-ciltsiz","8":"pa_tur-kitap","9":"pa_yayinevi-is-bankasi-kultur-yayinlari","10":"pa_yazar-rose-harkness","12":"first","13":"instock","14":"sale","15":"shipping-taxable","16":"purchasable","17":"product-type-simple"},"_links":{"self":[{"href":"https:\/\/roveyayinevi.com.tr\/index.php\/wp-json\/wp\/v2\/product\/778693","targetHints":{"allow":["GET"]}}],"collection":[{"href":"https:\/\/roveyayinevi.com.tr\/index.php\/wp-json\/wp\/v2\/product"}],"about":[{"href":"https:\/\/roveyayinevi.com.tr\/index.php\/wp-json\/wp\/v2\/types\/product"}],"wp:attachment":[{"href":"https:\/\/roveyayinevi.com.tr\/index.php\/wp-json\/wp\/v2\/media?parent=778693"}],"wp:term":[{"taxonomy":"product_brand","embeddable":true,"href":"https:\/\/roveyayinevi.com.tr\/index.php\/wp-json\/wp\/v2\/product_brand?post=778693"},{"taxonomy":"product_cat","embeddable":true,"href":"https:\/\/roveyayinevi.com.tr\/index.php\/wp-json\/wp\/v2\/product_cat?post=778693"},{"taxonomy":"product_tag","embeddable":true,"href":"https:\/\/roveyayinevi.com.tr\/index.php\/wp-json\/wp\/v2\/product_tag?post=778693"}],"curies":[{"name":"wp","href":"https:\/\/api.w.org\/{rel}","templated":true}]}}