{"id":778691,"date":"2025-11-20T00:26:37","date_gmt":"2025-11-19T21:26:37","guid":{"rendered":"https:\/\/roveyayinevi.com.tr\/index.php\/urun\/ilk-bilim-kitabim\/"},"modified":"2026-04-15T03:43:50","modified_gmt":"2026-04-15T00:43:50","slug":"ilk-bilim-kitabim","status":"publish","type":"product","link":"https:\/\/roveyayinevi.com.tr\/index.php\/urun\/ilk-bilim-kitabim\/","title":{"rendered":"\u0130lk Bilim Kitab\u0131m"},"content":{"rendered":"<p>E\u011eLENCE DOLU B\u0130R B\u0130L\u0130M SER\u00dcVEN\u0130 SEN\u0130 BEKL\u0130YOR!Bilimin inan\u0131lmaz d\u00fcnyas\u0131na ad\u0131m atmak i\u00e7in renkli bulmacalar, e\u011flenceli al\u0131\u015ft\u0131rmalar ve sorularla dolu olan bu kitap, seni \u00e7evrendeki d\u00fcnyay\u0131 ke\u015ffetmeye davet ediyor.Hava durumundan bitkilere, hayvanlardan insan v\u00fccuduna kadar pek \u00e7ok konu kolay anla\u015f\u0131l\u0131r etkinliklerle anlat\u0131l\u0131rken \u00e7ocuklar\u0131n g\u00f6zlem yapma, ak\u0131l y\u00fcr\u00fctme becerilerini geli\u015ftiriyor ve onlar\u0131 ilk bilimsel kavramlarla tan\u0131\u015ft\u0131r\u0131yor. <\/p>\n","protected":false},"excerpt":{"rendered":"<p>E\u011eLENCE DOLU B\u0130R B\u0130L\u0130M SER\u00dcVEN\u0130 SEN\u0130 BEKL\u0130YOR!Bilimin inan\u0131lmaz d\u00fcnyas\u0131na ad\u0131m atmak i\u00e7in renkli bulmacalar, e\u011flenceli al\u0131\u015ft\u0131rmalar ve sorularla dolu olan bu kitap, seni \u00e7evrendeki d\u00fcnyay\u0131 ke\u015ffetmeye<span class=\"excerpt-hellip\"> [\u2026]<\/span><\/p>\n","protected":false},"featured_media":0,"template":"","meta":{"_monsterinsights_skip_tracking":false,"_monsterinsights_sitenote_active":false,"_monsterinsights_sitenote_note":"","_monsterinsights_sitenote_category":0},"product_brand":[],"product_cat":[13829,12274],"product_tag":[],"class_list":{"0":"post-778691","1":"product","2":"type-product","3":"status-publish","5":"product_cat-bilimsel-kitaplar","6":"product_cat-cocuk-ve-genclik-kitaplari","7":"pa_cilt-ciltsiz","8":"pa_tur-kitap","9":"pa_yayinevi-is-bankasi-kultur-yayinlari","10":"pa_yazar-jacqueline-mccann","12":"first","13":"instock","14":"sale","15":"shipping-taxable","16":"purchasable","17":"product-type-simple"},"_links":{"self":[{"href":"https:\/\/roveyayinevi.com.tr\/index.php\/wp-json\/wp\/v2\/product\/778691","targetHints":{"allow":["GET"]}}],"collection":[{"href":"https:\/\/roveyayinevi.com.tr\/index.php\/wp-json\/wp\/v2\/product"}],"about":[{"href":"https:\/\/roveyayinevi.com.tr\/index.php\/wp-json\/wp\/v2\/types\/product"}],"wp:attachment":[{"href":"https:\/\/roveyayinevi.com.tr\/index.php\/wp-json\/wp\/v2\/media?parent=778691"}],"wp:term":[{"taxonomy":"product_brand","embeddable":true,"href":"https:\/\/roveyayinevi.com.tr\/index.php\/wp-json\/wp\/v2\/product_brand?post=778691"},{"taxonomy":"product_cat","embeddable":true,"href":"https:\/\/roveyayinevi.com.tr\/index.php\/wp-json\/wp\/v2\/product_cat?post=778691"},{"taxonomy":"product_tag","embeddable":true,"href":"https:\/\/roveyayinevi.com.tr\/index.php\/wp-json\/wp\/v2\/product_tag?post=778691"}],"curies":[{"name":"wp","href":"https:\/\/api.w.org\/{rel}","templated":true}]}}