{"id":778690,"date":"2025-11-20T00:26:34","date_gmt":"2025-11-19T21:26:34","guid":{"rendered":"https:\/\/roveyayinevi.com.tr\/index.php\/urun\/kendi-senaryolarini-yaz\/"},"modified":"2026-04-15T03:43:50","modified_gmt":"2026-04-15T00:43:50","slug":"kendi-senaryolarini-yaz","status":"publish","type":"product","link":"https:\/\/roveyayinevi.com.tr\/index.php\/urun\/kendi-senaryolarini-yaz\/","title":{"rendered":"Kendi Senaryolar\u0131n\u0131 Yaz"},"content":{"rendered":"<p>Kendi senaryonu yazmay\u0131 d\u00fc\u015fledin mi hi\u00e7? Bu kitaptaki bilgi ve al\u0131\u015ft\u0131rmalarla senaryo yaz\u0131m\u0131n\u0131n her a\u015famas\u0131n\u0131 \u00f6\u011frenirken hayal g\u00fcc\u00fcn\u00fc de ke\u015ffedeceksin.<\/p>\n","protected":false},"excerpt":{"rendered":"<p>Kendi senaryonu yazmay\u0131 d\u00fc\u015fledin mi hi\u00e7? Bu kitaptaki bilgi ve al\u0131\u015ft\u0131rmalarla senaryo yaz\u0131m\u0131n\u0131n her a\u015famas\u0131n\u0131 \u00f6\u011frenirken hayal g\u00fcc\u00fcn\u00fc de ke\u015ffedeceksin.<\/p>\n","protected":false},"featured_media":0,"template":"","meta":{"_monsterinsights_skip_tracking":false,"_monsterinsights_sitenote_active":false,"_monsterinsights_sitenote_note":"","_monsterinsights_sitenote_category":0},"product_brand":[],"product_cat":[12274,14573],"product_tag":[],"class_list":{"0":"post-778690","1":"product","2":"type-product","3":"status-publish","5":"product_cat-cocuk-ve-genclik-kitaplari","6":"product_cat-referans-kitaplar-cocuk-ve-genclik-kitaplari","7":"pa_cilt-ciltsiz","8":"pa_tur-kitap","9":"pa_yayinevi-is-bankasi-kultur-yayinlari","10":"pa_yazar-andy-prentice-matthew-oldham","12":"first","13":"instock","14":"sale","15":"shipping-taxable","16":"purchasable","17":"product-type-simple"},"_links":{"self":[{"href":"https:\/\/roveyayinevi.com.tr\/index.php\/wp-json\/wp\/v2\/product\/778690","targetHints":{"allow":["GET"]}}],"collection":[{"href":"https:\/\/roveyayinevi.com.tr\/index.php\/wp-json\/wp\/v2\/product"}],"about":[{"href":"https:\/\/roveyayinevi.com.tr\/index.php\/wp-json\/wp\/v2\/types\/product"}],"wp:attachment":[{"href":"https:\/\/roveyayinevi.com.tr\/index.php\/wp-json\/wp\/v2\/media?parent=778690"}],"wp:term":[{"taxonomy":"product_brand","embeddable":true,"href":"https:\/\/roveyayinevi.com.tr\/index.php\/wp-json\/wp\/v2\/product_brand?post=778690"},{"taxonomy":"product_cat","embeddable":true,"href":"https:\/\/roveyayinevi.com.tr\/index.php\/wp-json\/wp\/v2\/product_cat?post=778690"},{"taxonomy":"product_tag","embeddable":true,"href":"https:\/\/roveyayinevi.com.tr\/index.php\/wp-json\/wp\/v2\/product_tag?post=778690"}],"curies":[{"name":"wp","href":"https:\/\/api.w.org\/{rel}","templated":true}]}}