{"id":778688,"date":"2025-11-20T00:26:32","date_gmt":"2025-11-19T21:26:32","guid":{"rendered":"https:\/\/roveyayinevi.com.tr\/index.php\/urun\/erdemler-ve-beceriler\/"},"modified":"2026-04-15T03:43:50","modified_gmt":"2026-04-15T00:43:50","slug":"erdemler-ve-beceriler","status":"publish","type":"product","link":"https:\/\/roveyayinevi.com.tr\/index.php\/urun\/erdemler-ve-beceriler\/","title":{"rendered":"Erdemler ve Beceriler"},"content":{"rendered":"<p>Erdem nedir? Sadece kurallara uymak ya da belirli al\u0131\u015fkanl\u0131klar edinmek mi, yoksa hayat\u0131m\u0131z\u0131 d\u00f6n\u00fc\u015ft\u00fcren bir ustal\u0131k m\u0131? Julia Annas, bu kitapta iddial\u0131 bir \u00f6neri sunuyor: Erdem, t\u0131pk\u0131 piyano \u00e7almak ya da tenis oynamak gibi \u00f6\u011frenilen ve geli\u015ftirilen bir beceridir. Antik felsefenin derinli\u011fini modern psikolojiyle bulu\u015fturan bu \u00f6zg\u00fcn yakla\u015f\u0131m, erdemi soyut bir kavram olmaktan \u00e7\u0131kar\u0131p g\u00fcndelik ya\u015fam\u0131n merkezine yerle\u015ftiriyor. Aristoteles\u2019ten Stoac\u0131lara, modern ara\u015ft\u0131rmalardan \u00e7a\u011fda\u015f etik tart\u0131\u015fmalara uzanan geni\u015f bir perspektif sunan kitap, erdemin nas\u0131l \u00f6\u011frenildi\u011fini, geli\u015ftirildi\u011fini ve mutlu ya\u015fam\u0131n temelini nas\u0131l olu\u015fturdu\u011funu g\u00f6steriyor. Beceri analojisine dayanan bu yakla\u015f\u0131m, erdemin salt al\u0131\u015fkanl\u0131k olmad\u0131\u011f\u0131n\u0131; s\u00fcrekli pratik ve d\u00fc\u015f\u00fcnce gerektiren dinamik bir s\u00fcre\u00e7 oldu\u011funu ortaya koyuyor. Eser, akademik derinli\u011fiyle uzman okurlara yeni tart\u0131\u015fma alanlar\u0131 a\u00e7arken, yal\u0131n anlat\u0131m\u0131yla erdemli ya\u015fam\u0131 ke\u015ffetmek isteyen herkese rehberlik ediyor. Karakterin geli\u015fimi, erdemlerin birli\u011fi ve mutlulukla ili\u015fkisi gibi temel meselelerde yenilik\u00e7i \u00e7\u00f6z\u00fcmler sunan bu kitap, \u00e7a\u011fda\u015f etik d\u00fc\u015f\u00fcncenin \u00f6nemli kaynaklar\u0131 aras\u0131nda yer al\u0131yor.<\/p>\n","protected":false},"excerpt":{"rendered":"<p>Erdem nedir? Sadece kurallara uymak ya da belirli al\u0131\u015fkanl\u0131klar edinmek mi, yoksa hayat\u0131m\u0131z\u0131 d\u00f6n\u00fc\u015ft\u00fcren bir ustal\u0131k m\u0131? Julia Annas, bu kitapta iddial\u0131 bir \u00f6neri sunuyor: Erdem,<span class=\"excerpt-hellip\"> [\u2026]<\/span><\/p>\n","protected":false},"featured_media":0,"template":"","meta":{"_monsterinsights_skip_tracking":false,"_monsterinsights_sitenote_active":false,"_monsterinsights_sitenote_note":"","_monsterinsights_sitenote_category":0},"product_brand":[],"product_cat":[20351,12388],"product_tag":[],"class_list":{"0":"post-778688","1":"product","2":"type-product","3":"status-publish","5":"product_cat-dusunce","6":"product_cat-felsefe","7":"pa_cilt-ciltsiz","8":"pa_tur-kitap","9":"pa_yayinevi-is-bankasi-kultur-yayinlari","10":"pa_yazar-julia-annas","12":"first","13":"instock","14":"sale","15":"shipping-taxable","16":"purchasable","17":"product-type-simple"},"_links":{"self":[{"href":"https:\/\/roveyayinevi.com.tr\/index.php\/wp-json\/wp\/v2\/product\/778688","targetHints":{"allow":["GET"]}}],"collection":[{"href":"https:\/\/roveyayinevi.com.tr\/index.php\/wp-json\/wp\/v2\/product"}],"about":[{"href":"https:\/\/roveyayinevi.com.tr\/index.php\/wp-json\/wp\/v2\/types\/product"}],"wp:attachment":[{"href":"https:\/\/roveyayinevi.com.tr\/index.php\/wp-json\/wp\/v2\/media?parent=778688"}],"wp:term":[{"taxonomy":"product_brand","embeddable":true,"href":"https:\/\/roveyayinevi.com.tr\/index.php\/wp-json\/wp\/v2\/product_brand?post=778688"},{"taxonomy":"product_cat","embeddable":true,"href":"https:\/\/roveyayinevi.com.tr\/index.php\/wp-json\/wp\/v2\/product_cat?post=778688"},{"taxonomy":"product_tag","embeddable":true,"href":"https:\/\/roveyayinevi.com.tr\/index.php\/wp-json\/wp\/v2\/product_tag?post=778688"}],"curies":[{"name":"wp","href":"https:\/\/api.w.org\/{rel}","templated":true}]}}