{"id":778687,"date":"2025-11-20T00:26:29","date_gmt":"2025-11-19T21:26:29","guid":{"rendered":"https:\/\/roveyayinevi.com.tr\/index.php\/urun\/masum-azizler-ciltli\/"},"modified":"2026-04-15T03:43:50","modified_gmt":"2026-04-15T00:43:50","slug":"masum-azizler-ciltli","status":"publish","type":"product","link":"https:\/\/roveyayinevi.com.tr\/index.php\/urun\/masum-azizler-ciltli\/","title":{"rendered":"Masum Azizler (Ciltli)"},"content":{"rendered":"<p>\u0130\u00e7 Sava\u015f sonras\u0131 \u0130spanyol edebiyat\u0131n\u0131n \u00f6nde gelen yazarlar\u0131ndan Delibes, yoksullara kar\u015f\u0131 besledi\u011fi empatinin yan\u0131 s\u0131ra \u0130spanya\u2019n\u0131n k\u0131rsal\u0131na ve geleneklerine ba\u011fl\u0131l\u0131\u011f\u0131yla tan\u0131n\u0131r. Yap\u0131tlar\u0131nda emek\u00e7ilerin, \u00e7obanlar\u0131n, demircilerin ve avc\u0131lar\u0131n hayatlar\u0131na odaklan\u0131r. Karma\u015f\u0131k karakterleri \u0130spanya \u0130\u00e7 Sava\u015f\u0131\u2019n\u0131 izleyen k\u00fclt\u00fcrel ve politik m\u00fccadeleleri yans\u0131t\u0131r. En \u00f6nemli yap\u0131tlar\u0131ndan biri olarak kabul edilen 1981 tarihli Masum Azizler\u2019de 1960\u2019lar\u0131n ba\u015f\u0131nda Extremadura b\u00f6lgesindeki bir \u00e7iftlikte \u00e7al\u0131\u015fan ta\u015fral\u0131 bir ailenin hik\u00e2yesi \u00fczerinden, insan\u0131 insanl\u0131ktan \u00e7\u0131karan ac\u0131mas\u0131z toplumsal hiyerar\u015finin sonu\u00e7lar\u0131na dikkat \u00e7eker. Bu ailenin do\u011fayla \u00e7ok yak\u0131n bir ili\u015fki i\u00e7inde bulunan ve etraf\u0131ndaki b\u00fct\u00fcn canl\u0131lara sevecenlikle yakla\u015fan zihinsel engelli \u00fcyesi Azar\u00edas bir \u201cmasum aziz\u201d olarak \u00f6n plana \u00e7\u0131kar. Emir verenlerle itaat edenlerin; efendilerle sefalet i\u00e7indeki varolu\u015flar\u0131nda her durum ve ko\u015fulda onlara boyun e\u011fen hizmetk\u00e2rlar\u0131n bir arada ya\u015fad\u0131\u011f\u0131 bu \u00e7iftlik, toplumsal e\u015fitsizli\u011fin h\u00fck\u00fcm s\u00fcrd\u00fc\u011f\u00fc bir \u201ck\u00fc\u00e7\u00fck evren\u201ddir adeta. Masum Azizler bir\u00e7ok dile \u00e7evrilmi\u015f ve \u0130spanyol y\u00f6netmen Mario Camus\u2019un romandan uyarlad\u0131\u011f\u0131 film, 1984\u2019te Cannes Film Festivali\u2019nde Alt\u0131n Palmiye ile \u00f6d\u00fcllendirilmi\u015ftir.      <\/p>\n","protected":false},"excerpt":{"rendered":"<p>\u0130\u00e7 Sava\u015f sonras\u0131 \u0130spanyol edebiyat\u0131n\u0131n \u00f6nde gelen yazarlar\u0131ndan Delibes, yoksullara kar\u015f\u0131 besledi\u011fi empatinin yan\u0131 s\u0131ra \u0130spanya\u2019n\u0131n k\u0131rsal\u0131na ve geleneklerine ba\u011fl\u0131l\u0131\u011f\u0131yla tan\u0131n\u0131r. Yap\u0131tlar\u0131nda emek\u00e7ilerin, \u00e7obanlar\u0131n, demircilerin ve<span class=\"excerpt-hellip\"> [\u2026]<\/span><\/p>\n","protected":false},"featured_media":0,"template":"","meta":{"_monsterinsights_skip_tracking":false,"_monsterinsights_sitenote_active":false,"_monsterinsights_sitenote_note":"","_monsterinsights_sitenote_category":0},"product_brand":[],"product_cat":[12291,12711],"product_tag":[],"class_list":{"0":"post-778687","1":"product","2":"type-product","3":"status-publish","5":"product_cat-edebiyat","6":"product_cat-roman-oyku","7":"pa_cilt-ciltli","8":"pa_tur-kitap","9":"pa_yayinevi-is-bankasi-kultur-yayinlari","10":"pa_yazar-miguel-delibes","12":"first","13":"instock","14":"sale","15":"shipping-taxable","16":"purchasable","17":"product-type-simple"},"_links":{"self":[{"href":"https:\/\/roveyayinevi.com.tr\/index.php\/wp-json\/wp\/v2\/product\/778687","targetHints":{"allow":["GET"]}}],"collection":[{"href":"https:\/\/roveyayinevi.com.tr\/index.php\/wp-json\/wp\/v2\/product"}],"about":[{"href":"https:\/\/roveyayinevi.com.tr\/index.php\/wp-json\/wp\/v2\/types\/product"}],"wp:attachment":[{"href":"https:\/\/roveyayinevi.com.tr\/index.php\/wp-json\/wp\/v2\/media?parent=778687"}],"wp:term":[{"taxonomy":"product_brand","embeddable":true,"href":"https:\/\/roveyayinevi.com.tr\/index.php\/wp-json\/wp\/v2\/product_brand?post=778687"},{"taxonomy":"product_cat","embeddable":true,"href":"https:\/\/roveyayinevi.com.tr\/index.php\/wp-json\/wp\/v2\/product_cat?post=778687"},{"taxonomy":"product_tag","embeddable":true,"href":"https:\/\/roveyayinevi.com.tr\/index.php\/wp-json\/wp\/v2\/product_tag?post=778687"}],"curies":[{"name":"wp","href":"https:\/\/api.w.org\/{rel}","templated":true}]}}