{"id":778684,"date":"2025-11-20T00:26:19","date_gmt":"2025-11-19T21:26:19","guid":{"rendered":"https:\/\/roveyayinevi.com.tr\/index.php\/urun\/balo-dusman\/"},"modified":"2026-04-15T03:43:50","modified_gmt":"2026-04-15T00:43:50","slug":"balo-dusman","status":"publish","type":"product","link":"https:\/\/roveyayinevi.com.tr\/index.php\/urun\/balo-dusman\/","title":{"rendered":"Balo &#8211; D\u00fc\u015fman"},"content":{"rendered":"<p>Ir\u00e8ne N\u00e9mirovsky ilk yap\u0131tlar\u0131ndan olan D\u00fc\u015fman (1928) ile Balo\u2019da (1929) keskin g\u00f6zlem g\u00fcc\u00fcn\u00fc bu kez kendi ya\u015fam\u0131nda da \u00f6nemli yer tutan sevgisiz anne fig\u00fcr\u00fcne y\u00f6neltir. D\u00fc\u015fman\u2019\u0131n on yedi ya\u015f\u0131ndaki kahraman\u0131 Gabri de, Balo\u2019nun on d\u00f6rt ya\u015f\u0131na hen\u00fcz basm\u0131\u015f olan Antoinette\u2019i de annelerinin hoyrat\u00e7a kay\u0131ts\u0131zl\u0131klar\u0131yla farkl\u0131 bi\u00e7imlerde y\u00fczle\u015fen gen\u00e7 kad\u0131nlard\u0131r. Gabri\u2019nin yine hoyrat\u00e7a, Antoinette\u2019in bilgece kurgulad\u0131klar\u0131 intikamlar, N\u00e9mirovsky\u2019nin insan psikolojisini derinlemesine i\u015fleme yetene\u011finin ilk kan\u0131tlar\u0131 olarak dikkat \u00e7ekmi\u015ftir. Yazar\u0131n Pierre Nerey takma ad\u0131yla yay\u0131mlad\u0131\u011f\u0131 iki yap\u0131ttan Balo 1930\u2019larda yakalad\u0131\u011f\u0131 ilgiyi izleyen y\u0131llarda da korumu\u015f, 1980\u2019li y\u0131llarda okul kitaplar\u0131na girmi\u015f, 2010 y\u0131l\u0131nda operaya, 2013\u2019te tiyatroya uyarlanm\u0131\u015ft\u0131r. *Balo *D\u00fc\u015fman<\/p>\n","protected":false},"excerpt":{"rendered":"<p>Ir\u00e8ne N\u00e9mirovsky ilk yap\u0131tlar\u0131ndan olan D\u00fc\u015fman (1928) ile Balo\u2019da (1929) keskin g\u00f6zlem g\u00fcc\u00fcn\u00fc bu kez kendi ya\u015fam\u0131nda da \u00f6nemli yer tutan sevgisiz anne fig\u00fcr\u00fcne y\u00f6neltir. D\u00fc\u015fman\u2019\u0131n<span class=\"excerpt-hellip\"> [\u2026]<\/span><\/p>\n","protected":false},"featured_media":0,"template":"","meta":{"_monsterinsights_skip_tracking":false,"_monsterinsights_sitenote_active":false,"_monsterinsights_sitenote_note":"","_monsterinsights_sitenote_category":0},"product_brand":[],"product_cat":[12291,12711],"product_tag":[],"class_list":{"0":"post-778684","1":"product","2":"type-product","3":"status-publish","5":"product_cat-edebiyat","6":"product_cat-roman-oyku","7":"pa_cilt-ciltsiz","8":"pa_tur-kitap","9":"pa_yayinevi-is-bankasi-kultur-yayinlari","10":"pa_yazar-irene-nemirovsky","12":"first","13":"instock","14":"sale","15":"shipping-taxable","16":"purchasable","17":"product-type-simple"},"_links":{"self":[{"href":"https:\/\/roveyayinevi.com.tr\/index.php\/wp-json\/wp\/v2\/product\/778684","targetHints":{"allow":["GET"]}}],"collection":[{"href":"https:\/\/roveyayinevi.com.tr\/index.php\/wp-json\/wp\/v2\/product"}],"about":[{"href":"https:\/\/roveyayinevi.com.tr\/index.php\/wp-json\/wp\/v2\/types\/product"}],"wp:attachment":[{"href":"https:\/\/roveyayinevi.com.tr\/index.php\/wp-json\/wp\/v2\/media?parent=778684"}],"wp:term":[{"taxonomy":"product_brand","embeddable":true,"href":"https:\/\/roveyayinevi.com.tr\/index.php\/wp-json\/wp\/v2\/product_brand?post=778684"},{"taxonomy":"product_cat","embeddable":true,"href":"https:\/\/roveyayinevi.com.tr\/index.php\/wp-json\/wp\/v2\/product_cat?post=778684"},{"taxonomy":"product_tag","embeddable":true,"href":"https:\/\/roveyayinevi.com.tr\/index.php\/wp-json\/wp\/v2\/product_tag?post=778684"}],"curies":[{"name":"wp","href":"https:\/\/api.w.org\/{rel}","templated":true}]}}