{"id":778682,"date":"2025-11-20T00:26:14","date_gmt":"2025-11-19T21:26:14","guid":{"rendered":"https:\/\/roveyayinevi.com.tr\/index.php\/urun\/uc-oyun\/"},"modified":"2026-04-15T03:43:50","modified_gmt":"2026-04-15T00:43:50","slug":"uc-oyun","status":"publish","type":"product","link":"https:\/\/roveyayinevi.com.tr\/index.php\/urun\/uc-oyun\/","title":{"rendered":"\u00dc\u00e7 Oyun"},"content":{"rendered":"<p>Alfred de Musset (1810-1857): 19. y\u00fczy\u0131l Frans\u0131z edebiyat\u0131n\u0131n en \u00f6nemli isimlerindendir. Victor Hugo, Charles Nodier gibi Romantik yazarlar\u0131n \u00e7evresinin m\u00fcdavimi oldu. 1845 y\u0131l\u0131nda L\u00e9gion d\u2019honneur\u2019e lay\u0131k g\u00f6r\u00fcld\u00fc. 1852 y\u0131l\u0131nda Acad\u00e9mie fran\u00e7aise\u2019e \u00fcye se\u00e7ildi. Bu kitapta yay\u0131mlanan \u00fc\u00e7 oyunu (A\u015fk \u015eakaya Gelmez, Bir Kap\u0131 ya A\u00e7\u0131k Durmal\u0131 ya da Kapal\u0131 ve B\u00fcy\u00fck Konu\u015fmamal\u0131) Fransa\u2019da 18. ve 19. y\u00fczy\u0131llarda pop\u00fcler olan Proverbe, yani \u201cAtas\u00f6z\u00fc\u201d t\u00fcr\u00fcndedir. Bu t\u00fcr\u00fcn en ba\u015far\u0131l\u0131 yazarlar\u0131ndan say\u0131lan sanat\u00e7\u0131 yal\u0131n ama etkili \u00fcslubuyla bu sosyete e\u011flencesi formunu mizah ve hayat dolu bir tiyatroya d\u00f6n\u00fc\u015ft\u00fcr\u00fcr.*A\u015fk \u015eakaya Gelmez *Bir Kap\u0131 ya A\u00e7\u0131k Durmal\u0131 ya da Kapal\u0131 *B\u00fcy\u00fck Konu\u015fmamal\u0131<\/p>\n","protected":false},"excerpt":{"rendered":"<p>Alfred de Musset (1810-1857): 19. y\u00fczy\u0131l Frans\u0131z edebiyat\u0131n\u0131n en \u00f6nemli isimlerindendir. Victor Hugo, Charles Nodier gibi Romantik yazarlar\u0131n \u00e7evresinin m\u00fcdavimi oldu. 1845 y\u0131l\u0131nda L\u00e9gion d\u2019honneur\u2019e lay\u0131k<span class=\"excerpt-hellip\"> [\u2026]<\/span><\/p>\n","protected":false},"featured_media":0,"template":"","meta":{"_monsterinsights_skip_tracking":false,"_monsterinsights_sitenote_active":false,"_monsterinsights_sitenote_note":"","_monsterinsights_sitenote_category":0},"product_brand":[],"product_cat":[12291,15566],"product_tag":[],"class_list":{"0":"post-778682","1":"product","2":"type-product","3":"status-publish","5":"product_cat-edebiyat","6":"product_cat-oyun","7":"pa_cilt-ciltsiz","8":"pa_tur-kitap","9":"pa_yayinevi-is-bankasi-kultur-yayinlari","10":"pa_yazar-alfred-de-musset","12":"first","13":"instock","14":"sale","15":"shipping-taxable","16":"purchasable","17":"product-type-simple"},"_links":{"self":[{"href":"https:\/\/roveyayinevi.com.tr\/index.php\/wp-json\/wp\/v2\/product\/778682","targetHints":{"allow":["GET"]}}],"collection":[{"href":"https:\/\/roveyayinevi.com.tr\/index.php\/wp-json\/wp\/v2\/product"}],"about":[{"href":"https:\/\/roveyayinevi.com.tr\/index.php\/wp-json\/wp\/v2\/types\/product"}],"wp:attachment":[{"href":"https:\/\/roveyayinevi.com.tr\/index.php\/wp-json\/wp\/v2\/media?parent=778682"}],"wp:term":[{"taxonomy":"product_brand","embeddable":true,"href":"https:\/\/roveyayinevi.com.tr\/index.php\/wp-json\/wp\/v2\/product_brand?post=778682"},{"taxonomy":"product_cat","embeddable":true,"href":"https:\/\/roveyayinevi.com.tr\/index.php\/wp-json\/wp\/v2\/product_cat?post=778682"},{"taxonomy":"product_tag","embeddable":true,"href":"https:\/\/roveyayinevi.com.tr\/index.php\/wp-json\/wp\/v2\/product_tag?post=778682"}],"curies":[{"name":"wp","href":"https:\/\/api.w.org\/{rel}","templated":true}]}}