{"id":778678,"date":"2025-11-20T00:26:04","date_gmt":"2025-11-19T21:26:04","guid":{"rendered":"https:\/\/roveyayinevi.com.tr\/index.php\/urun\/elise-ya-da-gercek-yasam\/"},"modified":"2026-04-15T03:43:50","modified_gmt":"2026-04-15T00:43:50","slug":"elise-ya-da-gercek-yasam","status":"publish","type":"product","link":"https:\/\/roveyayinevi.com.tr\/index.php\/urun\/elise-ya-da-gercek-yasam\/","title":{"rendered":"Elise ya da Ger\u00e7ek Ya\u015fam"},"content":{"rendered":"<p>Sava\u015f\u0131n ard\u0131ndan yeniden kurulan bir \u00fclke, k\u00fc\u00e7\u00fclen hayaller, b\u00fcy\u00fcyen s\u0131n\u0131fsal u\u00e7urumlar&#8230; Gen\u00e7 \u00c9lise, otomobil fabrikas\u0131nda \u00e7al\u0131\u015fmaya ba\u015flad\u0131\u011f\u0131nda, ya\u015fam\u0131n yaln\u0131zca emekle de\u011fil, se\u00e7imlerle de kuruldu\u011funu fark eder.Claire Etcherelli&#8217;nin Femina \u00d6d\u00fcll\u00fc k\u00fclt roman\u0131 \u00c9lise ya da Ger\u00e7ek Ya\u015fam, ta\u015fran\u0131n bo\u011fuculu\u011fundan hayat\u0131n g\u00fcr\u00fcl g\u00fcr\u00fcl akt\u0131\u011f\u0131 Paris&#8217;e karde\u015fiyle g\u00f6\u00e7 eden \u00c9lise&#8217;in, a\u015fk\u0131, m\u00fccadeleyi ve ayr\u0131mc\u0131l\u0131\u011f\u0131 iliklerine kadar hissetmesine tan\u0131kl\u0131k ettiriyor. 1950&#8217;lerin sert ve \u00e7alkant\u0131l\u0131 ikliminde i\u015f\u00e7i s\u0131n\u0131f\u0131n\u0131n g\u00fcndelik hayat\u0131n\u0131n zorluklar\u0131n\u0131 ve kad\u0131n olman\u0131n g\u00f6r\u00fcnmeyen y\u00fcklerini, bu hi\u00e7 de\u011fi\u015fmeyen hakikatleri, sars\u0131c\u0131 ve \u015fiirsel bir dille anlat\u0131yor.Etcherelli, \u00f6zg\u00fcrl\u00fck, e\u015fitlik ve kimlik aray\u0131\u015f\u0131n\u0131n ortas\u0131nda, bir devrin kanayan yaras\u0131nda a\u015fk\u0131 ve isyan\u0131 onurland\u0131rarak edebiyat tarihinin unutulmaz kad\u0131n karakterlerinden birinin sesine, hem bireysel hem de toplumsal bir y\u00fczle\u015fmeye imzas\u0131n\u0131 at\u0131yor.&#8221;Hayranl\u0131k uyand\u0131r\u0131c\u0131 ve trajik bir a\u015fk hik\u00e2yesi.&#8221; \u2013 Simone de Beauvoir<\/p>\n","protected":false},"excerpt":{"rendered":"<p>Sava\u015f\u0131n ard\u0131ndan yeniden kurulan bir \u00fclke, k\u00fc\u00e7\u00fclen hayaller, b\u00fcy\u00fcyen s\u0131n\u0131fsal u\u00e7urumlar&#8230; Gen\u00e7 \u00c9lise, otomobil fabrikas\u0131nda \u00e7al\u0131\u015fmaya ba\u015flad\u0131\u011f\u0131nda, ya\u015fam\u0131n yaln\u0131zca emekle de\u011fil, se\u00e7imlerle de kuruldu\u011funu fark eder.Claire<span class=\"excerpt-hellip\"> [\u2026]<\/span><\/p>\n","protected":false},"featured_media":0,"template":"","meta":{"_monsterinsights_skip_tracking":false,"_monsterinsights_sitenote_active":false,"_monsterinsights_sitenote_note":"","_monsterinsights_sitenote_category":0},"product_brand":[],"product_cat":[12291,12711],"product_tag":[],"class_list":{"0":"post-778678","1":"product","2":"type-product","3":"status-publish","5":"product_cat-edebiyat","6":"product_cat-roman-oyku","7":"pa_cilt-ciltsiz","8":"pa_tur-kitap","9":"pa_yayinevi-sel-yayincilik","10":"pa_yazar-claire-etcherelli","12":"first","13":"instock","14":"sale","15":"shipping-taxable","16":"purchasable","17":"product-type-simple"},"_links":{"self":[{"href":"https:\/\/roveyayinevi.com.tr\/index.php\/wp-json\/wp\/v2\/product\/778678","targetHints":{"allow":["GET"]}}],"collection":[{"href":"https:\/\/roveyayinevi.com.tr\/index.php\/wp-json\/wp\/v2\/product"}],"about":[{"href":"https:\/\/roveyayinevi.com.tr\/index.php\/wp-json\/wp\/v2\/types\/product"}],"wp:attachment":[{"href":"https:\/\/roveyayinevi.com.tr\/index.php\/wp-json\/wp\/v2\/media?parent=778678"}],"wp:term":[{"taxonomy":"product_brand","embeddable":true,"href":"https:\/\/roveyayinevi.com.tr\/index.php\/wp-json\/wp\/v2\/product_brand?post=778678"},{"taxonomy":"product_cat","embeddable":true,"href":"https:\/\/roveyayinevi.com.tr\/index.php\/wp-json\/wp\/v2\/product_cat?post=778678"},{"taxonomy":"product_tag","embeddable":true,"href":"https:\/\/roveyayinevi.com.tr\/index.php\/wp-json\/wp\/v2\/product_tag?post=778678"}],"curies":[{"name":"wp","href":"https:\/\/api.w.org\/{rel}","templated":true}]}}