{"id":778676,"date":"2025-11-20T00:25:59","date_gmt":"2025-11-19T21:25:59","guid":{"rendered":"https:\/\/roveyayinevi.com.tr\/index.php\/urun\/altina-hucum\/"},"modified":"2026-04-15T03:43:50","modified_gmt":"2026-04-15T00:43:50","slug":"altina-hucum","status":"publish","type":"product","link":"https:\/\/roveyayinevi.com.tr\/index.php\/urun\/altina-hucum\/","title":{"rendered":"Alt\u0131na H\u00fccum"},"content":{"rendered":"<p>A\u00e7l\u0131kla umut, dostlukla \u00e7\u0131kar aras\u0131nda ince bir \u00e7izgi&#8230; \u0130nsanlar ellerinde olmayan ko\u015fullar sonucunda s\u00fcr\u00fcklendikleri netameli durumlarda d\u00fcr\u00fcst ve ahlaki se\u00e7imler yapabilir mi?Yay\u0131mland\u0131\u011f\u0131 1927 y\u0131l\u0131ndan bug\u00fcne d\u00fcnya edebiyat\u0131n\u0131n en \u00e7arp\u0131c\u0131 anti-ser\u00fcvenlerinden biri kabul edilen Alt\u0131na H\u00fccum&#8217;da B. Traven, Meksika&#8217;da be\u015f paras\u0131z \u00fc\u00e7 Amerikal\u0131&#8217;n\u0131n, di\u011fer binlerce insan gibi k\u00f6\u015feyi d\u00f6nmek i\u00e7in d\u00fcnyan\u0131n en de\u011ferli madeninin pe\u015finde ko\u015farken ba\u015flar\u0131ndan ge\u00e7enleri anlat\u0131r. Ancak Traven maceray\u0131 roman\u0131n esas unsuru k\u0131lmaz, bunu ayn\u0131 zamanda insanl\u0131k durumunun s\u0131n\u0131rlar\u0131n\u0131 sorgulamak i\u00e7in de ustaca kullan\u0131r ve modern kapitalist d\u00fcnyada \u015fiddeti katlanarak artan s\u00f6m\u00fcr\u00fc d\u00fczeninin k\u00f6klerini elleriyle kaz\u0131r. Hayatta kalma m\u00fccadelesinin ortas\u0131nda, alt\u0131n u\u011fruna sallanan her k\u00fcrek, vicdan\u0131, yolda\u015fl\u0131\u011f\u0131 ve beklentileri topra\u011fa g\u00f6mer.John Huston taraf\u0131ndan filme \u00e7ekilmi\u015f ve \u00fc\u00e7 Oscar \u00d6d\u00fcl\u00fc&#8217;yle ta\u00e7land\u0131r\u0131lm\u0131\u015f Alt\u0131na H\u00fccum, insan ruhunun karanl\u0131klar\u0131na yerle\u015fmi\u015f h\u0131rs\u0131n ve zaaflar\u0131n keskin bir alegorisi.<\/p>\n","protected":false},"excerpt":{"rendered":"<p>A\u00e7l\u0131kla umut, dostlukla \u00e7\u0131kar aras\u0131nda ince bir \u00e7izgi&#8230; \u0130nsanlar ellerinde olmayan ko\u015fullar sonucunda s\u00fcr\u00fcklendikleri netameli durumlarda d\u00fcr\u00fcst ve ahlaki se\u00e7imler yapabilir mi?Yay\u0131mland\u0131\u011f\u0131 1927 y\u0131l\u0131ndan bug\u00fcne d\u00fcnya<span class=\"excerpt-hellip\"> [\u2026]<\/span><\/p>\n","protected":false},"featured_media":0,"template":"","meta":{"_monsterinsights_skip_tracking":false,"_monsterinsights_sitenote_active":false,"_monsterinsights_sitenote_note":"","_monsterinsights_sitenote_category":0},"product_brand":[],"product_cat":[141304],"product_tag":[],"class_list":{"0":"post-778676","1":"product","2":"type-product","3":"status-publish","5":"product_cat-yeni-cikanlar","6":"pa_cilt-ciltsiz","7":"pa_tur-kitap","8":"pa_yayinevi-sel-yayincilik","9":"pa_yazar-b-traven","11":"first","12":"instock","13":"sale","14":"shipping-taxable","15":"purchasable","16":"product-type-simple"},"_links":{"self":[{"href":"https:\/\/roveyayinevi.com.tr\/index.php\/wp-json\/wp\/v2\/product\/778676","targetHints":{"allow":["GET"]}}],"collection":[{"href":"https:\/\/roveyayinevi.com.tr\/index.php\/wp-json\/wp\/v2\/product"}],"about":[{"href":"https:\/\/roveyayinevi.com.tr\/index.php\/wp-json\/wp\/v2\/types\/product"}],"wp:attachment":[{"href":"https:\/\/roveyayinevi.com.tr\/index.php\/wp-json\/wp\/v2\/media?parent=778676"}],"wp:term":[{"taxonomy":"product_brand","embeddable":true,"href":"https:\/\/roveyayinevi.com.tr\/index.php\/wp-json\/wp\/v2\/product_brand?post=778676"},{"taxonomy":"product_cat","embeddable":true,"href":"https:\/\/roveyayinevi.com.tr\/index.php\/wp-json\/wp\/v2\/product_cat?post=778676"},{"taxonomy":"product_tag","embeddable":true,"href":"https:\/\/roveyayinevi.com.tr\/index.php\/wp-json\/wp\/v2\/product_tag?post=778676"}],"curies":[{"name":"wp","href":"https:\/\/api.w.org\/{rel}","templated":true}]}}