{"id":778672,"date":"2025-11-20T00:25:48","date_gmt":"2025-11-19T21:25:48","guid":{"rendered":"https:\/\/roveyayinevi.com.tr\/index.php\/urun\/ilk-mektup\/"},"modified":"2026-04-15T03:43:50","modified_gmt":"2026-04-15T00:43:50","slug":"ilk-mektup","status":"publish","type":"product","link":"https:\/\/roveyayinevi.com.tr\/index.php\/urun\/ilk-mektup\/","title":{"rendered":"\u0130lk Mektup"},"content":{"rendered":"<p>DER\u0130NL\u0130KL\u0130 B\u0130R D\u00d6NEM ROMANI Kitab\u0131n kapa\u011f\u0131ndaki resim, a\u00e7l\u0131k grevinin sembol\u00fc h\u00e2line gelen, f\u0131rt\u0131nada ba\u015f\u00f6rt\u00fcs\u00fcne s\u0131ms\u0131k\u0131 sar\u0131lan k\u0131z\u0131n yer ald\u0131\u011f\u0131, h\u00e2kimlerin idam karar\u0131n\u0131 imzalad\u0131klar\u0131 kalemi k\u0131rd\u0131\u011f\u0131 gibi kulland\u0131\u011f\u0131 f\u0131r\u00e7ay\u0131 k\u0131r\u0131p kenar\u0131na yap\u0131\u015ft\u0131rd\u0131ktan sonra Hatice\u2019ye hediye eden ev arkada\u015f\u0131 G\u00fclten\u2019in yapt\u0131\u011f\u0131 ya\u011fl\u0131 boya tablodur. Ayn\u0131 mahallenin iki ayr\u0131 soka\u011f\u0131nda oturmu\u015f, ayn\u0131 imam-hatipte okumu\u015f, \u00fcniversite i\u00e7in biri Ankara\u2019ya, di\u011feri \u0130stanbul\u2019a gitmi\u015f muhafazak\u00e2r iki gencin, 1987 ve sonras\u0131 y\u0131llarda ba\u015f\u00f6rt\u00fcs\u00fc m\u00fccadelesinin ac\u0131mas\u0131z ger\u00e7ekli\u011finde din\u00ee hassasiyetlere riayet ederek a\u015fk\u0131 nas\u0131l deneyimlediklerinin hik\u00e2yesine tan\u0131kl\u0131k edece\u011fimiz bu kitap, kelimelerle mesafelerin k\u0131sald\u0131\u011f\u0131, mektuplarla duygular\u0131n derinle\u015fti\u011fi bir zamanda d\u00f6nemin sosyal ve siyasal atmosferini t\u00fcm \u00e7\u0131plakl\u0131\u011f\u0131yla yans\u0131tan derinlikli bir d\u00f6nem roman\u0131. <\/p>\n","protected":false},"excerpt":{"rendered":"<p>DER\u0130NL\u0130KL\u0130 B\u0130R D\u00d6NEM ROMANI Kitab\u0131n kapa\u011f\u0131ndaki resim, a\u00e7l\u0131k grevinin sembol\u00fc h\u00e2line gelen, f\u0131rt\u0131nada ba\u015f\u00f6rt\u00fcs\u00fcne s\u0131ms\u0131k\u0131 sar\u0131lan k\u0131z\u0131n yer ald\u0131\u011f\u0131, h\u00e2kimlerin idam karar\u0131n\u0131 imzalad\u0131klar\u0131 kalemi k\u0131rd\u0131\u011f\u0131 gibi<span class=\"excerpt-hellip\"> [\u2026]<\/span><\/p>\n","protected":false},"featured_media":0,"template":"","meta":{"_monsterinsights_skip_tracking":false,"_monsterinsights_sitenote_active":false,"_monsterinsights_sitenote_note":"","_monsterinsights_sitenote_category":0},"product_brand":[],"product_cat":[12291,12711],"product_tag":[],"class_list":{"0":"post-778672","1":"product","2":"type-product","3":"status-publish","5":"product_cat-edebiyat","6":"product_cat-roman-oyku","7":"pa_cilt-ciltsiz","8":"pa_tur-kitap","9":"pa_yayinevi-hayat-yayinlari","10":"pa_yazar-hatice-d-ozkal","12":"first","13":"instock","14":"sale","15":"shipping-taxable","16":"purchasable","17":"product-type-simple"},"_links":{"self":[{"href":"https:\/\/roveyayinevi.com.tr\/index.php\/wp-json\/wp\/v2\/product\/778672","targetHints":{"allow":["GET"]}}],"collection":[{"href":"https:\/\/roveyayinevi.com.tr\/index.php\/wp-json\/wp\/v2\/product"}],"about":[{"href":"https:\/\/roveyayinevi.com.tr\/index.php\/wp-json\/wp\/v2\/types\/product"}],"wp:attachment":[{"href":"https:\/\/roveyayinevi.com.tr\/index.php\/wp-json\/wp\/v2\/media?parent=778672"}],"wp:term":[{"taxonomy":"product_brand","embeddable":true,"href":"https:\/\/roveyayinevi.com.tr\/index.php\/wp-json\/wp\/v2\/product_brand?post=778672"},{"taxonomy":"product_cat","embeddable":true,"href":"https:\/\/roveyayinevi.com.tr\/index.php\/wp-json\/wp\/v2\/product_cat?post=778672"},{"taxonomy":"product_tag","embeddable":true,"href":"https:\/\/roveyayinevi.com.tr\/index.php\/wp-json\/wp\/v2\/product_tag?post=778672"}],"curies":[{"name":"wp","href":"https:\/\/api.w.org\/{rel}","templated":true}]}}