{"id":778671,"date":"2025-11-20T00:25:45","date_gmt":"2025-11-19T21:25:45","guid":{"rendered":"https:\/\/roveyayinevi.com.tr\/index.php\/urun\/golge-sehir\/"},"modified":"2026-04-15T03:43:50","modified_gmt":"2026-04-15T00:43:50","slug":"golge-sehir","status":"publish","type":"product","link":"https:\/\/roveyayinevi.com.tr\/index.php\/urun\/golge-sehir\/","title":{"rendered":"G\u00f6lge \u015eehir"},"content":{"rendered":"<p>SANATLA DOKUNMU\u015e FLORANSA SOKAKLARINDAN, S\u0130SLER\u0130N \u00d6RTT\u00dc\u011e\u00dc YED\u0130 TEPEL\u0130 \u0130STANBUL\u2019A UZANAN B\u0130R YOLCULUK&#8230; Mimar Aras\u2019\u0131n eline ge\u00e7en gizemli bir sembol ve eski bir madalyon, onu y\u0131llard\u0131r zihnini ku\u015fatan r\u00fcyalar\u0131n kap\u0131s\u0131n\u0131 aralamaya \u00e7a\u011f\u0131r\u0131r. Bu \u00e7a\u011fr\u0131, yaln\u0131zca bir s\u0131rr\u0131n de\u011fil; zaman\u0131n perdelerinin ard\u0131nda sakl\u0131 hakikatin de anahtar\u0131d\u0131r. Kubbelerde yank\u0131lanan m\u0131sralar, ta\u015flara kaz\u0131nm\u0131\u015f i\u015faretler ve g\u00f6lgelerin saklad\u0131\u011f\u0131 izler&#8230;. \u201cZiri zeminde Avni r\u00fcyas\u0131n\u0131 i\u015fler, Ustavni elinde toprak ruh ile dolar.\u201d Bir beyitin g\u00f6lgesinde ba\u015flayan macera, Ayasofya\u2019n\u0131n kubbesinde yank\u0131lanan s\u0131rlar, yerin derinlikleri aras\u0131nda \u00f6r\u00fclen g\u00f6r\u00fcnmez ba\u011flarla birle\u015fir. Aras, ad\u0131m ad\u0131m, g\u00f6r\u00fcnmeyen bir \u015fehrin kalbine iner. Ve orada, tarihin ak\u0131\u015f\u0131n\u0131 de\u011fi\u015ftirmeyi d\u00fc\u015fleyen iki b\u00fcy\u00fck zihnin yar\u0131m kalm\u0131\u015f hayaliyle y\u00fczle\u015fir. G\u00f6lge \u015fehrin kap\u0131lar\u0131 a\u00e7\u0131ld\u0131\u011f\u0131nda ise art\u0131k hi\u00e7bir \u015fey ve hi\u00e7 kimse eskisi gibi kalmayacakt\u0131r.   <\/p>\n","protected":false},"excerpt":{"rendered":"<p>SANATLA DOKUNMU\u015e FLORANSA SOKAKLARINDAN, S\u0130SLER\u0130N \u00d6RTT\u00dc\u011e\u00dc YED\u0130 TEPEL\u0130 \u0130STANBUL\u2019A UZANAN B\u0130R YOLCULUK&#8230; Mimar Aras\u2019\u0131n eline ge\u00e7en gizemli bir sembol ve eski bir madalyon, onu y\u0131llard\u0131r zihnini<span class=\"excerpt-hellip\"> [\u2026]<\/span><\/p>\n","protected":false},"featured_media":0,"template":"","meta":{"_monsterinsights_skip_tracking":false,"_monsterinsights_sitenote_active":false,"_monsterinsights_sitenote_note":"","_monsterinsights_sitenote_category":0},"product_brand":[],"product_cat":[12291,12711],"product_tag":[],"class_list":{"0":"post-778671","1":"product","2":"type-product","3":"status-publish","5":"product_cat-edebiyat","6":"product_cat-roman-oyku","7":"pa_cilt-ciltsiz","8":"pa_tur-kitap","9":"pa_yayinevi-hayat-yayinlari","10":"pa_yazar-esma-nur-tetik","12":"first","13":"instock","14":"sale","15":"shipping-taxable","16":"purchasable","17":"product-type-simple"},"_links":{"self":[{"href":"https:\/\/roveyayinevi.com.tr\/index.php\/wp-json\/wp\/v2\/product\/778671","targetHints":{"allow":["GET"]}}],"collection":[{"href":"https:\/\/roveyayinevi.com.tr\/index.php\/wp-json\/wp\/v2\/product"}],"about":[{"href":"https:\/\/roveyayinevi.com.tr\/index.php\/wp-json\/wp\/v2\/types\/product"}],"wp:attachment":[{"href":"https:\/\/roveyayinevi.com.tr\/index.php\/wp-json\/wp\/v2\/media?parent=778671"}],"wp:term":[{"taxonomy":"product_brand","embeddable":true,"href":"https:\/\/roveyayinevi.com.tr\/index.php\/wp-json\/wp\/v2\/product_brand?post=778671"},{"taxonomy":"product_cat","embeddable":true,"href":"https:\/\/roveyayinevi.com.tr\/index.php\/wp-json\/wp\/v2\/product_cat?post=778671"},{"taxonomy":"product_tag","embeddable":true,"href":"https:\/\/roveyayinevi.com.tr\/index.php\/wp-json\/wp\/v2\/product_tag?post=778671"}],"curies":[{"name":"wp","href":"https:\/\/api.w.org\/{rel}","templated":true}]}}