{"id":778670,"date":"2025-11-20T00:25:44","date_gmt":"2025-11-19T21:25:44","guid":{"rendered":"https:\/\/roveyayinevi.com.tr\/index.php\/urun\/gencligin-gozyasi\/"},"modified":"2026-04-05T03:35:26","modified_gmt":"2026-04-05T00:35:26","slug":"gencligin-gozyasi","status":"publish","type":"product","link":"https:\/\/roveyayinevi.com.tr\/index.php\/urun\/gencligin-gozyasi\/","title":{"rendered":"Gen\u00e7li\u011fin G\u00f6zya\u015f\u0131"},"content":{"rendered":"<p>\u0130K\u0130 D\u00dcNYA ARASINA SIKI\u015eMI\u015e B\u0130R Y\u00dcRE\u011e\u0130N \u201cBEN K\u0130M\u0130M?\u201d SORUSANA VERD\u0130\u011e\u0130 CEVAP   D\u00fcnyay\u0131 kurtarmak i\u00e7in bir s\u00fcper kahraman olman gerekti\u011fini mi san\u0131yorsun? Hay\u0131r! Ger\u00e7ek kahramanl\u0131k, tebli\u011f ettiklerimizi hakiki manada temsil etmekten ge\u00e7er. Bu kitap, gen\u00e7lerin s\u0131radan gibi g\u00f6r\u00fcnen hayatlar\u0131n\u0131n asl\u0131nda ne kadar b\u00fcy\u00fck bir anlam ta\u015f\u0131d\u0131\u011f\u0131n\u0131 ke\u015ffetmelerine yard\u0131mc\u0131 olmak, hayata bak\u0131\u015flar\u0131n\u0131 derinle\u015ftirmek, yollar\u0131na k\u0131lavuz olmak, kal\u0131c\u0131 g\u00fczel izler b\u0131rakabilmek ve ya\u015fant\u0131lar\u0131na rehberlik etmek i\u00e7in yaz\u0131ld\u0131. \u2018Ben zaten tek ba\u015f\u0131ma ne yapabilirim ki?\u2019 diye d\u00fc\u015f\u00fcnenlere, asl\u0131nda tek bir insan\u0131n bile b\u00fcy\u00fck bir fark olu\u015fturabilece\u011fini g\u00f6stermek istiyor. Senin de i\u00e7indeki potansiyeli ke\u015ffetme vaktin gelmedi mi? Sen de\u011fi\u015firsen d\u00fcnya da de\u011fi\u015fir! <\/p>\n","protected":false},"excerpt":{"rendered":"<p>\u0130K\u0130 D\u00dcNYA ARASINA SIKI\u015eMI\u015e B\u0130R Y\u00dcRE\u011e\u0130N \u201cBEN K\u0130M\u0130M?\u201d SORUSANA VERD\u0130\u011e\u0130 CEVAP D\u00fcnyay\u0131 kurtarmak i\u00e7in bir s\u00fcper kahraman olman gerekti\u011fini mi san\u0131yorsun? Hay\u0131r! Ger\u00e7ek kahramanl\u0131k, tebli\u011f ettiklerimizi<span class=\"excerpt-hellip\"> [\u2026]<\/span><\/p>\n","protected":false},"featured_media":0,"template":"","meta":{"_monsterinsights_skip_tracking":false,"_monsterinsights_sitenote_active":false,"_monsterinsights_sitenote_note":"","_monsterinsights_sitenote_category":0},"product_brand":[],"product_cat":[12364,12376],"product_tag":[],"class_list":{"0":"post-778670","1":"product","2":"type-product","3":"status-publish","5":"product_cat-genel-konular","6":"product_cat-kisisel-gelisim","7":"pa_cilt-ciltsiz","8":"pa_tur-kitap","9":"pa_yayinevi-hayat-yayinlari","10":"pa_yazar-muhammed-mustafa-erkmen","12":"first","13":"instock","14":"sale","15":"shipping-taxable","16":"purchasable","17":"product-type-simple"},"_links":{"self":[{"href":"https:\/\/roveyayinevi.com.tr\/index.php\/wp-json\/wp\/v2\/product\/778670","targetHints":{"allow":["GET"]}}],"collection":[{"href":"https:\/\/roveyayinevi.com.tr\/index.php\/wp-json\/wp\/v2\/product"}],"about":[{"href":"https:\/\/roveyayinevi.com.tr\/index.php\/wp-json\/wp\/v2\/types\/product"}],"wp:attachment":[{"href":"https:\/\/roveyayinevi.com.tr\/index.php\/wp-json\/wp\/v2\/media?parent=778670"}],"wp:term":[{"taxonomy":"product_brand","embeddable":true,"href":"https:\/\/roveyayinevi.com.tr\/index.php\/wp-json\/wp\/v2\/product_brand?post=778670"},{"taxonomy":"product_cat","embeddable":true,"href":"https:\/\/roveyayinevi.com.tr\/index.php\/wp-json\/wp\/v2\/product_cat?post=778670"},{"taxonomy":"product_tag","embeddable":true,"href":"https:\/\/roveyayinevi.com.tr\/index.php\/wp-json\/wp\/v2\/product_tag?post=778670"}],"curies":[{"name":"wp","href":"https:\/\/api.w.org\/{rel}","templated":true}]}}