{"id":778669,"date":"2025-11-20T00:25:42","date_gmt":"2025-11-19T21:25:42","guid":{"rendered":"https:\/\/roveyayinevi.com.tr\/index.php\/urun\/fanusun-icindeki-cocuklar\/"},"modified":"2026-04-15T03:43:50","modified_gmt":"2026-04-15T00:43:50","slug":"fanusun-icindeki-cocuklar","status":"publish","type":"product","link":"https:\/\/roveyayinevi.com.tr\/index.php\/urun\/fanusun-icindeki-cocuklar\/","title":{"rendered":"Fanusun \u0130\u00e7indeki \u00c7ocuklar"},"content":{"rendered":"<p>HAYAL\u0130M\u0130ZDEK\u0130 VE HAYATIMIZDAK\u0130 \u00c7OCUKLARIMIZ \u201cFanusun \u0130\u00e7indeki \u00c7ocuklar\u201d ilham\u0131n\u0131, \u201cMutlu \u00c7ocuklar \u00c7a\u011f\u0131n\u0131n Sonu\u201d kitab\u0131mda oldu\u011fu gibi bir baban\u0131n, bir e\u011fitimcinin ve bir bilim insan\u0131n\u0131n, \u00e7ocuklara dair endi\u015felerinden, ulusal ve k\u00fcresel \u00f6l\u00e7ekteki ara\u015ft\u0131rma sonu\u00e7lar\u0131ndan, hayat\u0131n i\u00e7inden ve ger\u00e7ek insan hik\u00e2yelerinden alm\u0131\u015ft\u0131r. B\u00fct\u00fcn problemleri ebeveynleri taraf\u0131ndan \u00e7\u00f6z\u00fclen; ko\u015fmayan, terlemeyen, zorlanmayan; do\u011fadan, toplumdan ve ger\u00e7eklikten uzak b\u00fcy\u00fct\u00fclen; t\u00fcketirken t\u00fckenen, konforun i\u00e7erisinde yava\u015f yava\u015f solan \u00e7ocuklar\u0131n \u00e7\u0131\u011fl\u0131klar\u0131n\u0131 duyurma \u00e7abas\u0131 olarak g\u00f6rebilirsiniz; \u201cFanusun \u0130\u00e7indeki \u00c7ocuklar\u201d kitab\u0131n\u0131. Hem yazar hem de okurlar i\u00e7in \u00f6\u011frenme, anlama ve ke\u015ffetme yolculu\u011fudur asl\u0131nda bu eser. D\u00fcnyadan ge\u00e7ip gitmekte olan aciz bir adam\u0131n, ard\u0131nda g\u00fczel bir s\u00f6z ve g\u00fczel bir eser b\u0131rakma \u00e7abas\u0131d\u0131r. \u201cFanusun \u0130\u00e7indeki \u00c7ocuklar\u201d kitab\u0131n\u0131; \u00e7ocuklara dair endi\u015feleri olan bir baban\u0131n, bir \u00f6\u011fretmenin, bir akademisyenin; insanlar\u0131 derin uykular\u0131ndan uyand\u0131rma \u00e7abas\u0131 olarak d\u00fc\u015f\u00fcnebilirsiniz. Hakk\u0131yla ya\u015fanmam\u0131\u015f bir \u00e7ocuklu\u011fun telafisi m\u00fcmk\u00fcn de\u011fildir\u2026 <\/p>\n","protected":false},"excerpt":{"rendered":"<p>HAYAL\u0130M\u0130ZDEK\u0130 VE HAYATIMIZDAK\u0130 \u00c7OCUKLARIMIZ \u201cFanusun \u0130\u00e7indeki \u00c7ocuklar\u201d ilham\u0131n\u0131, \u201cMutlu \u00c7ocuklar \u00c7a\u011f\u0131n\u0131n Sonu\u201d kitab\u0131mda oldu\u011fu gibi bir baban\u0131n, bir e\u011fitimcinin ve bir bilim insan\u0131n\u0131n, \u00e7ocuklara dair endi\u015felerinden,<span class=\"excerpt-hellip\"> [\u2026]<\/span><\/p>\n","protected":false},"featured_media":0,"template":"","meta":{"_monsterinsights_skip_tracking":false,"_monsterinsights_sitenote_active":false,"_monsterinsights_sitenote_note":"","_monsterinsights_sitenote_category":0},"product_brand":[],"product_cat":[25175,12357],"product_tag":[],"class_list":{"0":"post-778669","1":"product","2":"type-product","3":"status-publish","5":"product_cat-egitim-psikolojisi","6":"product_cat-psikoloji","7":"pa_cilt-ciltsiz","8":"pa_tur-kitap","9":"pa_yayinevi-hayat-yayinlari","10":"pa_yazar-prof-dr-ozkan-sapsaglam","12":"first","13":"instock","14":"sale","15":"shipping-taxable","16":"purchasable","17":"product-type-simple"},"_links":{"self":[{"href":"https:\/\/roveyayinevi.com.tr\/index.php\/wp-json\/wp\/v2\/product\/778669","targetHints":{"allow":["GET"]}}],"collection":[{"href":"https:\/\/roveyayinevi.com.tr\/index.php\/wp-json\/wp\/v2\/product"}],"about":[{"href":"https:\/\/roveyayinevi.com.tr\/index.php\/wp-json\/wp\/v2\/types\/product"}],"wp:attachment":[{"href":"https:\/\/roveyayinevi.com.tr\/index.php\/wp-json\/wp\/v2\/media?parent=778669"}],"wp:term":[{"taxonomy":"product_brand","embeddable":true,"href":"https:\/\/roveyayinevi.com.tr\/index.php\/wp-json\/wp\/v2\/product_brand?post=778669"},{"taxonomy":"product_cat","embeddable":true,"href":"https:\/\/roveyayinevi.com.tr\/index.php\/wp-json\/wp\/v2\/product_cat?post=778669"},{"taxonomy":"product_tag","embeddable":true,"href":"https:\/\/roveyayinevi.com.tr\/index.php\/wp-json\/wp\/v2\/product_tag?post=778669"}],"curies":[{"name":"wp","href":"https:\/\/api.w.org\/{rel}","templated":true}]}}