{"id":778668,"date":"2025-11-20T00:25:40","date_gmt":"2025-11-19T21:25:40","guid":{"rendered":"https:\/\/roveyayinevi.com.tr\/index.php\/urun\/acil-para-lazim\/"},"modified":"2026-04-15T03:43:50","modified_gmt":"2026-04-15T00:43:50","slug":"acil-para-lazim","status":"publish","type":"product","link":"https:\/\/roveyayinevi.com.tr\/index.php\/urun\/acil-para-lazim\/","title":{"rendered":"Acil Para Laz\u0131m"},"content":{"rendered":"<p>KAZANMANIN YOL HAR\u0130TASI \u201cAbdullah Ya\u015far ile 25 y\u0131l \u00f6nce \u00fcniversitede \u00f6\u011frenci oldu\u011fu d\u00f6nemde tan\u0131\u015ft\u0131k. B\u00fcy\u00fck bir potansiyeli oldu\u011funu hissetmi\u015f ve i\u015f teklifinde bulunmu\u015ftum. T\u00fcrkiye\u2019nin d\u00f6rt bir yan\u0131n\u0131 birlikte dola\u015ft\u0131k. Markam\u0131z\u0131n tan\u0131nmas\u0131nda onun eme\u011fi, enerjisi ve zek\u00e2s\u0131 \u00e7ok b\u00fcy\u00fck rol oynad\u0131. Elinizde tuttu\u011funuz kitapta i\u015fte bu 25 y\u0131l\u0131n deneyimleri, hayat dersleri ve \u00e7ok de\u011ferli fikirler var. Ben okurken b\u00fcy\u00fck keyif ald\u0131m. Herkese tavsiye ederim.\u201d Davut DO\u011eAN, Do\u011fanlar Holding Y\u00f6netim Kurulu Ba\u015fkan\u0131 \u201cBug\u00fcnk\u00fc finansal piyasalar ve hatta dijital paralar \u00f6tesinde belki de yak\u0131nda para \u00f6tesi bir insan uygarl\u0131\u011f\u0131 ye\u015fermi\u015f olacak. Bu arada hayat\u0131m\u0131zda paraya dair olan biten her \u015feyi ve \u00e7ok daha \u00f6tesini Abdullah Ya\u015far yazd\u0131. Okumak laz\u0131m!\u201d Dr. Bahad\u0131r KALEA\u011eASI, Paris Bosphorus Enstit\u00fcs\u00fc Ba\u015fkan\u0131    \u201cAcil Para Laz\u0131m kitab\u0131 ile Abdullah Ya\u015far, zenginle\u015fme t\u00fcyosu satm\u0131yor. Sahici deneyimlerden s\u00fcz\u00fclen, disiplin, a\u011f, eylem ve f\u0131rsat g\u00f6rme ekseninde \u00f6r\u00fclm\u00fc\u015f pratik bir yol haritas\u0131 sunuyor. Anlat\u0131s\u0131; anekdotlar\u0131 bug\u00fcn\u00fcn i\u015f d\u00fcnyas\u0131yla zekice ba\u011flayarak hem g\u00fcl\u00fcmsetiyor hem de kafa \u00e7al\u0131\u015ft\u0131r\u0131yor.\u201d Akan ABDULA, FutureBright Kurucu Orta\u011f\u0131 \u201cUzun y\u0131llard\u0131r yak\u0131ndan tan\u0131d\u0131\u011f\u0131m ve s\u00fcrekli \u00fcretme azmine tan\u0131k oldu\u011fum Abdullah Ya\u015far bu eserinde, para kazanman\u0131n yaln\u0131zca bir yetenek de\u011fil, ayn\u0131 zamanda yeni yollar a\u00e7ma iradesi oldu\u011funu anlat\u0131yor. Y\u0131l\u0131n kitab\u0131 olmaya aday!\u201d  Dr. Ural AK\u00dcZ\u00dcM, Bilgi \u00dcniversitesi \u00d6\u011fretim \u00dcyesi   <\/p>\n","protected":false},"excerpt":{"rendered":"<p>KAZANMANIN YOL HAR\u0130TASI \u201cAbdullah Ya\u015far ile 25 y\u0131l \u00f6nce \u00fcniversitede \u00f6\u011frenci oldu\u011fu d\u00f6nemde tan\u0131\u015ft\u0131k. B\u00fcy\u00fck bir potansiyeli oldu\u011funu hissetmi\u015f ve i\u015f teklifinde bulunmu\u015ftum. T\u00fcrkiye\u2019nin d\u00f6rt bir<span class=\"excerpt-hellip\"> [\u2026]<\/span><\/p>\n","protected":false},"featured_media":0,"template":"","meta":{"_monsterinsights_skip_tracking":false,"_monsterinsights_sitenote_active":false,"_monsterinsights_sitenote_note":"","_monsterinsights_sitenote_category":0},"product_brand":[],"product_cat":[12364,16266],"product_tag":[],"class_list":{"0":"post-778668","1":"product","2":"type-product","3":"status-publish","5":"product_cat-genel-konular","6":"product_cat-referans-kaynak-kitap","7":"pa_cilt-ciltsiz","8":"pa_tur-kitap","9":"pa_yayinevi-hayat-yayinlari","10":"pa_yazar-abdullah-yasar","12":"first","13":"instock","14":"sale","15":"shipping-taxable","16":"purchasable","17":"product-type-simple"},"_links":{"self":[{"href":"https:\/\/roveyayinevi.com.tr\/index.php\/wp-json\/wp\/v2\/product\/778668","targetHints":{"allow":["GET"]}}],"collection":[{"href":"https:\/\/roveyayinevi.com.tr\/index.php\/wp-json\/wp\/v2\/product"}],"about":[{"href":"https:\/\/roveyayinevi.com.tr\/index.php\/wp-json\/wp\/v2\/types\/product"}],"wp:attachment":[{"href":"https:\/\/roveyayinevi.com.tr\/index.php\/wp-json\/wp\/v2\/media?parent=778668"}],"wp:term":[{"taxonomy":"product_brand","embeddable":true,"href":"https:\/\/roveyayinevi.com.tr\/index.php\/wp-json\/wp\/v2\/product_brand?post=778668"},{"taxonomy":"product_cat","embeddable":true,"href":"https:\/\/roveyayinevi.com.tr\/index.php\/wp-json\/wp\/v2\/product_cat?post=778668"},{"taxonomy":"product_tag","embeddable":true,"href":"https:\/\/roveyayinevi.com.tr\/index.php\/wp-json\/wp\/v2\/product_tag?post=778668"}],"curies":[{"name":"wp","href":"https:\/\/api.w.org\/{rel}","templated":true}]}}