{"id":778659,"date":"2025-11-20T00:25:15","date_gmt":"2025-11-19T21:25:15","guid":{"rendered":"https:\/\/roveyayinevi.com.tr\/index.php\/urun\/tek-cesitle-ziyafet\/"},"modified":"2026-04-15T03:43:49","modified_gmt":"2026-04-15T00:43:49","slug":"tek-cesitle-ziyafet","status":"publish","type":"product","link":"https:\/\/roveyayinevi.com.tr\/index.php\/urun\/tek-cesitle-ziyafet\/","title":{"rendered":"Tek \u00c7e\u015fitle Ziyafet"},"content":{"rendered":"<p>Osmanl\u0131 Saray Mutfa\u011f\u0131 Ba\u015f A\u015f\u00e7\u0131s\u0131 Zeno\u011flu Kara Mehmet Usta\u2019n\u0131n (B\u00fcy\u00fckbabamd\u0131r) notlar\u0131, kuzenim duayen Necip Usta\u2019n\u0131n deste\u011fi ile atalar\u0131mdan bana kalan aile miras\u0131 mutfak bilgi ve g\u00f6rg\u00fcm\u00fc kitaplar\u0131mla hizmetinize sunmak istedim. Pratik ve sa\u011fl\u0131kl\u0131 bir \u015fekilde beslenebilmek i\u00e7in, hatta keyifli ziyafetler verebilmek i\u00e7in bu kitab\u0131 okumal\u0131s\u0131n\u0131z. Otantik\/g\u00fcvenli ve haz\u0131rlamas\u0131 kolay yemekleri; endi\u015felenmeden, panik yapmadan mutfaktan keyif alman\u0131n s\u0131rlar\u0131n\u0131 bu kitapta bulacaks\u0131n\u0131z. G\u00fcnl\u00fck aile sofralar\u0131ndan ziyafet sofralar\u0131m\u0131za, hay\u0131r yemeklerimizden vejetaryen mutfak k\u00fclt\u00fcr\u00fcne, diyetli rahats\u0131zl\u0131klar\u0131 olanlar\u0131n ihtiya\u00e7lar\u0131ndan d\u00fcnyan\u0131n de\u011fi\u015fik mutfak k\u00fclt\u00fcrlerine uzanan lezzetli bir yolculuk bu sayfalar\u0131n aras\u0131nda sizi bekliyor. Ya\u015fam program\u0131n\u0131n \u00e7ekirde\u011fi aile, ailenin \u00e7ekirde\u011fi de mutfakt\u0131r. Bilginiz, ilginiz ve sevginizle pi\u015firdi\u011finiz a\u015flarla ailenizi, ziyafetlerinizle toplumu g\u00fc\u00e7lendirirsiniz. Enerjinizi ve bilgilerinizi a\u015flar\u0131n\u0131za do\u011fru bir \u015fekilde ak\u0131tman\u0131z dile\u011fiyle \u2018kolay gelsin\u2019, \u015fimdiden herkese afiyet olsun. <\/p>\n","protected":false},"excerpt":{"rendered":"<p>Osmanl\u0131 Saray Mutfa\u011f\u0131 Ba\u015f A\u015f\u00e7\u0131s\u0131 Zeno\u011flu Kara Mehmet Usta\u2019n\u0131n (B\u00fcy\u00fckbabamd\u0131r) notlar\u0131, kuzenim duayen Necip Usta\u2019n\u0131n deste\u011fi ile atalar\u0131mdan bana kalan aile miras\u0131 mutfak bilgi ve g\u00f6rg\u00fcm\u00fc<span class=\"excerpt-hellip\"> [\u2026]<\/span><\/p>\n","protected":false},"featured_media":0,"template":"","meta":{"_monsterinsights_skip_tracking":false,"_monsterinsights_sitenote_active":false,"_monsterinsights_sitenote_note":"","_monsterinsights_sitenote_category":0},"product_brand":[],"product_cat":[12457],"product_tag":[],"class_list":{"0":"post-778659","1":"product","2":"type-product","3":"status-publish","5":"product_cat-yemek-kitaplari","6":"pa_cilt-ciltsiz","7":"pa_tur-kitap","8":"pa_yayinevi-yitik-ulke-yayinlari","9":"pa_yazar-emine-nilgun-yurtsever","11":"first","12":"instock","13":"sale","14":"shipping-taxable","15":"purchasable","16":"product-type-simple"},"_links":{"self":[{"href":"https:\/\/roveyayinevi.com.tr\/index.php\/wp-json\/wp\/v2\/product\/778659","targetHints":{"allow":["GET"]}}],"collection":[{"href":"https:\/\/roveyayinevi.com.tr\/index.php\/wp-json\/wp\/v2\/product"}],"about":[{"href":"https:\/\/roveyayinevi.com.tr\/index.php\/wp-json\/wp\/v2\/types\/product"}],"wp:attachment":[{"href":"https:\/\/roveyayinevi.com.tr\/index.php\/wp-json\/wp\/v2\/media?parent=778659"}],"wp:term":[{"taxonomy":"product_brand","embeddable":true,"href":"https:\/\/roveyayinevi.com.tr\/index.php\/wp-json\/wp\/v2\/product_brand?post=778659"},{"taxonomy":"product_cat","embeddable":true,"href":"https:\/\/roveyayinevi.com.tr\/index.php\/wp-json\/wp\/v2\/product_cat?post=778659"},{"taxonomy":"product_tag","embeddable":true,"href":"https:\/\/roveyayinevi.com.tr\/index.php\/wp-json\/wp\/v2\/product_tag?post=778659"}],"curies":[{"name":"wp","href":"https:\/\/api.w.org\/{rel}","templated":true}]}}