{"id":778658,"date":"2025-11-20T00:25:13","date_gmt":"2025-11-19T21:25:13","guid":{"rendered":"https:\/\/roveyayinevi.com.tr\/index.php\/urun\/insan-nedir-9\/"},"modified":"2026-04-15T03:43:49","modified_gmt":"2026-04-15T00:43:49","slug":"insan-nedir-9","status":"publish","type":"product","link":"https:\/\/roveyayinevi.com.tr\/index.php\/urun\/insan-nedir-9\/","title":{"rendered":"\u0130nsan Nedir?"},"content":{"rendered":"<p>\u201cMark Twain ilk ger\u00e7ek Amerikal\u0131 yazar; ondan sonra gelen hepimiz, onun miras\u00e7\u0131lar\u0131y\u0131z.\u201d\u2013 William Faulkner Mark Twain, Amerikan edebiyat\u0131n\u0131n keskin zek\u00e2s\u0131 ve hiciv g\u00fcc\u00fcyle tan\u0131nan en \u00f6zg\u00fcn kalemlerinden biri. Mizah\u0131n ard\u0131na gizledi\u011fi felsefi sorgulamalarla Twain, yaln\u0131zca bir romanc\u0131 de\u011fil, ayn\u0131 zamanda bir d\u00fc\u015f\u00fcn\u00fcr oldu\u011funu da kan\u0131tlar. Bu kitapta, onun hiciv sanat\u0131ndaki ustal\u0131\u011f\u0131, insan\u0131n kendi i\u00e7 \u00e7eli\u015fkilerini a\u00e7\u0131\u011fa \u00e7\u0131karan so\u011fukkanl\u0131 bir bilgelikle birle\u015fir.Bir ihtiyarla bir gencin kar\u015f\u0131l\u0131kl\u0131 sohbeti bi\u00e7iminde ilerleyen \u0130nsan Nedir? insan\u0131n do\u011fas\u0131, d\u00fc\u015f\u00fcnme bi\u00e7imleri, \u00f6zg\u00fcr irade ve ahlak kavramlar\u0131n\u0131 tart\u0131\u015fmaya a\u00e7ar. Bilge ve alayc\u0131 Ya\u015fl\u0131 Adam\u2019\u0131n so\u011fukkanl\u0131 g\u00f6zlemleri, gen\u00e7 muhatab\u0131n\u0131n heyecanl\u0131 itirazlar\u0131yla \u00e7at\u0131\u015f\u0131r. Ancak bu fikir al\u0131\u015fveri\u015fi ilerledik\u00e7e sorular\u0131n yan\u0131tlar\u0131ndan \u00e7ok, yan\u0131tlar\u0131n do\u011fas\u0131 sorgulan\u0131r h\u00e2le gelir.Twain, Sokratik diyalog gelene\u011fini and\u0131ran bu eserinde, okuru yaln\u0131zca bir tan\u0131k de\u011fil, ayn\u0131 zamanda d\u00fc\u015f\u00fcnsel bir kat\u0131l\u0131mc\u0131 h\u00e2line getirir. \u0130nsan Nedir? insan\u0131n ak\u0131l y\u00fcr\u00fctme yetisini, inan\u00e7lar\u0131n\u0131 ve kendine dair yan\u0131lg\u0131lar\u0131n\u0131 yeniden de\u011ferlendirmek isteyen herkes i\u00e7in zamans\u0131z bir davet.<\/p>\n","protected":false},"excerpt":{"rendered":"<p>\u201cMark Twain ilk ger\u00e7ek Amerikal\u0131 yazar; ondan sonra gelen hepimiz, onun miras\u00e7\u0131lar\u0131y\u0131z.\u201d\u2013 William Faulkner Mark Twain, Amerikan edebiyat\u0131n\u0131n keskin zek\u00e2s\u0131 ve hiciv g\u00fcc\u00fcyle tan\u0131nan en \u00f6zg\u00fcn<span class=\"excerpt-hellip\"> [\u2026]<\/span><\/p>\n","protected":false},"featured_media":0,"template":"","meta":{"_monsterinsights_skip_tracking":false,"_monsterinsights_sitenote_active":false,"_monsterinsights_sitenote_note":"","_monsterinsights_sitenote_category":0},"product_brand":[],"product_cat":[12388],"product_tag":[],"class_list":{"0":"post-778658","1":"product","2":"type-product","3":"status-publish","5":"product_cat-felsefe","6":"pa_cilt-ciltsiz","7":"pa_tur-kitap","8":"pa_yayinevi-ithaki-yayinlari","9":"pa_yazar-mark-twain","11":"first","12":"instock","13":"sale","14":"shipping-taxable","15":"purchasable","16":"product-type-simple"},"_links":{"self":[{"href":"https:\/\/roveyayinevi.com.tr\/index.php\/wp-json\/wp\/v2\/product\/778658","targetHints":{"allow":["GET"]}}],"collection":[{"href":"https:\/\/roveyayinevi.com.tr\/index.php\/wp-json\/wp\/v2\/product"}],"about":[{"href":"https:\/\/roveyayinevi.com.tr\/index.php\/wp-json\/wp\/v2\/types\/product"}],"wp:attachment":[{"href":"https:\/\/roveyayinevi.com.tr\/index.php\/wp-json\/wp\/v2\/media?parent=778658"}],"wp:term":[{"taxonomy":"product_brand","embeddable":true,"href":"https:\/\/roveyayinevi.com.tr\/index.php\/wp-json\/wp\/v2\/product_brand?post=778658"},{"taxonomy":"product_cat","embeddable":true,"href":"https:\/\/roveyayinevi.com.tr\/index.php\/wp-json\/wp\/v2\/product_cat?post=778658"},{"taxonomy":"product_tag","embeddable":true,"href":"https:\/\/roveyayinevi.com.tr\/index.php\/wp-json\/wp\/v2\/product_tag?post=778658"}],"curies":[{"name":"wp","href":"https:\/\/api.w.org\/{rel}","templated":true}]}}