{"id":778655,"date":"2025-11-20T00:25:05","date_gmt":"2025-11-19T21:25:05","guid":{"rendered":"https:\/\/roveyayinevi.com.tr\/index.php\/urun\/wildwood-tarot\/"},"modified":"2026-04-15T03:43:49","modified_gmt":"2026-04-15T00:43:49","slug":"wildwood-tarot","status":"publish","type":"product","link":"https:\/\/roveyayinevi.com.tr\/index.php\/urun\/wildwood-tarot\/","title":{"rendered":"Wildwood Tarot"},"content":{"rendered":"<p>Yaban orman\u0131 Wildwood\u2019a ad\u0131m att\u0131\u011f\u0131n\u0131zda, sizi efsaneler ve tabiat\u0131n i\u00e7 i\u00e7e ge\u00e7ti\u011fi bir \u00e2lem kar\u015f\u0131lar\u2026 Sadeli\u011fin ve derin anlay\u0131\u015f\u0131n h\u00fck\u00fcm s\u00fcrd\u00fc\u011f\u00fc bir diyard\u0131r buras\u0131. As\u0131rl\u0131k a\u011fa\u00e7lar\u0131n aras\u0131nda y\u00fcr\u00fcmek, bizi eskiden oldu\u011fumuz h\u00e2le \u2013atalar\u0131m\u0131zla olan ba\u011flar\u0131m\u0131z\u0131n soludu\u011fumuz hava kadar do\u011fal oldu\u011fu vakitlere\u2013 g\u00f6t\u00fcren bir zaman yolculu\u011fudur. \u0130nsan ruhunu b\u00f6ylesine derinden sarsan pek az \u015fey vard\u0131r\u2026WILDWOOD TAROT\u2019da Mark Ryan ve John Matthews bizleri Ye\u015fil Adam ve Ye\u015fil Kad\u0131n\u2019la, Ok\u00e7u\u2019yla, Orman Bek\u00e7isi\u2019yle, Y\u0131ld\u0131r\u0131m \u00c7arpm\u0131\u015f Me\u015fe gibi kadim orman tasvirleriyle tan\u0131\u015ft\u0131r\u0131r. \u015eahin, Tav\u015fan ve Kurt gibi bir vakitler bizlerle ormanda yolda\u015f olmu\u015f ve h\u00e2len ruhlar\u0131 yank\u0131lanmakta olan hayvan sembolleri de bu \u00e2leme dahildir. Will Worthington\u2019\u0131n canl\u0131 ve derinlikli tasvirleri, bu d\u00fcnyay\u0131 yeniden canland\u0131r\u0131r ve yaban orman\u0131n\u0131n kudretini ve b\u00fcy\u00fcs\u00fcn\u00fc hissetmemizi sa\u011flar. WILDWOOD TAROT, Kelt \u00f6ncesi mitolojiden, \u015faman hikmeti ve orman bilgeli\u011fiyle yo\u011frulmu\u015f bir inan\u00e7 sisteminden ilham al\u0131r. Kadim \u00e7a\u011flar\u0131n mevsimsel ritimlerinden ve bayramlar\u0131ndan yola \u00e7\u0131karak bizi unutulmu\u015f bir d\u00fcnya ile yeniden ba\u011f kurmaya davet eder. Bu \u00f6yle bir d\u00fcnyad\u0131r ki i\u00e7inde ya\u015fad\u0131\u011f\u0131m\u0131z zaman\u0131 \u00e7ok daha derinden anlamland\u0131rmam\u0131z\u0131 da m\u00fcmk\u00fcn k\u0131lar.<\/p>\n","protected":false},"excerpt":{"rendered":"<p>Yaban orman\u0131 Wildwood\u2019a ad\u0131m att\u0131\u011f\u0131n\u0131zda, sizi efsaneler ve tabiat\u0131n i\u00e7 i\u00e7e ge\u00e7ti\u011fi bir \u00e2lem kar\u015f\u0131lar\u2026 Sadeli\u011fin ve derin anlay\u0131\u015f\u0131n h\u00fck\u00fcm s\u00fcrd\u00fc\u011f\u00fc bir diyard\u0131r buras\u0131. As\u0131rl\u0131k a\u011fa\u00e7lar\u0131n<span class=\"excerpt-hellip\"> [\u2026]<\/span><\/p>\n","protected":false},"featured_media":0,"template":"","meta":{"_monsterinsights_skip_tracking":false,"_monsterinsights_sitenote_active":false,"_monsterinsights_sitenote_note":"","_monsterinsights_sitenote_category":0},"product_brand":[],"product_cat":[18082,15563],"product_tag":[],"class_list":{"0":"post-778655","1":"product","2":"type-product","3":"status-publish","5":"product_cat-astroloji-fal-ruya","6":"product_cat-hobi","7":"pa_cilt-ciltsiz","8":"pa_tur-kitap","9":"pa_yayinevi-butik-yayinlari","10":"pa_yazar-mark-ryan-john-mattehws","12":"first","13":"instock","14":"sale","15":"shipping-taxable","16":"purchasable","17":"product-type-simple"},"_links":{"self":[{"href":"https:\/\/roveyayinevi.com.tr\/index.php\/wp-json\/wp\/v2\/product\/778655","targetHints":{"allow":["GET"]}}],"collection":[{"href":"https:\/\/roveyayinevi.com.tr\/index.php\/wp-json\/wp\/v2\/product"}],"about":[{"href":"https:\/\/roveyayinevi.com.tr\/index.php\/wp-json\/wp\/v2\/types\/product"}],"wp:attachment":[{"href":"https:\/\/roveyayinevi.com.tr\/index.php\/wp-json\/wp\/v2\/media?parent=778655"}],"wp:term":[{"taxonomy":"product_brand","embeddable":true,"href":"https:\/\/roveyayinevi.com.tr\/index.php\/wp-json\/wp\/v2\/product_brand?post=778655"},{"taxonomy":"product_cat","embeddable":true,"href":"https:\/\/roveyayinevi.com.tr\/index.php\/wp-json\/wp\/v2\/product_cat?post=778655"},{"taxonomy":"product_tag","embeddable":true,"href":"https:\/\/roveyayinevi.com.tr\/index.php\/wp-json\/wp\/v2\/product_tag?post=778655"}],"curies":[{"name":"wp","href":"https:\/\/api.w.org\/{rel}","templated":true}]}}