{"id":778654,"date":"2025-11-20T00:25:03","date_gmt":"2025-11-19T21:25:03","guid":{"rendered":"https:\/\/roveyayinevi.com.tr\/index.php\/urun\/haz-tuzagi\/"},"modified":"2026-04-08T03:40:15","modified_gmt":"2026-04-08T00:40:15","slug":"haz-tuzagi","status":"publish","type":"product","link":"https:\/\/roveyayinevi.com.tr\/index.php\/urun\/haz-tuzagi\/","title":{"rendered":"Haz Tuza\u011f\u0131"},"content":{"rendered":"<p>\u201cNicklas Brendborg yayg\u0131n efsaneleri bir bir \u00e7\u00fcr\u00fct\u00fcyor.\u201d\u2014 New ScientistModern toplum; obezite, rekor seviyelerde yaln\u0131zl\u0131k, artan ruh sa\u011fl\u0131\u011f\u0131 sorunlar\u0131 ve \u00e7e\u015fitli ba\u011f\u0131ml\u0131l\u0131k t\u00fcrleri gibi sa\u011fl\u0131k krizleriyle bo\u011fu\u015fuyor. D\u0131\u015far\u0131dan bak\u0131ld\u0131\u011f\u0131nda bu sorunlar birbirinden ba\u011f\u0131ms\u0131zm\u0131\u015f gibi g\u00f6r\u00fcnebilir. Ancak hepsini birbirine ba\u011flayan tek bir olgu var: s\u00fcper uyaranlar.S\u00fcper uyaranlar; besin, cinsellik ve toplumsal tan\u0131nma gibi evrimsel olarak ihtiya\u00e7 duydu\u011fumuz \u015feylerin abart\u0131lm\u0131\u015f ve yapay versiyonlar\u0131d\u0131r. \u0130\u015fte bu evrimsel kodlar\u0131m\u0131z y\u00fcz\u00fcnden, a\u015f\u0131r\u0131 i\u015flenmi\u015f sahte yiyeceklere y\u00f6neliyoruz, \u00e7evrim i\u00e7i ortamda filtrelenmi\u015f insanlara, kurgulanm\u0131\u015f g\u00f6r\u00fcnt\u00fclere hayranl\u0131k duyuyoruz ve sosyal medyada gezinmeyi b\u0131rakam\u0131yoruz&#8230; bizi k\u00f6t\u00fc hissettirse bile.Bu kontrols\u00fczl\u00fc\u011f\u00fcm\u00fcz zay\u0131fl\u0131\u011f\u0131m\u0131zdan kaynaklanm\u0131yor. Aksine, b\u00fcy\u00fck \u015firketlerin milyarlar harcayarak k\u00e2r u\u011fruna biyolojimizi manip\u00fcle etmelerinden kaynaklan\u0131yor. Sonu\u00e7 ne mi? Sa\u011fl\u0131ks\u0131z ve mutsuz bir ya\u015fam.Haz Tuza\u011f\u0131, do\u011fam\u0131z\u0131 ele ge\u00e7iren bu s\u00fcper uyaranlara kar\u015f\u0131 nas\u0131l direnebilece\u011fimizi, bu tuzaklar\u0131 nas\u0131l fark edece\u011fimizi, k\u00f6t\u00fc al\u0131\u015fkanl\u0131klar\u0131m\u0131z\u0131 nas\u0131l kontrol alt\u0131na alabilece\u011fimizi g\u00f6zler \u00f6n\u00fcne seriyor. Daha sa\u011fl\u0131kl\u0131, daha uzun bir ya\u015fam i\u00e7in biyolojik fark\u0131ndal\u0131kla at\u0131lacak ilk ad\u0131m bu kitapta.Nicklas Brendborg, Danimarkal\u0131 bir bilim insan\u0131 ve yazard\u0131r. Uluslararas\u0131 \u00e7apta b\u00fcy\u00fck ilgi g\u00f6ren ve 30\u2019dan fazla dile \u00e7evrilen Ebedi Gen\u00e7lik P\u0131nar\u0131 adl\u0131 eseri, prestijli Royal Society Bilim Kitab\u0131 \u00d6d\u00fcl\u00fc\u2019ne aday g\u00f6sterilen eserler aras\u0131nda yer alm\u0131\u015ft\u0131r. Brendborg, Kopenhag \u00dcniversitesi\u2019nden molek\u00fcler biyomedikal bilimler ve biyoteknoloji alanlar\u0131nda lisans ve y\u00fcksek lisans derecelerine sahiptir. \u015eu anda molek\u00fcler biyoloji alan\u0131nda doktora \u00e7al\u0131\u015fmalar\u0131n\u0131 s\u00fcrd\u00fcrmektedir. Haz Tuza\u011f\u0131, 2023 y\u0131l\u0131nda Danimarka\u2019da \u00e7ok satanlar listesine girmi\u015ftir ve d\u00fcnya genelinde bir\u00e7ok dile \u00e7evrilmektedir.<\/p>\n","protected":false},"excerpt":{"rendered":"<p>\u201cNicklas Brendborg yayg\u0131n efsaneleri bir bir \u00e7\u00fcr\u00fct\u00fcyor.\u201d\u2014 New ScientistModern toplum; obezite, rekor seviyelerde yaln\u0131zl\u0131k, artan ruh sa\u011fl\u0131\u011f\u0131 sorunlar\u0131 ve \u00e7e\u015fitli ba\u011f\u0131ml\u0131l\u0131k t\u00fcrleri gibi sa\u011fl\u0131k krizleriyle bo\u011fu\u015fuyor.<span class=\"excerpt-hellip\"> [\u2026]<\/span><\/p>\n","protected":false},"featured_media":0,"template":"","meta":{"_monsterinsights_skip_tracking":false,"_monsterinsights_sitenote_active":false,"_monsterinsights_sitenote_note":"","_monsterinsights_sitenote_category":0},"product_brand":[],"product_cat":[12364,12376],"product_tag":[],"class_list":{"0":"post-778654","1":"product","2":"type-product","3":"status-publish","5":"product_cat-genel-konular","6":"product_cat-kisisel-gelisim","7":"pa_cilt-ciltsiz","8":"pa_tur-kitap","9":"pa_yayinevi-butik-yayinlari","10":"pa_yazar-nicklas-brendborg","12":"first","13":"instock","14":"sale","15":"shipping-taxable","16":"purchasable","17":"product-type-simple"},"_links":{"self":[{"href":"https:\/\/roveyayinevi.com.tr\/index.php\/wp-json\/wp\/v2\/product\/778654","targetHints":{"allow":["GET"]}}],"collection":[{"href":"https:\/\/roveyayinevi.com.tr\/index.php\/wp-json\/wp\/v2\/product"}],"about":[{"href":"https:\/\/roveyayinevi.com.tr\/index.php\/wp-json\/wp\/v2\/types\/product"}],"wp:attachment":[{"href":"https:\/\/roveyayinevi.com.tr\/index.php\/wp-json\/wp\/v2\/media?parent=778654"}],"wp:term":[{"taxonomy":"product_brand","embeddable":true,"href":"https:\/\/roveyayinevi.com.tr\/index.php\/wp-json\/wp\/v2\/product_brand?post=778654"},{"taxonomy":"product_cat","embeddable":true,"href":"https:\/\/roveyayinevi.com.tr\/index.php\/wp-json\/wp\/v2\/product_cat?post=778654"},{"taxonomy":"product_tag","embeddable":true,"href":"https:\/\/roveyayinevi.com.tr\/index.php\/wp-json\/wp\/v2\/product_tag?post=778654"}],"curies":[{"name":"wp","href":"https:\/\/api.w.org\/{rel}","templated":true}]}}