{"id":778653,"date":"2025-11-20T00:25:01","date_gmt":"2025-11-19T21:25:01","guid":{"rendered":"https:\/\/roveyayinevi.com.tr\/index.php\/urun\/finansal-ozgurluge-giden-yol\/"},"modified":"2026-04-15T03:43:48","modified_gmt":"2026-04-15T00:43:48","slug":"finansal-ozgurluge-giden-yol","status":"publish","type":"product","link":"https:\/\/roveyayinevi.com.tr\/index.php\/urun\/finansal-ozgurluge-giden-yol\/","title":{"rendered":"Finansal \u00d6zg\u00fcrl\u00fc\u011fe Giden Yol"},"content":{"rendered":"<p>Hayalindeki hayat\u0131 kurmak i\u00e7in bir milyon sebebin var. Peki ya ilk milyonunu kazanmak i\u00e7in? Milyoner olmak sand\u0131\u011f\u0131ndan kolay olabilir. \u0130lgini \u00e7ekti de\u011fil mi? O zaman okumaya ba\u015flayabilirsin\u2026 Bodo Sch\u00e4fer, Finansal \u00d6zg\u00fcrl\u00fc\u011fe Giden Yol kitab\u0131nda hepimize rahat, g\u00fcvenli, bolluk dolu, finansal olarak \u00f6zg\u00fcr bir hayata ula\u015fman\u0131n hi\u00e7 de uzak olmad\u0131\u011f\u0131n\u0131 g\u00f6steriyor. Bu kitapta s\u0131k\u0131c\u0131 ekonomi teorileri yerine kolay anla\u015f\u0131l\u0131r tavsiyeler, ilham veren hik\u00e2yeler ve hemen uygulanabilecek ad\u0131mlar var.Bor\u00e7lardan kurtulmak, para biriktirmek ve yat\u0131r\u0131mlarla gelece\u011fini g\u00fcvenceye almak art\u0131k senin elinde. K\u00fc\u00e7\u00fck ama d\u00fczenli ad\u0131mlarla, kendi servetini in\u015fa etmeye ba\u015flayabilirsin.   \u201cSon 10 y\u0131l\u0131n en \u00f6nemli ko\u00e7u.\u201d COSMOPOLITAN \u201c\u015eimdiye kadar yaz\u0131lanlar\u0131n hepsi, yaln\u0131zca hocalar\u0131n hocas\u0131 Bodo Sch\u00e4fer\u2019den yap\u0131lan birer al\u0131nt\u0131.\u201d Frankfurter Allgemeine \u201c\u2026 kendi geleceklerini kurmak isteyenler i\u00e7in ger\u00e7ek bir y\u00fcreklendirme.\u201d RTL   <\/p>\n","protected":false},"excerpt":{"rendered":"<p>Hayalindeki hayat\u0131 kurmak i\u00e7in bir milyon sebebin var. Peki ya ilk milyonunu kazanmak i\u00e7in? Milyoner olmak sand\u0131\u011f\u0131ndan kolay olabilir. \u0130lgini \u00e7ekti de\u011fil mi? O zaman okumaya<span class=\"excerpt-hellip\"> [\u2026]<\/span><\/p>\n","protected":false},"featured_media":0,"template":"","meta":{"_monsterinsights_skip_tracking":false,"_monsterinsights_sitenote_active":false,"_monsterinsights_sitenote_note":"","_monsterinsights_sitenote_category":0},"product_brand":[],"product_cat":[17249,13043],"product_tag":[],"class_list":{"0":"post-778653","1":"product","2":"type-product","3":"status-publish","5":"product_cat-borsa-finans","6":"product_cat-ekonomi","7":"pa_cilt-ciltsiz","8":"pa_tur-kitap","9":"pa_yayinevi-butik-yayinlari","10":"pa_yazar-nicklas-brendborg","12":"first","13":"instock","14":"sale","15":"shipping-taxable","16":"purchasable","17":"product-type-simple"},"_links":{"self":[{"href":"https:\/\/roveyayinevi.com.tr\/index.php\/wp-json\/wp\/v2\/product\/778653","targetHints":{"allow":["GET"]}}],"collection":[{"href":"https:\/\/roveyayinevi.com.tr\/index.php\/wp-json\/wp\/v2\/product"}],"about":[{"href":"https:\/\/roveyayinevi.com.tr\/index.php\/wp-json\/wp\/v2\/types\/product"}],"wp:attachment":[{"href":"https:\/\/roveyayinevi.com.tr\/index.php\/wp-json\/wp\/v2\/media?parent=778653"}],"wp:term":[{"taxonomy":"product_brand","embeddable":true,"href":"https:\/\/roveyayinevi.com.tr\/index.php\/wp-json\/wp\/v2\/product_brand?post=778653"},{"taxonomy":"product_cat","embeddable":true,"href":"https:\/\/roveyayinevi.com.tr\/index.php\/wp-json\/wp\/v2\/product_cat?post=778653"},{"taxonomy":"product_tag","embeddable":true,"href":"https:\/\/roveyayinevi.com.tr\/index.php\/wp-json\/wp\/v2\/product_tag?post=778653"}],"curies":[{"name":"wp","href":"https:\/\/api.w.org\/{rel}","templated":true}]}}